
{"id":9144,"date":"2023-05-24T09:37:31","date_gmt":"2023-05-24T01:37:31","guid":{"rendered":"http:\/\/75.webs.svipwebs.com\/?post_type=product&#038;p=9144"},"modified":"2023-05-24T09:37:32","modified_gmt":"2023-05-24T01:37:32","slug":"fold-pak-noodle-box-with-wire","status":"publish","type":"product","link":"https:\/\/www.wellongpack.com\/pl\/produkt\/fold-pak-noodle-box-with-wire\/","title":{"rendered":"Sk\u0142adane pude\u0142ko na makaron z drutem"},"content":{"rendered":"","protected":false},"excerpt":{"rendered":"<p>Pojemnik ten jest popularny w chi\u0144skich \/ azjatyckich restauracjach, ale mo\u017ce by\u0107 u\u017cywany do prawie wszystkich produkt\u00f3w. Jego odporne na przeciekanie i t\u0142uszcz opakowanie utrzymuje \u015bwie\u017co\u015b\u0107 gor\u0105cej, zimnej, mokrej lub suchej \u017cywno\u015bci. Wygodna, jednocz\u0119\u015bciowa konstrukcja tego pojemnika utrzymuje \u015bwie\u017co\u015b\u0107 poprzez zatrzymywanie ciep\u0142a i odprowadzanie pary. Druciany uchwyt u\u0142atwia przenoszenie pojemnika.<\/p>","protected":false},"featured_media":9145,"comment_status":"open","ping_status":"closed","template":"","meta":[],"product_cat":[106],"product_tag":[],"class_list":["post-9144","product","type-product","status-publish","has-post-thumbnail","hentry","product_cat-noodle-box"],"_links":{"self":[{"href":"https:\/\/www.wellongpack.com\/pl\/wp-json\/wp\/v2\/product\/9144","targetHints":{"allow":["GET"]}}],"collection":[{"href":"https:\/\/www.wellongpack.com\/pl\/wp-json\/wp\/v2\/product"}],"about":[{"href":"https:\/\/www.wellongpack.com\/pl\/wp-json\/wp\/v2\/types\/product"}],"replies":[{"embeddable":true,"href":"https:\/\/www.wellongpack.com\/pl\/wp-json\/wp\/v2\/comments?post=9144"}],"version-history":[{"count":1,"href":"https:\/\/www.wellongpack.com\/pl\/wp-json\/wp\/v2\/product\/9144\/revisions"}],"predecessor-version":[{"id":9151,"href":"https:\/\/www.wellongpack.com\/pl\/wp-json\/wp\/v2\/product\/9144\/revisions\/9151"}],"wp:featuredmedia":[{"embeddable":true,"href":"https:\/\/www.wellongpack.com\/pl\/wp-json\/wp\/v2\/media\/9145"}],"wp:attachment":[{"href":"https:\/\/www.wellongpack.com\/pl\/wp-json\/wp\/v2\/media?parent=9144"}],"wp:term":[{"taxonomy":"product_cat","embeddable":true,"href":"https:\/\/www.wellongpack.com\/pl\/wp-json\/wp\/v2\/product_cat?post=9144"},{"taxonomy":"product_tag","embeddable":true,"href":"https:\/\/www.wellongpack.com\/pl\/wp-json\/wp\/v2\/product_tag?post=9144"}],"curies":[{"name":"wp","href":"https:\/\/api.w.org\/{rel}","templated":true}]}}