
{"id":9139,"date":"2023-05-24T09:36:06","date_gmt":"2023-05-24T01:36:06","guid":{"rendered":"http:\/\/75.webs.svipwebs.com\/?post_type=product&#038;p=9139"},"modified":"2023-05-24T09:36:09","modified_gmt":"2023-05-24T01:36:09","slug":"hamburger-box-2","status":"publish","type":"product","link":"https:\/\/www.wellongpack.com\/pl\/produkt\/hamburger-box-2\/","title":{"rendered":"Pude\u0142ko na hamburgery"},"content":{"rendered":"","protected":false},"excerpt":{"rendered":"<p>To kwadratowe pude\u0142ko na wynos typu clamshell zosta\u0142o zaprojektowane do transportu \u017cywno\u015bci bez utraty jako\u015bci. Dzi\u0119ki wielu opcjom zastosowania, to pude\u0142ko na wynos jest idealne dla r\u00f3\u017cnych restauracji, sto\u0142\u00f3wek, a nawet imprez cateringowych. Konstrukcja z papieru kraft jest odporna zar\u00f3wno na t\u0142uszcz, jak i wilgo\u0107, dzi\u0119ki czemu nie powoduje ba\u0142aganu podczas transportu.<\/p>","protected":false},"featured_media":9140,"comment_status":"open","ping_status":"closed","template":"","meta":[],"product_cat":[104],"product_tag":[],"class_list":["post-9139","product","type-product","status-publish","has-post-thumbnail","hentry","product_cat-paper-take-out-box"],"_links":{"self":[{"href":"https:\/\/www.wellongpack.com\/pl\/wp-json\/wp\/v2\/product\/9139","targetHints":{"allow":["GET"]}}],"collection":[{"href":"https:\/\/www.wellongpack.com\/pl\/wp-json\/wp\/v2\/product"}],"about":[{"href":"https:\/\/www.wellongpack.com\/pl\/wp-json\/wp\/v2\/types\/product"}],"replies":[{"embeddable":true,"href":"https:\/\/www.wellongpack.com\/pl\/wp-json\/wp\/v2\/comments?post=9139"}],"version-history":[{"count":1,"href":"https:\/\/www.wellongpack.com\/pl\/wp-json\/wp\/v2\/product\/9139\/revisions"}],"predecessor-version":[{"id":9143,"href":"https:\/\/www.wellongpack.com\/pl\/wp-json\/wp\/v2\/product\/9139\/revisions\/9143"}],"wp:featuredmedia":[{"embeddable":true,"href":"https:\/\/www.wellongpack.com\/pl\/wp-json\/wp\/v2\/media\/9140"}],"wp:attachment":[{"href":"https:\/\/www.wellongpack.com\/pl\/wp-json\/wp\/v2\/media?parent=9139"}],"wp:term":[{"taxonomy":"product_cat","embeddable":true,"href":"https:\/\/www.wellongpack.com\/pl\/wp-json\/wp\/v2\/product_cat?post=9139"},{"taxonomy":"product_tag","embeddable":true,"href":"https:\/\/www.wellongpack.com\/pl\/wp-json\/wp\/v2\/product_tag?post=9139"}],"curies":[{"name":"wp","href":"https:\/\/api.w.org\/{rel}","templated":true}]}}