
{"id":9127,"date":"2023-05-24T09:33:38","date_gmt":"2023-05-24T01:33:38","guid":{"rendered":"http:\/\/75.webs.svipwebs.com\/?post_type=product&#038;p=9127"},"modified":"2023-05-24T09:33:39","modified_gmt":"2023-05-24T01:33:39","slug":"suchi-box","status":"publish","type":"product","link":"https:\/\/www.wellongpack.com\/pl\/produkt\/suchi-box\/","title":{"rendered":"Pude\u0142ko Suchi"},"content":{"rendered":"","protected":false},"excerpt":{"rendered":"<p>Te czarne, b\u0142yszcz\u0105ce pude\u0142ka na sushi to idealne rozwi\u0105zanie! Te wyj\u0105tkowe tekturowe pude\u0142ka s\u0105 sk\u0142adane, dzi\u0119ki czemu nie zajmuj\u0105 du\u017co miejsca podczas przechowywania. Posiadaj\u0105 one g\u00f3rne przezroczyste okienka, kt\u00f3re pozwalaj\u0105 wyeksponowa\u0107 sushi lub produkty spo\u017cywcze umieszczone w \u015brodku. Te pude\u0142ka na sushi maj\u0105 r\u00f3wnie\u017c unikalny p\u0142aski otwierany prz\u00f3d u\u0142atwiaj\u0105cy \u0142adowanie i jedzenie sushi. Pude\u0142ka maj\u0105 bia\u0142e wn\u0119trze z pow\u0142ok\u0105 odporn\u0105 na wilgo\u0107 i t\u0142uszcz, aby zapobiec wyciekaniu \u017cywno\u015bci podczas transportu.<\/p>","protected":false},"featured_media":9128,"comment_status":"open","ping_status":"closed","template":"","meta":[],"product_cat":[105],"product_tag":[],"class_list":["post-9127","product","type-product","status-publish","has-post-thumbnail","hentry","product_cat-fast-food-box"],"_links":{"self":[{"href":"https:\/\/www.wellongpack.com\/pl\/wp-json\/wp\/v2\/product\/9127","targetHints":{"allow":["GET"]}}],"collection":[{"href":"https:\/\/www.wellongpack.com\/pl\/wp-json\/wp\/v2\/product"}],"about":[{"href":"https:\/\/www.wellongpack.com\/pl\/wp-json\/wp\/v2\/types\/product"}],"replies":[{"embeddable":true,"href":"https:\/\/www.wellongpack.com\/pl\/wp-json\/wp\/v2\/comments?post=9127"}],"version-history":[{"count":1,"href":"https:\/\/www.wellongpack.com\/pl\/wp-json\/wp\/v2\/product\/9127\/revisions"}],"predecessor-version":[{"id":9131,"href":"https:\/\/www.wellongpack.com\/pl\/wp-json\/wp\/v2\/product\/9127\/revisions\/9131"}],"wp:featuredmedia":[{"embeddable":true,"href":"https:\/\/www.wellongpack.com\/pl\/wp-json\/wp\/v2\/media\/9128"}],"wp:attachment":[{"href":"https:\/\/www.wellongpack.com\/pl\/wp-json\/wp\/v2\/media?parent=9127"}],"wp:term":[{"taxonomy":"product_cat","embeddable":true,"href":"https:\/\/www.wellongpack.com\/pl\/wp-json\/wp\/v2\/product_cat?post=9127"},{"taxonomy":"product_tag","embeddable":true,"href":"https:\/\/www.wellongpack.com\/pl\/wp-json\/wp\/v2\/product_tag?post=9127"}],"curies":[{"name":"wp","href":"https:\/\/api.w.org\/{rel}","templated":true}]}}