
{"id":9117,"date":"2023-05-24T09:30:01","date_gmt":"2023-05-24T01:30:01","guid":{"rendered":"http:\/\/75.webs.svipwebs.com\/?post_type=product&#038;p=9117"},"modified":"2023-05-24T09:30:02","modified_gmt":"2023-05-24T01:30:02","slug":"lunch-box4","status":"publish","type":"product","link":"https:\/\/www.wellongpack.com\/pl\/produkt\/lunch-box4\/","title":{"rendered":"lunch box4"},"content":{"rendered":"","protected":false},"excerpt":{"rendered":"<p>Wykonany z wytrzyma\u0142ej tektury, ten ekologiczny pojemnik na wynos jest odporny na przeci\u0119cia i przeciekanie, umo\u017cliwiaj\u0105c bezproblemowe wysy\u0142anie da\u0144 zawieraj\u0105cych sosy i sosy. Kompatybilny z gor\u0105cymi i zimnymi potrawami, pojemnik ten oferuje umiarkowan\u0105 tolerancj\u0119 na ciep\u0142o i zatrzymuje ciep\u0142o.<\/p>","protected":false},"featured_media":9118,"comment_status":"open","ping_status":"closed","template":"","meta":[],"product_cat":[105],"product_tag":[],"class_list":["post-9117","product","type-product","status-publish","has-post-thumbnail","hentry","product_cat-fast-food-box"],"_links":{"self":[{"href":"https:\/\/www.wellongpack.com\/pl\/wp-json\/wp\/v2\/product\/9117","targetHints":{"allow":["GET"]}}],"collection":[{"href":"https:\/\/www.wellongpack.com\/pl\/wp-json\/wp\/v2\/product"}],"about":[{"href":"https:\/\/www.wellongpack.com\/pl\/wp-json\/wp\/v2\/types\/product"}],"replies":[{"embeddable":true,"href":"https:\/\/www.wellongpack.com\/pl\/wp-json\/wp\/v2\/comments?post=9117"}],"version-history":[{"count":1,"href":"https:\/\/www.wellongpack.com\/pl\/wp-json\/wp\/v2\/product\/9117\/revisions"}],"predecessor-version":[{"id":9121,"href":"https:\/\/www.wellongpack.com\/pl\/wp-json\/wp\/v2\/product\/9117\/revisions\/9121"}],"wp:featuredmedia":[{"embeddable":true,"href":"https:\/\/www.wellongpack.com\/pl\/wp-json\/wp\/v2\/media\/9118"}],"wp:attachment":[{"href":"https:\/\/www.wellongpack.com\/pl\/wp-json\/wp\/v2\/media?parent=9117"}],"wp:term":[{"taxonomy":"product_cat","embeddable":true,"href":"https:\/\/www.wellongpack.com\/pl\/wp-json\/wp\/v2\/product_cat?post=9117"},{"taxonomy":"product_tag","embeddable":true,"href":"https:\/\/www.wellongpack.com\/pl\/wp-json\/wp\/v2\/product_tag?post=9117"}],"curies":[{"name":"wp","href":"https:\/\/api.w.org\/{rel}","templated":true}]}}