
{"id":9091,"date":"2023-05-24T09:22:34","date_gmt":"2023-05-24T01:22:34","guid":{"rendered":"http:\/\/75.webs.svipwebs.com\/?post_type=product&#038;p=9091"},"modified":"2023-05-24T09:22:35","modified_gmt":"2023-05-24T01:22:35","slug":"cake-box","status":"publish","type":"product","link":"https:\/\/www.wellongpack.com\/pl\/produkt\/tort-pudelko\/","title":{"rendered":"Pude\u0142ko na ciasto"},"content":{"rendered":"","protected":false},"excerpt":{"rendered":"<p>Pude\u0142ka te s\u0105 sk\u0142adane z zamkni\u0119ciem na zatrzask i wyci\u0119tymi uchwytami do przenoszenia. Te wszechstronne pude\u0142ka mog\u0105 by\u0107 u\u017cywane do wielu zastosowa\u0144, w tym do pakowania pieczywa i upomink\u00f3w detalicznych.<\/p>","protected":false},"featured_media":9092,"comment_status":"open","ping_status":"closed","template":"","meta":[],"product_cat":[104],"product_tag":[],"class_list":["post-9091","product","type-product","status-publish","has-post-thumbnail","hentry","product_cat-paper-take-out-box"],"_links":{"self":[{"href":"https:\/\/www.wellongpack.com\/pl\/wp-json\/wp\/v2\/product\/9091","targetHints":{"allow":["GET"]}}],"collection":[{"href":"https:\/\/www.wellongpack.com\/pl\/wp-json\/wp\/v2\/product"}],"about":[{"href":"https:\/\/www.wellongpack.com\/pl\/wp-json\/wp\/v2\/types\/product"}],"replies":[{"embeddable":true,"href":"https:\/\/www.wellongpack.com\/pl\/wp-json\/wp\/v2\/comments?post=9091"}],"version-history":[{"count":1,"href":"https:\/\/www.wellongpack.com\/pl\/wp-json\/wp\/v2\/product\/9091\/revisions"}],"predecessor-version":[{"id":9097,"href":"https:\/\/www.wellongpack.com\/pl\/wp-json\/wp\/v2\/product\/9091\/revisions\/9097"}],"wp:featuredmedia":[{"embeddable":true,"href":"https:\/\/www.wellongpack.com\/pl\/wp-json\/wp\/v2\/media\/9092"}],"wp:attachment":[{"href":"https:\/\/www.wellongpack.com\/pl\/wp-json\/wp\/v2\/media?parent=9091"}],"wp:term":[{"taxonomy":"product_cat","embeddable":true,"href":"https:\/\/www.wellongpack.com\/pl\/wp-json\/wp\/v2\/product_cat?post=9091"},{"taxonomy":"product_tag","embeddable":true,"href":"https:\/\/www.wellongpack.com\/pl\/wp-json\/wp\/v2\/product_tag?post=9091"}],"curies":[{"name":"wp","href":"https:\/\/api.w.org\/{rel}","templated":true}]}}