
{"id":9032,"date":"2023-05-23T17:48:29","date_gmt":"2023-05-23T09:48:29","guid":{"rendered":"http:\/\/75.webs.svipwebs.com\/?post_type=product&#038;p=9032"},"modified":"2023-06-08T14:43:11","modified_gmt":"2023-06-08T06:43:11","slug":"bamboo-paper-rectangular-bowl","status":"publish","type":"product","link":"https:\/\/www.wellongpack.com\/pl\/produkt\/bamboo-paper-rectangular-bowl\/","title":{"rendered":"Prostok\u0105tna miska z papieru bambusowego"},"content":{"rendered":"","protected":false},"excerpt":{"rendered":"<p>Prostok\u0105tny pojemnik do mikrofal\u00f3wki na wynos wy\u0142o\u017cony PE jest idealny do gor\u0105cych i zimnych potraw, deser\u00f3w i dodatk\u00f3w. Wyprodukowany z wn\u0119trzem pokrytym polietylenem, zapewnia ochron\u0119 przed wyciekami oleju, t\u0142uszczu lub sos\u00f3w. Kompatybilna pokrywa (sprzedawana oddzielnie) zapewnia bezpiecze\u0144stwo i ochron\u0119 \u017cywno\u015bci podczas transportu.<\/p>","protected":false},"featured_media":10425,"comment_status":"open","ping_status":"closed","template":"","meta":[],"product_cat":[100],"product_tag":[],"class_list":["post-9032","product","type-product","status-publish","has-post-thumbnail","hentry","product_cat-paper-bowl-and-pot"],"_links":{"self":[{"href":"https:\/\/www.wellongpack.com\/pl\/wp-json\/wp\/v2\/product\/9032","targetHints":{"allow":["GET"]}}],"collection":[{"href":"https:\/\/www.wellongpack.com\/pl\/wp-json\/wp\/v2\/product"}],"about":[{"href":"https:\/\/www.wellongpack.com\/pl\/wp-json\/wp\/v2\/types\/product"}],"replies":[{"embeddable":true,"href":"https:\/\/www.wellongpack.com\/pl\/wp-json\/wp\/v2\/comments?post=9032"}],"version-history":[{"count":1,"href":"https:\/\/www.wellongpack.com\/pl\/wp-json\/wp\/v2\/product\/9032\/revisions"}],"predecessor-version":[{"id":9034,"href":"https:\/\/www.wellongpack.com\/pl\/wp-json\/wp\/v2\/product\/9032\/revisions\/9034"}],"wp:featuredmedia":[{"embeddable":true,"href":"https:\/\/www.wellongpack.com\/pl\/wp-json\/wp\/v2\/media\/10425"}],"wp:attachment":[{"href":"https:\/\/www.wellongpack.com\/pl\/wp-json\/wp\/v2\/media?parent=9032"}],"wp:term":[{"taxonomy":"product_cat","embeddable":true,"href":"https:\/\/www.wellongpack.com\/pl\/wp-json\/wp\/v2\/product_cat?post=9032"},{"taxonomy":"product_tag","embeddable":true,"href":"https:\/\/www.wellongpack.com\/pl\/wp-json\/wp\/v2\/product_tag?post=9032"}],"curies":[{"name":"wp","href":"https:\/\/api.w.org\/{rel}","templated":true}]}}