
{"id":9002,"date":"2023-05-23T17:13:24","date_gmt":"2023-05-23T09:13:24","guid":{"rendered":"http:\/\/75.webs.svipwebs.com\/?post_type=product&#038;p=9002"},"modified":"2023-05-23T17:13:24","modified_gmt":"2023-05-23T09:13:24","slug":"bagasse-meat-tray","status":"publish","type":"product","link":"https:\/\/www.wellongpack.com\/pl\/produkt\/bagasse-meat-tray\/","title":{"rendered":"Bagasse Taca na mi\u0119so"},"content":{"rendered":"","protected":false},"excerpt":{"rendered":"<p>Ta tacka na mi\u0119so Bagasse ma konstrukcj\u0119 odporn\u0105 na namaczanie z wk\u0142adk\u0105 na bazie biologicznej, kt\u00f3ra zapobiega wyciekom i utrzymuje \u015bwie\u017co\u015b\u0107 \u017cywno\u015bci. Jest wystarczaj\u0105co trwa\u0142a, aby wytrzyma\u0107 r\u00f3\u017cne rodzaje mi\u0119sa i konsystencje, a jednocze\u015bnie jest wygodna do jednorazowego u\u017cytku. Idealna do delikates\u00f3w, sklep\u00f3w spo\u017cywczych i restauracji na wynos, ta ekologiczna taca pomo\u017ce zmniejszy\u0107 \u015blad w\u0119glowy Twojego zak\u0142adu.<\/p>","protected":false},"featured_media":9003,"comment_status":"open","ping_status":"closed","template":"","meta":[],"product_cat":[98],"product_tag":[],"class_list":["post-9002","product","type-product","status-publish","has-post-thumbnail","hentry","product_cat-bagasse-tray"],"_links":{"self":[{"href":"https:\/\/www.wellongpack.com\/pl\/wp-json\/wp\/v2\/product\/9002","targetHints":{"allow":["GET"]}}],"collection":[{"href":"https:\/\/www.wellongpack.com\/pl\/wp-json\/wp\/v2\/product"}],"about":[{"href":"https:\/\/www.wellongpack.com\/pl\/wp-json\/wp\/v2\/types\/product"}],"replies":[{"embeddable":true,"href":"https:\/\/www.wellongpack.com\/pl\/wp-json\/wp\/v2\/comments?post=9002"}],"version-history":[{"count":1,"href":"https:\/\/www.wellongpack.com\/pl\/wp-json\/wp\/v2\/product\/9002\/revisions"}],"predecessor-version":[{"id":9006,"href":"https:\/\/www.wellongpack.com\/pl\/wp-json\/wp\/v2\/product\/9002\/revisions\/9006"}],"wp:featuredmedia":[{"embeddable":true,"href":"https:\/\/www.wellongpack.com\/pl\/wp-json\/wp\/v2\/media\/9003"}],"wp:attachment":[{"href":"https:\/\/www.wellongpack.com\/pl\/wp-json\/wp\/v2\/media?parent=9002"}],"wp:term":[{"taxonomy":"product_cat","embeddable":true,"href":"https:\/\/www.wellongpack.com\/pl\/wp-json\/wp\/v2\/product_cat?post=9002"},{"taxonomy":"product_tag","embeddable":true,"href":"https:\/\/www.wellongpack.com\/pl\/wp-json\/wp\/v2\/product_tag?post=9002"}],"curies":[{"name":"wp","href":"https:\/\/api.w.org\/{rel}","templated":true}]}}