
{"id":8984,"date":"2023-05-23T17:10:31","date_gmt":"2023-05-23T09:10:31","guid":{"rendered":"http:\/\/75.webs.svipwebs.com\/?post_type=product&#038;p=8984"},"modified":"2023-05-23T17:10:32","modified_gmt":"2023-05-23T09:10:32","slug":"4-compartment-bagasse-tray","status":"publish","type":"product","link":"https:\/\/www.wellongpack.com\/pl\/produkt\/4-komorowa-taca-na-torebki\/","title":{"rendered":"4-komorowa taca z bagassy"},"content":{"rendered":"","protected":false},"excerpt":{"rendered":"<p>Wykonana z trzciny cukrowej \/ wyt\u0142ok\u00f3w z trzciny cukrowej, taca ta jest idealna dla restauracji, firm cateringowych i sklep\u00f3w z kanapkami, kt\u00f3re serwuj\u0105 wszystko, od gor\u0105cych przystawek po zimne sa\u0142atki. \u0141atwo przenie\u015b sw\u00f3j posi\u0142ek przez sto\u0142\u00f3wk\u0119 lub jadalni\u0119, jednocze\u015bnie robi\u0105c krok w kierunku ochrony \u015brodowiska dzi\u0119ki tej ekologicznej opcji!<\/p>","protected":false},"featured_media":8985,"comment_status":"open","ping_status":"closed","template":"","meta":[],"product_cat":[98],"product_tag":[],"class_list":["post-8984","product","type-product","status-publish","has-post-thumbnail","hentry","product_cat-bagasse-tray"],"_links":{"self":[{"href":"https:\/\/www.wellongpack.com\/pl\/wp-json\/wp\/v2\/product\/8984","targetHints":{"allow":["GET"]}}],"collection":[{"href":"https:\/\/www.wellongpack.com\/pl\/wp-json\/wp\/v2\/product"}],"about":[{"href":"https:\/\/www.wellongpack.com\/pl\/wp-json\/wp\/v2\/types\/product"}],"replies":[{"embeddable":true,"href":"https:\/\/www.wellongpack.com\/pl\/wp-json\/wp\/v2\/comments?post=8984"}],"version-history":[{"count":1,"href":"https:\/\/www.wellongpack.com\/pl\/wp-json\/wp\/v2\/product\/8984\/revisions"}],"predecessor-version":[{"id":8989,"href":"https:\/\/www.wellongpack.com\/pl\/wp-json\/wp\/v2\/product\/8984\/revisions\/8989"}],"wp:featuredmedia":[{"embeddable":true,"href":"https:\/\/www.wellongpack.com\/pl\/wp-json\/wp\/v2\/media\/8985"}],"wp:attachment":[{"href":"https:\/\/www.wellongpack.com\/pl\/wp-json\/wp\/v2\/media?parent=8984"}],"wp:term":[{"taxonomy":"product_cat","embeddable":true,"href":"https:\/\/www.wellongpack.com\/pl\/wp-json\/wp\/v2\/product_cat?post=8984"},{"taxonomy":"product_tag","embeddable":true,"href":"https:\/\/www.wellongpack.com\/pl\/wp-json\/wp\/v2\/product_tag?post=8984"}],"curies":[{"name":"wp","href":"https:\/\/api.w.org\/{rel}","templated":true}]}}