
{"id":8970,"date":"2023-05-23T17:07:54","date_gmt":"2023-05-23T09:07:54","guid":{"rendered":"http:\/\/75.webs.svipwebs.com\/?post_type=product&#038;p=8970"},"modified":"2023-05-23T17:07:54","modified_gmt":"2023-05-23T09:07:54","slug":"square-plate","status":"publish","type":"product","link":"https:\/\/www.wellongpack.com\/pl\/produkt\/square-plate\/","title":{"rendered":"p\u0142yta kwadratowa"},"content":{"rendered":"","protected":false},"excerpt":{"rendered":"<p>Ten talerz z trzciny cukrowej \/ wyt\u0142ok\u00f3w z trzciny cukrowej zajmuje mniej miejsca ni\u017c inne jednorazowe alternatywy i mo\u017ce pomie\u015bci\u0107 ci\u0119\u017csze potrawy ni\u017c papier lub styropian. Ponadto, poniewa\u017c wymaga znacznie mniej energii do produkcji, oszcz\u0119dza zar\u00f3wno energi\u0119, jak i zasoby. Dzi\u0119ki jasnemu bia\u0142emu kolorowi talerz ten b\u0119dzie pasowa\u0142 do niemal ka\u017cdego wystroju restauracji i motywu, tworz\u0105c czyste i \u015bwie\u017ce p\u0142\u00f3tno dla ka\u017cdego rodzaju \u017cywno\u015bci.<\/p>","protected":false},"featured_media":8971,"comment_status":"open","ping_status":"closed","template":"","meta":[],"product_cat":[97],"product_tag":[],"class_list":["post-8970","product","type-product","status-publish","has-post-thumbnail","hentry","product_cat-bagasse-plate"],"_links":{"self":[{"href":"https:\/\/www.wellongpack.com\/pl\/wp-json\/wp\/v2\/product\/8970","targetHints":{"allow":["GET"]}}],"collection":[{"href":"https:\/\/www.wellongpack.com\/pl\/wp-json\/wp\/v2\/product"}],"about":[{"href":"https:\/\/www.wellongpack.com\/pl\/wp-json\/wp\/v2\/types\/product"}],"replies":[{"embeddable":true,"href":"https:\/\/www.wellongpack.com\/pl\/wp-json\/wp\/v2\/comments?post=8970"}],"version-history":[{"count":1,"href":"https:\/\/www.wellongpack.com\/pl\/wp-json\/wp\/v2\/product\/8970\/revisions"}],"predecessor-version":[{"id":8976,"href":"https:\/\/www.wellongpack.com\/pl\/wp-json\/wp\/v2\/product\/8970\/revisions\/8976"}],"wp:featuredmedia":[{"embeddable":true,"href":"https:\/\/www.wellongpack.com\/pl\/wp-json\/wp\/v2\/media\/8971"}],"wp:attachment":[{"href":"https:\/\/www.wellongpack.com\/pl\/wp-json\/wp\/v2\/media?parent=8970"}],"wp:term":[{"taxonomy":"product_cat","embeddable":true,"href":"https:\/\/www.wellongpack.com\/pl\/wp-json\/wp\/v2\/product_cat?post=8970"},{"taxonomy":"product_tag","embeddable":true,"href":"https:\/\/www.wellongpack.com\/pl\/wp-json\/wp\/v2\/product_tag?post=8970"}],"curies":[{"name":"wp","href":"https:\/\/api.w.org\/{rel}","templated":true}]}}