
{"id":8872,"date":"2023-05-23T16:39:37","date_gmt":"2023-05-23T08:39:37","guid":{"rendered":"http:\/\/75.webs.svipwebs.com\/?post_type=product&#038;p=8872"},"modified":"2023-05-23T16:39:38","modified_gmt":"2023-05-23T08:39:38","slug":"3-compartment-container","status":"publish","type":"product","link":"https:\/\/www.wellongpack.com\/pl\/produkt\/3-komorowy-pojemnik\/","title":{"rendered":"Pojemnik 3-komorowy"},"content":{"rendered":"","protected":false},"excerpt":{"rendered":"<p>Kompostowalne pude\u0142ka na \u017cywno\u015b\u0107 na wynos Bagasse s\u0105 wykonane z odnawialnej pulpy trzciny cukrowej, kt\u00f3ra jest formowana w trwa\u0142y materia\u0142 podobny do papieru. Nasze pude\u0142ka bagasse typu clamshell s\u0105 odporne na t\u0142uszcz i wilgo\u0107, bezpieczne dla \u017cywno\u015bci oraz w pe\u0142ni kompostowalne i biodegradowalne.<\/p>","protected":false},"featured_media":8873,"comment_status":"open","ping_status":"closed","template":"","meta":[],"product_cat":[94],"product_tag":[],"class_list":["post-8872","product","type-product","status-publish","has-post-thumbnail","hentry","product_cat-clamshell-box"],"_links":{"self":[{"href":"https:\/\/www.wellongpack.com\/pl\/wp-json\/wp\/v2\/product\/8872","targetHints":{"allow":["GET"]}}],"collection":[{"href":"https:\/\/www.wellongpack.com\/pl\/wp-json\/wp\/v2\/product"}],"about":[{"href":"https:\/\/www.wellongpack.com\/pl\/wp-json\/wp\/v2\/types\/product"}],"replies":[{"embeddable":true,"href":"https:\/\/www.wellongpack.com\/pl\/wp-json\/wp\/v2\/comments?post=8872"}],"version-history":[{"count":1,"href":"https:\/\/www.wellongpack.com\/pl\/wp-json\/wp\/v2\/product\/8872\/revisions"}],"predecessor-version":[{"id":8877,"href":"https:\/\/www.wellongpack.com\/pl\/wp-json\/wp\/v2\/product\/8872\/revisions\/8877"}],"wp:featuredmedia":[{"embeddable":true,"href":"https:\/\/www.wellongpack.com\/pl\/wp-json\/wp\/v2\/media\/8873"}],"wp:attachment":[{"href":"https:\/\/www.wellongpack.com\/pl\/wp-json\/wp\/v2\/media?parent=8872"}],"wp:term":[{"taxonomy":"product_cat","embeddable":true,"href":"https:\/\/www.wellongpack.com\/pl\/wp-json\/wp\/v2\/product_cat?post=8872"},{"taxonomy":"product_tag","embeddable":true,"href":"https:\/\/www.wellongpack.com\/pl\/wp-json\/wp\/v2\/product_tag?post=8872"}],"curies":[{"name":"wp","href":"https:\/\/api.w.org\/{rel}","templated":true}]}}