
{"id":8820,"date":"2023-05-23T15:58:43","date_gmt":"2023-05-23T07:58:43","guid":{"rendered":"http:\/\/75.webs.svipwebs.com\/?post_type=product&#038;p=8820"},"modified":"2023-05-23T15:58:43","modified_gmt":"2023-05-23T07:58:43","slug":"aluminum-foil-bakery-pan","status":"publish","type":"product","link":"https:\/\/www.wellongpack.com\/pl\/produkt\/patelnia-do-pieczenia-z-folii-aluminiowej\/","title":{"rendered":"Patelnia piekarnicza z folii aluminiowej"},"content":{"rendered":"","protected":false},"excerpt":{"rendered":"<p>Ta patelnia jest wystarczaj\u0105co wszechstronna do pieczenia, transportu, sprzeda\u017cy i serwowania, co pozwala zaoszcz\u0119dzi\u0107 czas na u\u017cywaniu i myciu wielu patelni i element\u00f3w wyposa\u017cenia. Sprz\u0105tanie jest jeszcze prostsze dzi\u0119ki temu, \u017ce patelnia ta nadaje si\u0119 do recyklingu po wyczyszczeniu po u\u017cyciu!<\/p>","protected":false},"featured_media":8821,"comment_status":"open","ping_status":"closed","template":"","meta":[],"product_cat":[90],"product_tag":[],"class_list":["post-8820","product","type-product","status-publish","has-post-thumbnail","hentry","product_cat-aluminum-foil-traypan"],"_links":{"self":[{"href":"https:\/\/www.wellongpack.com\/pl\/wp-json\/wp\/v2\/product\/8820","targetHints":{"allow":["GET"]}}],"collection":[{"href":"https:\/\/www.wellongpack.com\/pl\/wp-json\/wp\/v2\/product"}],"about":[{"href":"https:\/\/www.wellongpack.com\/pl\/wp-json\/wp\/v2\/types\/product"}],"replies":[{"embeddable":true,"href":"https:\/\/www.wellongpack.com\/pl\/wp-json\/wp\/v2\/comments?post=8820"}],"version-history":[{"count":1,"href":"https:\/\/www.wellongpack.com\/pl\/wp-json\/wp\/v2\/product\/8820\/revisions"}],"predecessor-version":[{"id":8825,"href":"https:\/\/www.wellongpack.com\/pl\/wp-json\/wp\/v2\/product\/8820\/revisions\/8825"}],"wp:featuredmedia":[{"embeddable":true,"href":"https:\/\/www.wellongpack.com\/pl\/wp-json\/wp\/v2\/media\/8821"}],"wp:attachment":[{"href":"https:\/\/www.wellongpack.com\/pl\/wp-json\/wp\/v2\/media?parent=8820"}],"wp:term":[{"taxonomy":"product_cat","embeddable":true,"href":"https:\/\/www.wellongpack.com\/pl\/wp-json\/wp\/v2\/product_cat?post=8820"},{"taxonomy":"product_tag","embeddable":true,"href":"https:\/\/www.wellongpack.com\/pl\/wp-json\/wp\/v2\/product_tag?post=8820"}],"curies":[{"name":"wp","href":"https:\/\/api.w.org\/{rel}","templated":true}]}}