
{"id":8806,"date":"2023-05-23T15:49:04","date_gmt":"2023-05-23T07:49:04","guid":{"rendered":"http:\/\/75.webs.svipwebs.com\/?post_type=product&#038;p=8806"},"modified":"2023-05-23T15:49:05","modified_gmt":"2023-05-23T07:49:05","slug":"square-container","status":"publish","type":"product","link":"https:\/\/www.wellongpack.com\/pl\/produkt\/pojemnik-kwadratowy\/","title":{"rendered":"Pojemnik kwadratowy"},"content":{"rendered":"","protected":false},"excerpt":{"rendered":"<p>Ten pojemnik mo\u017ce by\u0107 u\u017cywany z kompatybiln\u0105 pokrywk\u0105 lub pokrywk\u0105 kopu\u0142kow\u0105 (sprzedawan\u0105 oddzielnie), kt\u00f3ra bezpiecznie przylega do obr\u0119bionych kraw\u0119dzi, zapewniaj\u0105c bezpiecze\u0144stwo \u017cywno\u015bci. Dla dodatkowej wygody, ten pojemnik jest jednorazowy, dzi\u0119ki czemu mo\u017cna go po prostu wyrzuci\u0107 po u\u017cyciu, oszcz\u0119dzaj\u0105c czas na sprz\u0105taniu.<\/p>","protected":false},"featured_media":8807,"comment_status":"open","ping_status":"closed","template":"","meta":[],"product_cat":[89],"product_tag":[],"class_list":["post-8806","product","type-product","status-publish","has-post-thumbnail","hentry","product_cat-aluminum-foil-container"],"_links":{"self":[{"href":"https:\/\/www.wellongpack.com\/pl\/wp-json\/wp\/v2\/product\/8806","targetHints":{"allow":["GET"]}}],"collection":[{"href":"https:\/\/www.wellongpack.com\/pl\/wp-json\/wp\/v2\/product"}],"about":[{"href":"https:\/\/www.wellongpack.com\/pl\/wp-json\/wp\/v2\/types\/product"}],"replies":[{"embeddable":true,"href":"https:\/\/www.wellongpack.com\/pl\/wp-json\/wp\/v2\/comments?post=8806"}],"version-history":[{"count":1,"href":"https:\/\/www.wellongpack.com\/pl\/wp-json\/wp\/v2\/product\/8806\/revisions"}],"predecessor-version":[{"id":8811,"href":"https:\/\/www.wellongpack.com\/pl\/wp-json\/wp\/v2\/product\/8806\/revisions\/8811"}],"wp:featuredmedia":[{"embeddable":true,"href":"https:\/\/www.wellongpack.com\/pl\/wp-json\/wp\/v2\/media\/8807"}],"wp:attachment":[{"href":"https:\/\/www.wellongpack.com\/pl\/wp-json\/wp\/v2\/media?parent=8806"}],"wp:term":[{"taxonomy":"product_cat","embeddable":true,"href":"https:\/\/www.wellongpack.com\/pl\/wp-json\/wp\/v2\/product_cat?post=8806"},{"taxonomy":"product_tag","embeddable":true,"href":"https:\/\/www.wellongpack.com\/pl\/wp-json\/wp\/v2\/product_tag?post=8806"}],"curies":[{"name":"wp","href":"https:\/\/api.w.org\/{rel}","templated":true}]}}