
{"id":10574,"date":"2023-06-09T15:32:25","date_gmt":"2023-06-09T07:32:25","guid":{"rendered":"http:\/\/75.webs.svipwebs.com\/?post_type=product&#038;p=10574"},"modified":"2023-06-09T15:32:26","modified_gmt":"2023-06-09T07:32:26","slug":"paper-straw-2","status":"publish","type":"product","link":"https:\/\/www.wellongpack.com\/pl\/produkt\/paper-straw-2\/","title":{"rendered":"S\u0142omka papierowa"},"content":{"rendered":"<p>Wykonana ze specjalnego papieru s\u0142omka jest \u015bwietn\u0105 alternatyw\u0105 dla plastikowych s\u0142omek. S\u0142omka ta jest r\u00f3wnie\u017c wszechstronna i mo\u017ce by\u0107 u\u017cywana zar\u00f3wno do gor\u0105cych, jak i zimnych napoj\u00f3w. Dzi\u0119ki temu nie trzeba kupowa\u0107 wielu s\u0142omek do r\u00f3\u017cnych temperatur.<\/p>\n<p><img loading=\"lazy\" decoding=\"async\" class=\"alignnone size-full wp-image-10575\" src=\"https:\/\/www.wellongpack.com\/wp-content\/uploads\/2023\/06\/1-106.jpg\" alt=\"\" width=\"960\" height=\"960\" srcset=\"https:\/\/www.wellongpack.com\/wp-content\/uploads\/2023\/06\/1-106.jpg 960w, https:\/\/www.wellongpack.com\/wp-content\/uploads\/2023\/06\/1-106-430x430.jpg 430w, https:\/\/www.wellongpack.com\/wp-content\/uploads\/2023\/06\/1-106-150x150.jpg 150w, https:\/\/www.wellongpack.com\/wp-content\/uploads\/2023\/06\/1-106-700x700.jpg 700w, https:\/\/www.wellongpack.com\/wp-content\/uploads\/2023\/06\/1-106-300x300.jpg 300w, https:\/\/www.wellongpack.com\/wp-content\/uploads\/2023\/06\/1-106-800x800.jpg 800w, https:\/\/www.wellongpack.com\/wp-content\/uploads\/2023\/06\/1-106-768x768.jpg 768w, https:\/\/www.wellongpack.com\/wp-content\/uploads\/2023\/06\/1-106-860x860.jpg 860w\" sizes=\"auto, (max-width: 960px) 100vw, 960px\" \/> <img loading=\"lazy\" decoding=\"async\" class=\"alignnone size-full wp-image-10576\" src=\"https:\/\/www.wellongpack.com\/wp-content\/uploads\/2023\/06\/2-100.jpg\" alt=\"\" width=\"960\" height=\"960\" srcset=\"https:\/\/www.wellongpack.com\/wp-content\/uploads\/2023\/06\/2-100.jpg 960w, https:\/\/www.wellongpack.com\/wp-content\/uploads\/2023\/06\/2-100-430x430.jpg 430w, https:\/\/www.wellongpack.com\/wp-content\/uploads\/2023\/06\/2-100-150x150.jpg 150w, https:\/\/www.wellongpack.com\/wp-content\/uploads\/2023\/06\/2-100-700x700.jpg 700w, https:\/\/www.wellongpack.com\/wp-content\/uploads\/2023\/06\/2-100-300x300.jpg 300w, https:\/\/www.wellongpack.com\/wp-content\/uploads\/2023\/06\/2-100-800x800.jpg 800w, https:\/\/www.wellongpack.com\/wp-content\/uploads\/2023\/06\/2-100-768x768.jpg 768w, https:\/\/www.wellongpack.com\/wp-content\/uploads\/2023\/06\/2-100-860x860.jpg 860w\" sizes=\"auto, (max-width: 960px) 100vw, 960px\" \/> <img loading=\"lazy\" decoding=\"async\" class=\"alignnone size-full wp-image-10577\" src=\"https:\/\/www.wellongpack.com\/wp-content\/uploads\/2023\/06\/2bbab5740313e4526749051748f03320_2397802.jpg\" alt=\"\" width=\"600\" height=\"600\" srcset=\"https:\/\/www.wellongpack.com\/wp-content\/uploads\/2023\/06\/2bbab5740313e4526749051748f03320_2397802.jpg 600w, https:\/\/www.wellongpack.com\/wp-content\/uploads\/2023\/06\/2bbab5740313e4526749051748f03320_2397802-430x430.jpg 430w, https:\/\/www.wellongpack.com\/wp-content\/uploads\/2023\/06\/2bbab5740313e4526749051748f03320_2397802-150x150.jpg 150w, https:\/\/www.wellongpack.com\/wp-content\/uploads\/2023\/06\/2bbab5740313e4526749051748f03320_2397802-300x300.jpg 300w\" sizes=\"auto, (max-width: 600px) 100vw, 600px\" \/> <img loading=\"lazy\" decoding=\"async\" class=\"alignnone size-full wp-image-10578\" src=\"https:\/\/www.wellongpack.com\/wp-content\/uploads\/2023\/06\/5-30.jpg\" alt=\"\" width=\"800\" height=\"800\" srcset=\"https:\/\/www.wellongpack.com\/wp-content\/uploads\/2023\/06\/5-30.jpg 800w, https:\/\/www.wellongpack.com\/wp-content\/uploads\/2023\/06\/5-30-430x430.jpg 430w, https:\/\/www.wellongpack.com\/wp-content\/uploads\/2023\/06\/5-30-150x150.jpg 150w, https:\/\/www.wellongpack.com\/wp-content\/uploads\/2023\/06\/5-30-700x700.jpg 700w, https:\/\/www.wellongpack.com\/wp-content\/uploads\/2023\/06\/5-30-300x300.jpg 300w, https:\/\/www.wellongpack.com\/wp-content\/uploads\/2023\/06\/5-30-768x768.jpg 768w\" sizes=\"auto, (max-width: 800px) 100vw, 800px\" \/> <img loading=\"lazy\" decoding=\"async\" class=\"alignnone size-full wp-image-10579\" src=\"https:\/\/www.wellongpack.com\/wp-content\/uploads\/2023\/06\/322b24c71823530fd9a9399124c2a4f9_2291489.jpg\" alt=\"\" width=\"600\" height=\"600\" srcset=\"https:\/\/www.wellongpack.com\/wp-content\/uploads\/2023\/06\/322b24c71823530fd9a9399124c2a4f9_2291489.jpg 600w, https:\/\/www.wellongpack.com\/wp-content\/uploads\/2023\/06\/322b24c71823530fd9a9399124c2a4f9_2291489-430x430.jpg 430w, https:\/\/www.wellongpack.com\/wp-content\/uploads\/2023\/06\/322b24c71823530fd9a9399124c2a4f9_2291489-150x150.jpg 150w, https:\/\/www.wellongpack.com\/wp-content\/uploads\/2023\/06\/322b24c71823530fd9a9399124c2a4f9_2291489-300x300.jpg 300w\" sizes=\"auto, (max-width: 600px) 100vw, 600px\" \/><\/p>","protected":false},"excerpt":{"rendered":"<p>Made of a special paper, this straw is a great alternative to plastic straws.This straw is also versatile and can<\/p>","protected":false},"featured_media":10575,"comment_status":"open","ping_status":"closed","template":"","meta":[],"product_cat":[70,122,121],"product_tag":[],"class_list":["post-10574","product","type-product","status-publish","has-post-thumbnail","hentry","product_cat-foodservice-packaging","product_cat-paper-straw","product_cat-strawstirrer"],"_links":{"self":[{"href":"https:\/\/www.wellongpack.com\/pl\/wp-json\/wp\/v2\/product\/10574","targetHints":{"allow":["GET"]}}],"collection":[{"href":"https:\/\/www.wellongpack.com\/pl\/wp-json\/wp\/v2\/product"}],"about":[{"href":"https:\/\/www.wellongpack.com\/pl\/wp-json\/wp\/v2\/types\/product"}],"replies":[{"embeddable":true,"href":"https:\/\/www.wellongpack.com\/pl\/wp-json\/wp\/v2\/comments?post=10574"}],"version-history":[{"count":1,"href":"https:\/\/www.wellongpack.com\/pl\/wp-json\/wp\/v2\/product\/10574\/revisions"}],"predecessor-version":[{"id":10580,"href":"https:\/\/www.wellongpack.com\/pl\/wp-json\/wp\/v2\/product\/10574\/revisions\/10580"}],"wp:featuredmedia":[{"embeddable":true,"href":"https:\/\/www.wellongpack.com\/pl\/wp-json\/wp\/v2\/media\/10575"}],"wp:attachment":[{"href":"https:\/\/www.wellongpack.com\/pl\/wp-json\/wp\/v2\/media?parent=10574"}],"wp:term":[{"taxonomy":"product_cat","embeddable":true,"href":"https:\/\/www.wellongpack.com\/pl\/wp-json\/wp\/v2\/product_cat?post=10574"},{"taxonomy":"product_tag","embeddable":true,"href":"https:\/\/www.wellongpack.com\/pl\/wp-json\/wp\/v2\/product_tag?post=10574"}],"curies":[{"name":"wp","href":"https:\/\/api.w.org\/{rel}","templated":true}]}}