
{"id":10519,"date":"2023-06-09T15:24:32","date_gmt":"2023-06-09T07:24:32","guid":{"rendered":"http:\/\/75.webs.svipwebs.com\/?post_type=product&#038;p=10519"},"modified":"2024-01-17T13:59:39","modified_gmt":"2024-01-17T05:59:39","slug":"pp-bin%ef%bc%86lids-2","status":"publish","type":"product","link":"https:\/\/www.wellongpack.com\/pl\/produkt\/pp-bin\uff06lids-2\/","title":{"rendered":"pojemniki pp"},"content":{"rendered":"<p>Pojemniki i pokrywy z PP mog\u0105 by\u0107 u\u017cywane w temperaturach od -20\u00b0C do 121\u00b0C, zapewniaj\u0105c bezpiecze\u0144stwo i integralno\u015b\u0107 \u017cywno\u015bci. \u015awie\u017ce produkty spo\u017cywcze Faerch wykonane z PP s\u0105 zgodne z najsurowszymi przepisami dotycz\u0105cymi bezpiecze\u0144stwa \u017cywno\u015bci.<\/p>\n<p><img loading=\"lazy\" decoding=\"async\" class=\"alignnone wp-image-10786\" src=\"https:\/\/www.wellongpack.com\/wp-content\/uploads\/2023\/06\/205d6f8c8af66e4e45fa669f0af2a9d.jpg\" alt=\"\" width=\"631\" height=\"512\" srcset=\"https:\/\/www.wellongpack.com\/wp-content\/uploads\/2023\/06\/205d6f8c8af66e4e45fa669f0af2a9d.jpg 1024w, https:\/\/www.wellongpack.com\/wp-content\/uploads\/2023\/06\/205d6f8c8af66e4e45fa669f0af2a9d-370x300.jpg 370w, https:\/\/www.wellongpack.com\/wp-content\/uploads\/2023\/06\/205d6f8c8af66e4e45fa669f0af2a9d-986x800.jpg 986w, https:\/\/www.wellongpack.com\/wp-content\/uploads\/2023\/06\/205d6f8c8af66e4e45fa669f0af2a9d-768x623.jpg 768w, https:\/\/www.wellongpack.com\/wp-content\/uploads\/2023\/06\/205d6f8c8af66e4e45fa669f0af2a9d-15x12.jpg 15w, https:\/\/www.wellongpack.com\/wp-content\/uploads\/2023\/06\/205d6f8c8af66e4e45fa669f0af2a9d-860x698.jpg 860w, https:\/\/www.wellongpack.com\/wp-content\/uploads\/2023\/06\/205d6f8c8af66e4e45fa669f0af2a9d-430x349.jpg 430w, https:\/\/www.wellongpack.com\/wp-content\/uploads\/2023\/06\/205d6f8c8af66e4e45fa669f0af2a9d-700x568.jpg 700w, https:\/\/www.wellongpack.com\/wp-content\/uploads\/2023\/06\/205d6f8c8af66e4e45fa669f0af2a9d-150x122.jpg 150w\" sizes=\"auto, (max-width: 631px) 100vw, 631px\" \/><img loading=\"lazy\" decoding=\"async\" class=\"alignnone wp-image-10788\" src=\"https:\/\/www.wellongpack.com\/wp-content\/uploads\/2023\/06\/8fcefeedd9972ee18193f2ce56092b16_HS0500-600x450-1.jpg\" alt=\"\" width=\"631\" height=\"473\" srcset=\"https:\/\/www.wellongpack.com\/wp-content\/uploads\/2023\/06\/8fcefeedd9972ee18193f2ce56092b16_HS0500-600x450-1.jpg 600w, https:\/\/www.wellongpack.com\/wp-content\/uploads\/2023\/06\/8fcefeedd9972ee18193f2ce56092b16_HS0500-600x450-1-400x300.jpg 400w, https:\/\/www.wellongpack.com\/wp-content\/uploads\/2023\/06\/8fcefeedd9972ee18193f2ce56092b16_HS0500-600x450-1-16x12.jpg 16w, https:\/\/www.wellongpack.com\/wp-content\/uploads\/2023\/06\/8fcefeedd9972ee18193f2ce56092b16_HS0500-600x450-1-430x323.jpg 430w, https:\/\/www.wellongpack.com\/wp-content\/uploads\/2023\/06\/8fcefeedd9972ee18193f2ce56092b16_HS0500-600x450-1-150x113.jpg 150w\" sizes=\"auto, (max-width: 631px) 100vw, 631px\" \/> <img loading=\"lazy\" decoding=\"async\" class=\"alignnone wp-image-10521\" src=\"https:\/\/www.wellongpack.com\/wp-content\/uploads\/2023\/06\/8c587560e4a94289dee6df04fd892521_444063.png\" alt=\"\" width=\"631\" height=\"631\" srcset=\"https:\/\/www.wellongpack.com\/wp-content\/uploads\/2023\/06\/8c587560e4a94289dee6df04fd892521_444063.png 640w, https:\/\/www.wellongpack.com\/wp-content\/uploads\/2023\/06\/8c587560e4a94289dee6df04fd892521_444063-430x430.png 430w, https:\/\/www.wellongpack.com\/wp-content\/uploads\/2023\/06\/8c587560e4a94289dee6df04fd892521_444063-150x150.png 150w, https:\/\/www.wellongpack.com\/wp-content\/uploads\/2023\/06\/8c587560e4a94289dee6df04fd892521_444063-300x300.png 300w\" sizes=\"auto, (max-width: 631px) 100vw, 631px\" \/><img loading=\"lazy\" decoding=\"async\" class=\"alignnone wp-image-10789\" src=\"https:\/\/www.wellongpack.com\/wp-content\/uploads\/2023\/06\/41faed46e6bc520144e5c52970d9b423_BS-650ST.jpg\" alt=\"\" width=\"631\" height=\"631\" srcset=\"https:\/\/www.wellongpack.com\/wp-content\/uploads\/2023\/06\/41faed46e6bc520144e5c52970d9b423_BS-650ST.jpg 1000w, https:\/\/www.wellongpack.com\/wp-content\/uploads\/2023\/06\/41faed46e6bc520144e5c52970d9b423_BS-650ST-300x300.jpg 300w, https:\/\/www.wellongpack.com\/wp-content\/uploads\/2023\/06\/41faed46e6bc520144e5c52970d9b423_BS-650ST-800x800.jpg 800w, https:\/\/www.wellongpack.com\/wp-content\/uploads\/2023\/06\/41faed46e6bc520144e5c52970d9b423_BS-650ST-150x150.jpg 150w, https:\/\/www.wellongpack.com\/wp-content\/uploads\/2023\/06\/41faed46e6bc520144e5c52970d9b423_BS-650ST-768x768.jpg 768w, https:\/\/www.wellongpack.com\/wp-content\/uploads\/2023\/06\/41faed46e6bc520144e5c52970d9b423_BS-650ST-12x12.jpg 12w, https:\/\/www.wellongpack.com\/wp-content\/uploads\/2023\/06\/41faed46e6bc520144e5c52970d9b423_BS-650ST-860x860.jpg 860w, https:\/\/www.wellongpack.com\/wp-content\/uploads\/2023\/06\/41faed46e6bc520144e5c52970d9b423_BS-650ST-430x430.jpg 430w, https:\/\/www.wellongpack.com\/wp-content\/uploads\/2023\/06\/41faed46e6bc520144e5c52970d9b423_BS-650ST-700x700.jpg 700w\" sizes=\"auto, (max-width: 631px) 100vw, 631px\" \/><img loading=\"lazy\" decoding=\"async\" class=\"alignnone wp-image-10790\" src=\"https:\/\/www.wellongpack.com\/wp-content\/uploads\/2023\/06\/5f75c27cd744d317bfbbf6f8c4a9bd1c_25-1.jpg\" alt=\"\" width=\"630\" height=\"630\" srcset=\"https:\/\/www.wellongpack.com\/wp-content\/uploads\/2023\/06\/5f75c27cd744d317bfbbf6f8c4a9bd1c_25-1.jpg 500w, https:\/\/www.wellongpack.com\/wp-content\/uploads\/2023\/06\/5f75c27cd744d317bfbbf6f8c4a9bd1c_25-1-300x300.jpg 300w, https:\/\/www.wellongpack.com\/wp-content\/uploads\/2023\/06\/5f75c27cd744d317bfbbf6f8c4a9bd1c_25-1-150x150.jpg 150w, https:\/\/www.wellongpack.com\/wp-content\/uploads\/2023\/06\/5f75c27cd744d317bfbbf6f8c4a9bd1c_25-1-12x12.jpg 12w, https:\/\/www.wellongpack.com\/wp-content\/uploads\/2023\/06\/5f75c27cd744d317bfbbf6f8c4a9bd1c_25-1-430x430.jpg 430w\" sizes=\"auto, (max-width: 630px) 100vw, 630px\" \/><\/p>\n<p>&nbsp;<\/p>\n<p>&nbsp;<\/p>\n<p>&nbsp;<\/p>\n<p>&nbsp;<\/p>\n<p>&nbsp;<\/p>\n<p>&nbsp;<\/p>\n<p>&nbsp;<\/p>","protected":false},"excerpt":{"rendered":"<p>PP Bins and Lids can be used at temperatures ranging from -20\u00b0C to 121\u00b0C and to ensure food safety and<\/p>","protected":false},"featured_media":10786,"comment_status":"open","ping_status":"closed","template":"","meta":[],"product_cat":[70,118],"product_tag":[],"class_list":["post-10519","product","type-product","status-publish","has-post-thumbnail","hentry","product_cat-foodservice-packaging","product_cat-plastic-container"],"_links":{"self":[{"href":"https:\/\/www.wellongpack.com\/pl\/wp-json\/wp\/v2\/product\/10519","targetHints":{"allow":["GET"]}}],"collection":[{"href":"https:\/\/www.wellongpack.com\/pl\/wp-json\/wp\/v2\/product"}],"about":[{"href":"https:\/\/www.wellongpack.com\/pl\/wp-json\/wp\/v2\/types\/product"}],"replies":[{"embeddable":true,"href":"https:\/\/www.wellongpack.com\/pl\/wp-json\/wp\/v2\/comments?post=10519"}],"version-history":[{"count":8,"href":"https:\/\/www.wellongpack.com\/pl\/wp-json\/wp\/v2\/product\/10519\/revisions"}],"predecessor-version":[{"id":10666,"href":"https:\/\/www.wellongpack.com\/pl\/wp-json\/wp\/v2\/product\/10519\/revisions\/10666"}],"wp:featuredmedia":[{"embeddable":true,"href":"https:\/\/www.wellongpack.com\/pl\/wp-json\/wp\/v2\/media\/10786"}],"wp:attachment":[{"href":"https:\/\/www.wellongpack.com\/pl\/wp-json\/wp\/v2\/media?parent=10519"}],"wp:term":[{"taxonomy":"product_cat","embeddable":true,"href":"https:\/\/www.wellongpack.com\/pl\/wp-json\/wp\/v2\/product_cat?post=10519"},{"taxonomy":"product_tag","embeddable":true,"href":"https:\/\/www.wellongpack.com\/pl\/wp-json\/wp\/v2\/product_tag?post=10519"}],"curies":[{"name":"wp","href":"https:\/\/api.w.org\/{rel}","templated":true}]}}