
{"id":10492,"date":"2023-06-09T15:21:13","date_gmt":"2023-06-09T07:21:13","guid":{"rendered":"http:\/\/75.webs.svipwebs.com\/?post_type=product&#038;p=10492"},"modified":"2023-06-13T09:58:26","modified_gmt":"2023-06-13T01:58:26","slug":"pet%ef%bc%86cpet-meat-container","status":"publish","type":"product","link":"https:\/\/www.wellongpack.com\/pl\/produkt\/pet\uff06cpet-meat-container\/","title":{"rendered":"Pojemnik na mi\u0119so PET\uff06CPET"},"content":{"rendered":"<p>Gor\u0105co sprzedaj\u0105ca si\u0119 plastikowa taca PET Clear formowana pr\u00f3\u017cniowo na owoce, warzywa, sa\u0142atki, mi\u0119so. Tace PET s\u0105 preferowane ze wzgl\u0119du na ich doskona\u0142\u0105 przejrzysto\u015b\u0107. Je\u015bli chcesz zwi\u0119kszy\u0107 atrakcyjno\u015b\u0107 swoich produkt\u00f3w na p\u00f3\u0142kach sklepowych i przyci\u0105gn\u0105\u0107 uwag\u0119 konsument\u00f3w, tacki PET s\u0105 doskona\u0142ym rozwi\u0105zaniem.<\/p>\n<p><img loading=\"lazy\" decoding=\"async\" class=\"alignnone wp-image-10493\" src=\"https:\/\/www.wellongpack.com\/wp-content\/uploads\/2023\/06\/1-2.png\" alt=\"\" width=\"750\" height=\"465\" srcset=\"https:\/\/www.wellongpack.com\/wp-content\/uploads\/2023\/06\/1-2.png 762w, https:\/\/www.wellongpack.com\/wp-content\/uploads\/2023\/06\/1-2-430x266.png 430w, https:\/\/www.wellongpack.com\/wp-content\/uploads\/2023\/06\/1-2-150x93.png 150w, https:\/\/www.wellongpack.com\/wp-content\/uploads\/2023\/06\/1-2-700x434.png 700w, https:\/\/www.wellongpack.com\/wp-content\/uploads\/2023\/06\/1-2-400x248.png 400w\" sizes=\"auto, (max-width: 750px) 100vw, 750px\" \/> <img loading=\"lazy\" decoding=\"async\" class=\"alignnone wp-image-10494\" src=\"https:\/\/www.wellongpack.com\/wp-content\/uploads\/2023\/06\/2-91.jpg\" alt=\"\" width=\"750\" height=\"581\" srcset=\"https:\/\/www.wellongpack.com\/wp-content\/uploads\/2023\/06\/2-91.jpg 2456w, https:\/\/www.wellongpack.com\/wp-content\/uploads\/2023\/06\/2-91-430x333.jpg 430w, https:\/\/www.wellongpack.com\/wp-content\/uploads\/2023\/06\/2-91-150x116.jpg 150w, https:\/\/www.wellongpack.com\/wp-content\/uploads\/2023\/06\/2-91-700x542.jpg 700w, https:\/\/www.wellongpack.com\/wp-content\/uploads\/2023\/06\/2-91-388x300.jpg 388w, https:\/\/www.wellongpack.com\/wp-content\/uploads\/2023\/06\/2-91-1034x800.jpg 1034w, https:\/\/www.wellongpack.com\/wp-content\/uploads\/2023\/06\/2-91-768x594.jpg 768w, https:\/\/www.wellongpack.com\/wp-content\/uploads\/2023\/06\/2-91-1536x1189.jpg 1536w, https:\/\/www.wellongpack.com\/wp-content\/uploads\/2023\/06\/2-91-2048x1585.jpg 2048w, https:\/\/www.wellongpack.com\/wp-content\/uploads\/2023\/06\/2-91-860x666.jpg 860w\" sizes=\"auto, (max-width: 750px) 100vw, 750px\" \/> <img loading=\"lazy\" decoding=\"async\" class=\"alignnone wp-image-10495\" src=\"https:\/\/www.wellongpack.com\/wp-content\/uploads\/2023\/06\/3-75-scaled.jpg\" alt=\"\" width=\"750\" height=\"908\" srcset=\"https:\/\/www.wellongpack.com\/wp-content\/uploads\/2023\/06\/3-75-scaled.jpg 2114w, https:\/\/www.wellongpack.com\/wp-content\/uploads\/2023\/06\/3-75-scaled-430x521.jpg 430w, https:\/\/www.wellongpack.com\/wp-content\/uploads\/2023\/06\/3-75-scaled-150x182.jpg 150w, https:\/\/www.wellongpack.com\/wp-content\/uploads\/2023\/06\/3-75-scaled-700x848.jpg 700w, https:\/\/www.wellongpack.com\/wp-content\/uploads\/2023\/06\/3-75-248x300.jpg 248w, https:\/\/www.wellongpack.com\/wp-content\/uploads\/2023\/06\/3-75-661x800.jpg 661w, https:\/\/www.wellongpack.com\/wp-content\/uploads\/2023\/06\/3-75-768x930.jpg 768w, https:\/\/www.wellongpack.com\/wp-content\/uploads\/2023\/06\/3-75-1268x1536.jpg 1268w, https:\/\/www.wellongpack.com\/wp-content\/uploads\/2023\/06\/3-75-1691x2048.jpg 1691w, https:\/\/www.wellongpack.com\/wp-content\/uploads\/2023\/06\/3-75-860x1041.jpg 860w\" sizes=\"auto, (max-width: 750px) 100vw, 750px\" \/> <img loading=\"lazy\" decoding=\"async\" class=\"alignnone wp-image-10496\" src=\"https:\/\/www.wellongpack.com\/wp-content\/uploads\/2023\/06\/4-41-scaled.jpg\" alt=\"\" width=\"750\" height=\"1000\" srcset=\"https:\/\/www.wellongpack.com\/wp-content\/uploads\/2023\/06\/4-41-scaled.jpg 1920w, https:\/\/www.wellongpack.com\/wp-content\/uploads\/2023\/06\/4-41-scaled-430x573.jpg 430w, https:\/\/www.wellongpack.com\/wp-content\/uploads\/2023\/06\/4-41-scaled-150x200.jpg 150w, https:\/\/www.wellongpack.com\/wp-content\/uploads\/2023\/06\/4-41-scaled-700x933.jpg 700w, https:\/\/www.wellongpack.com\/wp-content\/uploads\/2023\/06\/4-41-225x300.jpg 225w, https:\/\/www.wellongpack.com\/wp-content\/uploads\/2023\/06\/4-41-600x800.jpg 600w, https:\/\/www.wellongpack.com\/wp-content\/uploads\/2023\/06\/4-41-768x1024.jpg 768w, https:\/\/www.wellongpack.com\/wp-content\/uploads\/2023\/06\/4-41-1152x1536.jpg 1152w, https:\/\/www.wellongpack.com\/wp-content\/uploads\/2023\/06\/4-41-1536x2048.jpg 1536w, https:\/\/www.wellongpack.com\/wp-content\/uploads\/2023\/06\/4-41-860x1147.jpg 860w\" sizes=\"auto, (max-width: 750px) 100vw, 750px\" \/> <img loading=\"lazy\" decoding=\"async\" class=\"alignnone wp-image-10497\" src=\"https:\/\/www.wellongpack.com\/wp-content\/uploads\/2023\/06\/5-23-scaled.jpg\" alt=\"\" width=\"750\" height=\"807\" srcset=\"https:\/\/www.wellongpack.com\/wp-content\/uploads\/2023\/06\/5-23-scaled.jpg 2379w, https:\/\/www.wellongpack.com\/wp-content\/uploads\/2023\/06\/5-23-scaled-430x463.jpg 430w, https:\/\/www.wellongpack.com\/wp-content\/uploads\/2023\/06\/5-23-scaled-150x161.jpg 150w, https:\/\/www.wellongpack.com\/wp-content\/uploads\/2023\/06\/5-23-scaled-700x753.jpg 700w, https:\/\/www.wellongpack.com\/wp-content\/uploads\/2023\/06\/5-23-279x300.jpg 279w, https:\/\/www.wellongpack.com\/wp-content\/uploads\/2023\/06\/5-23-743x800.jpg 743w, https:\/\/www.wellongpack.com\/wp-content\/uploads\/2023\/06\/5-23-768x826.jpg 768w, https:\/\/www.wellongpack.com\/wp-content\/uploads\/2023\/06\/5-23-1427x1536.jpg 1427w, https:\/\/www.wellongpack.com\/wp-content\/uploads\/2023\/06\/5-23-1903x2048.jpg 1903w, https:\/\/www.wellongpack.com\/wp-content\/uploads\/2023\/06\/5-23-860x925.jpg 860w\" sizes=\"auto, (max-width: 750px) 100vw, 750px\" \/> <img loading=\"lazy\" decoding=\"async\" class=\"alignnone wp-image-10498\" src=\"https:\/\/www.wellongpack.com\/wp-content\/uploads\/2023\/06\/7ef88b2dcc40c0a196c58e4cf343315a_APSP15RND-15inch-black-round-food-service-platter-900x600-1.jpg\" alt=\"\" width=\"750\" height=\"500\" srcset=\"https:\/\/www.wellongpack.com\/wp-content\/uploads\/2023\/06\/7ef88b2dcc40c0a196c58e4cf343315a_APSP15RND-15inch-black-round-food-service-platter-900x600-1.jpg 900w, https:\/\/www.wellongpack.com\/wp-content\/uploads\/2023\/06\/7ef88b2dcc40c0a196c58e4cf343315a_APSP15RND-15inch-black-round-food-service-platter-900x600-1-430x287.jpg 430w, https:\/\/www.wellongpack.com\/wp-content\/uploads\/2023\/06\/7ef88b2dcc40c0a196c58e4cf343315a_APSP15RND-15inch-black-round-food-service-platter-900x600-1-150x100.jpg 150w, https:\/\/www.wellongpack.com\/wp-content\/uploads\/2023\/06\/7ef88b2dcc40c0a196c58e4cf343315a_APSP15RND-15inch-black-round-food-service-platter-900x600-1-700x467.jpg 700w, https:\/\/www.wellongpack.com\/wp-content\/uploads\/2023\/06\/7ef88b2dcc40c0a196c58e4cf343315a_APSP15RND-15inch-black-round-food-service-platter-900x600-1-400x267.jpg 400w, https:\/\/www.wellongpack.com\/wp-content\/uploads\/2023\/06\/7ef88b2dcc40c0a196c58e4cf343315a_APSP15RND-15inch-black-round-food-service-platter-900x600-1-768x512.jpg 768w, https:\/\/www.wellongpack.com\/wp-content\/uploads\/2023\/06\/7ef88b2dcc40c0a196c58e4cf343315a_APSP15RND-15inch-black-round-food-service-platter-900x600-1-860x573.jpg 860w\" sizes=\"auto, (max-width: 750px) 100vw, 750px\" \/><\/p>","protected":false},"excerpt":{"rendered":"<p>Hot selling PET Clear vacuum formed plastic tray for fruit, vegetable, salad, meat.PET trays are preferred due to their excellent<\/p>","protected":false},"featured_media":10493,"comment_status":"open","ping_status":"closed","template":"","meta":[],"product_cat":[70,119,118],"product_tag":[],"class_list":["post-10492","product","type-product","status-publish","has-post-thumbnail","hentry","product_cat-foodservice-packaging","product_cat-pet-containerbowl","product_cat-plastic-container"],"_links":{"self":[{"href":"https:\/\/www.wellongpack.com\/pl\/wp-json\/wp\/v2\/product\/10492","targetHints":{"allow":["GET"]}}],"collection":[{"href":"https:\/\/www.wellongpack.com\/pl\/wp-json\/wp\/v2\/product"}],"about":[{"href":"https:\/\/www.wellongpack.com\/pl\/wp-json\/wp\/v2\/types\/product"}],"replies":[{"embeddable":true,"href":"https:\/\/www.wellongpack.com\/pl\/wp-json\/wp\/v2\/comments?post=10492"}],"version-history":[{"count":3,"href":"https:\/\/www.wellongpack.com\/pl\/wp-json\/wp\/v2\/product\/10492\/revisions"}],"predecessor-version":[{"id":10694,"href":"https:\/\/www.wellongpack.com\/pl\/wp-json\/wp\/v2\/product\/10492\/revisions\/10694"}],"wp:featuredmedia":[{"embeddable":true,"href":"https:\/\/www.wellongpack.com\/pl\/wp-json\/wp\/v2\/media\/10493"}],"wp:attachment":[{"href":"https:\/\/www.wellongpack.com\/pl\/wp-json\/wp\/v2\/media?parent=10492"}],"wp:term":[{"taxonomy":"product_cat","embeddable":true,"href":"https:\/\/www.wellongpack.com\/pl\/wp-json\/wp\/v2\/product_cat?post=10492"},{"taxonomy":"product_tag","embeddable":true,"href":"https:\/\/www.wellongpack.com\/pl\/wp-json\/wp\/v2\/product_tag?post=10492"}],"curies":[{"name":"wp","href":"https:\/\/api.w.org\/{rel}","templated":true}]}}