
{"id":10335,"date":"2023-06-04T17:42:04","date_gmt":"2023-06-04T09:42:04","guid":{"rendered":"http:\/\/75.webs.svipwebs.com\/?post_type=product&#038;p=10335"},"modified":"2023-06-13T09:23:11","modified_gmt":"2023-06-13T01:23:11","slug":"sturdy-safe-coffee-cup-holder-c-2","status":"publish","type":"product","link":"https:\/\/www.wellongpack.com\/pl\/produkt\/sturdy-safe-coffee-cup-holder-c-2\/","title":{"rendered":"Wytrzyma\u0142y, bezpieczny uchwyt na fili\u017cank\u0119 kawy C"},"content":{"rendered":"<p>Idealny do r\u00f3\u017cnych zastosowa\u0144 na wynos, ten pojemnik na napoje z pewno\u015bci\u0105 zaspokoi wszystkie potrzeby zwi\u0105zane z gor\u0105cymi i zimnymi napojami! Ten tekturowy pojemnik na napoje umo\u017cliwi klientom i dostawcom bezpieczny transport wielu kubk\u00f3w, zapewniaj\u0105c, \u017ce wszystkie napoje dotr\u0105 do miejsca przeznaczenia bez rozlania lub ba\u0142aganu.<\/p>\n<p><img loading=\"lazy\" decoding=\"async\" class=\"alignnone wp-image-10336\" src=\"https:\/\/www.wellongpack.com\/wp-content\/uploads\/2023\/06\/1-89.jpg\" alt=\"\" width=\"700\" height=\"700\" srcset=\"https:\/\/www.wellongpack.com\/wp-content\/uploads\/2023\/06\/1-89.jpg 800w, https:\/\/www.wellongpack.com\/wp-content\/uploads\/2023\/06\/1-89-430x430.jpg 430w, https:\/\/www.wellongpack.com\/wp-content\/uploads\/2023\/06\/1-89-150x150.jpg 150w, https:\/\/www.wellongpack.com\/wp-content\/uploads\/2023\/06\/1-89-700x700.jpg 700w, https:\/\/www.wellongpack.com\/wp-content\/uploads\/2023\/06\/1-89-300x300.jpg 300w, https:\/\/www.wellongpack.com\/wp-content\/uploads\/2023\/06\/1-89-768x768.jpg 768w\" sizes=\"auto, (max-width: 700px) 100vw, 700px\" \/> <img loading=\"lazy\" decoding=\"async\" class=\"alignnone wp-image-10337\" src=\"https:\/\/www.wellongpack.com\/wp-content\/uploads\/2023\/06\/2-86.jpg\" alt=\"\" width=\"700\" height=\"768\" srcset=\"https:\/\/www.wellongpack.com\/wp-content\/uploads\/2023\/06\/2-86.jpg 790w, https:\/\/www.wellongpack.com\/wp-content\/uploads\/2023\/06\/2-86-430x472.jpg 430w, https:\/\/www.wellongpack.com\/wp-content\/uploads\/2023\/06\/2-86-150x165.jpg 150w, https:\/\/www.wellongpack.com\/wp-content\/uploads\/2023\/06\/2-86-700x768.jpg 700w, https:\/\/www.wellongpack.com\/wp-content\/uploads\/2023\/06\/2-86-273x300.jpg 273w, https:\/\/www.wellongpack.com\/wp-content\/uploads\/2023\/06\/2-86-729x800.jpg 729w, https:\/\/www.wellongpack.com\/wp-content\/uploads\/2023\/06\/2-86-768x843.jpg 768w\" sizes=\"auto, (max-width: 700px) 100vw, 700px\" \/> <img loading=\"lazy\" decoding=\"async\" class=\"alignnone wp-image-10338\" src=\"https:\/\/www.wellongpack.com\/wp-content\/uploads\/2023\/06\/3-70.jpg\" alt=\"\" width=\"700\" height=\"700\" srcset=\"https:\/\/www.wellongpack.com\/wp-content\/uploads\/2023\/06\/3-70.jpg 800w, https:\/\/www.wellongpack.com\/wp-content\/uploads\/2023\/06\/3-70-430x430.jpg 430w, https:\/\/www.wellongpack.com\/wp-content\/uploads\/2023\/06\/3-70-150x150.jpg 150w, https:\/\/www.wellongpack.com\/wp-content\/uploads\/2023\/06\/3-70-700x700.jpg 700w, https:\/\/www.wellongpack.com\/wp-content\/uploads\/2023\/06\/3-70-300x300.jpg 300w, https:\/\/www.wellongpack.com\/wp-content\/uploads\/2023\/06\/3-70-768x768.jpg 768w\" sizes=\"auto, (max-width: 700px) 100vw, 700px\" \/><\/p>","protected":false},"excerpt":{"rendered":"<p>Perfect for a variety of take-out applications, this drink carrier is sure to suit all your hot and cold beverage<\/p>","protected":false},"featured_media":10336,"comment_status":"open","ping_status":"closed","template":"","meta":[],"product_cat":[108,70,110,111,109],"product_tag":[],"class_list":["post-10335","product","type-product","status-publish","has-post-thumbnail","hentry","product_cat-cups-and-lids","product_cat-foodservice-packaging","product_cat-paper-cup","product_cat-paper-cup-holder","product_cat-paper-cup-lids"],"_links":{"self":[{"href":"https:\/\/www.wellongpack.com\/pl\/wp-json\/wp\/v2\/product\/10335","targetHints":{"allow":["GET"]}}],"collection":[{"href":"https:\/\/www.wellongpack.com\/pl\/wp-json\/wp\/v2\/product"}],"about":[{"href":"https:\/\/www.wellongpack.com\/pl\/wp-json\/wp\/v2\/types\/product"}],"replies":[{"embeddable":true,"href":"https:\/\/www.wellongpack.com\/pl\/wp-json\/wp\/v2\/comments?post=10335"}],"version-history":[{"count":4,"href":"https:\/\/www.wellongpack.com\/pl\/wp-json\/wp\/v2\/product\/10335\/revisions"}],"predecessor-version":[{"id":10678,"href":"https:\/\/www.wellongpack.com\/pl\/wp-json\/wp\/v2\/product\/10335\/revisions\/10678"}],"wp:featuredmedia":[{"embeddable":true,"href":"https:\/\/www.wellongpack.com\/pl\/wp-json\/wp\/v2\/media\/10336"}],"wp:attachment":[{"href":"https:\/\/www.wellongpack.com\/pl\/wp-json\/wp\/v2\/media?parent=10335"}],"wp:term":[{"taxonomy":"product_cat","embeddable":true,"href":"https:\/\/www.wellongpack.com\/pl\/wp-json\/wp\/v2\/product_cat?post=10335"},{"taxonomy":"product_tag","embeddable":true,"href":"https:\/\/www.wellongpack.com\/pl\/wp-json\/wp\/v2\/product_tag?post=10335"}],"curies":[{"name":"wp","href":"https:\/\/api.w.org\/{rel}","templated":true}]}}