
{"id":10203,"date":"2023-06-02T23:55:09","date_gmt":"2023-06-02T15:55:09","guid":{"rendered":"http:\/\/75.webs.svipwebs.com\/?post_type=product&#038;p=10203"},"modified":"2026-01-08T23:25:55","modified_gmt":"2026-01-08T15:25:55","slug":"molded-pulp-box","status":"publish","type":"product","link":"https:\/\/www.wellongpack.com\/pl\/produkt\/molded-pulp-box\/","title":{"rendered":"Pude\u0142ko z masy celulozowej"},"content":{"rendered":"<p>To formowane pude\u0142ko i taca z masy celulozowej s\u0105 formowane z w\u0142\u00f3kna wyt\u0142ok\u00f3w trzciny cukrowej. Jest to surowiec odnawialny o kr\u00f3tkim cyklu wzrostu. Materia\u0142y i proces produkcji s\u0105 przyjazne dla \u015brodowiska. Gotowe produkty s\u0105 w pe\u0142ni biodegradowalne.<\/p>","protected":false},"excerpt":{"rendered":"<p>To formowane pude\u0142ko i taca z masy celulozowej s\u0105 formowane z w\u0142\u00f3kna wyt\u0142ok\u00f3w trzciny cukrowej. Jest to surowiec odnawialny o kr\u00f3tkim cyklu wzrostu.<\/p>","protected":false},"featured_media":10204,"comment_status":"open","ping_status":"closed","template":"","meta":[],"product_cat":[20,154],"product_tag":[],"class_list":["post-10203","product","type-product","status-publish","has-post-thumbnail","hentry","product_cat-all-products","product_cat-top"],"_links":{"self":[{"href":"https:\/\/www.wellongpack.com\/pl\/wp-json\/wp\/v2\/product\/10203","targetHints":{"allow":["GET"]}}],"collection":[{"href":"https:\/\/www.wellongpack.com\/pl\/wp-json\/wp\/v2\/product"}],"about":[{"href":"https:\/\/www.wellongpack.com\/pl\/wp-json\/wp\/v2\/types\/product"}],"replies":[{"embeddable":true,"href":"https:\/\/www.wellongpack.com\/pl\/wp-json\/wp\/v2\/comments?post=10203"}],"version-history":[{"count":1,"href":"https:\/\/www.wellongpack.com\/pl\/wp-json\/wp\/v2\/product\/10203\/revisions"}],"predecessor-version":[{"id":10205,"href":"https:\/\/www.wellongpack.com\/pl\/wp-json\/wp\/v2\/product\/10203\/revisions\/10205"}],"wp:featuredmedia":[{"embeddable":true,"href":"https:\/\/www.wellongpack.com\/pl\/wp-json\/wp\/v2\/media\/10204"}],"wp:attachment":[{"href":"https:\/\/www.wellongpack.com\/pl\/wp-json\/wp\/v2\/media?parent=10203"}],"wp:term":[{"taxonomy":"product_cat","embeddable":true,"href":"https:\/\/www.wellongpack.com\/pl\/wp-json\/wp\/v2\/product_cat?post=10203"},{"taxonomy":"product_tag","embeddable":true,"href":"https:\/\/www.wellongpack.com\/pl\/wp-json\/wp\/v2\/product_tag?post=10203"}],"curies":[{"name":"wp","href":"https:\/\/api.w.org\/{rel}","templated":true}]}}