
{"id":10199,"date":"2023-06-02T23:54:36","date_gmt":"2023-06-02T15:54:36","guid":{"rendered":"http:\/\/75.webs.svipwebs.com\/?post_type=product&#038;p=10199"},"modified":"2025-11-06T06:00:14","modified_gmt":"2025-11-05T22:00:14","slug":"micro-perforated-bags","status":"publish","type":"product","link":"https:\/\/www.wellongpack.com\/pl\/produkt\/worki-z-mikroperforacja\/","title":{"rendered":"Worki z mikroperforacj\u0105"},"content":{"rendered":"<p>Worki na chleb z mikroperforacj\u0105 s\u0105 idealnym wyborem do pieczywa rzemie\u015blniczego. Mog\u0105 te\u017c s\u0142u\u017cy\u0107 do pakowania produkt\u00f3w, pozwalaj\u0105c warzywom oddycha\u0107 bez zatrzymywania szkodliwych opar\u00f3w.<\/p>\n<ul>\n<li>Mikroperforacje odprowadzaj\u0105 zapachy, aby przyci\u0105gn\u0105\u0107 klient\u00f3w \u015bwie\u017cym zapachem pieczonego chleba.<\/li>\n<li>Nadmiar wilgoci jest odprowadzany, dzi\u0119ki czemu chleb pozostaje chrupi\u0105cy, a produkty d\u0142u\u017cej \u015bwie\u017ce<\/li>\n<li>Perforacje s\u0105 wystarczaj\u0105co ma\u0142e, aby zapobiec starzeniu si\u0119 \u017cywno\u015bci<\/li>\n<\/ul>\n<p>&nbsp;<\/p>\n<p>&nbsp;<\/p>","protected":false},"excerpt":{"rendered":"<p>Torebki na chleb z mikroperforacj\u0105 to idealny wyb\u00f3r do pieczywa rzemie\u015blniczego. Mo\u017cna je r\u00f3wnie\u017c wykorzysta\u0107 do pakowania produkt\u00f3w, aby umo\u017cliwi\u0107 warzywom oddychanie bez<\/p>","protected":false},"featured_media":10200,"comment_status":"open","ping_status":"closed","template":"","meta":[],"product_cat":[20,154],"product_tag":[],"class_list":["post-10199","product","type-product","status-publish","has-post-thumbnail","hentry","product_cat-all-products","product_cat-top"],"_links":{"self":[{"href":"https:\/\/www.wellongpack.com\/pl\/wp-json\/wp\/v2\/product\/10199","targetHints":{"allow":["GET"]}}],"collection":[{"href":"https:\/\/www.wellongpack.com\/pl\/wp-json\/wp\/v2\/product"}],"about":[{"href":"https:\/\/www.wellongpack.com\/pl\/wp-json\/wp\/v2\/types\/product"}],"replies":[{"embeddable":true,"href":"https:\/\/www.wellongpack.com\/pl\/wp-json\/wp\/v2\/comments?post=10199"}],"version-history":[{"count":1,"href":"https:\/\/www.wellongpack.com\/pl\/wp-json\/wp\/v2\/product\/10199\/revisions"}],"predecessor-version":[{"id":10202,"href":"https:\/\/www.wellongpack.com\/pl\/wp-json\/wp\/v2\/product\/10199\/revisions\/10202"}],"wp:featuredmedia":[{"embeddable":true,"href":"https:\/\/www.wellongpack.com\/pl\/wp-json\/wp\/v2\/media\/10200"}],"wp:attachment":[{"href":"https:\/\/www.wellongpack.com\/pl\/wp-json\/wp\/v2\/media?parent=10199"}],"wp:term":[{"taxonomy":"product_cat","embeddable":true,"href":"https:\/\/www.wellongpack.com\/pl\/wp-json\/wp\/v2\/product_cat?post=10199"},{"taxonomy":"product_tag","embeddable":true,"href":"https:\/\/www.wellongpack.com\/pl\/wp-json\/wp\/v2\/product_tag?post=10199"}],"curies":[{"name":"wp","href":"https:\/\/api.w.org\/{rel}","templated":true}]}}