
{"id":10127,"date":"2023-06-01T14:35:47","date_gmt":"2023-06-01T06:35:47","guid":{"rendered":"http:\/\/75.webs.svipwebs.com\/?post_type=product&#038;p=10127"},"modified":"2023-06-01T14:35:47","modified_gmt":"2023-06-01T06:35:47","slug":"molded-pulp-box-for-cosmetic","status":"publish","type":"product","link":"https:\/\/www.wellongpack.com\/pl\/produkt\/formowane-pudelko-z-pulpy-do-kosmetykow\/","title":{"rendered":"Pude\u0142ko z masy celulozowej na kosmetyki"},"content":{"rendered":"<p><strong><b>Ta formowana masa celulozowa <\/b><\/strong><strong><b>pude\u0142ko kosmetyczne<\/b><\/strong><strong><b>\u00a0jest formowany z w\u0142\u00f3kna wyt\u0142ok\u00f3w trzciny cukrowej. Jest to surowiec odnawialny o kr\u00f3tkim cyklu wzrostu. Materia\u0142y i proces produkcji s\u0105 przyjazne dla \u015brodowiska. Gotowe produkty s\u0105 w pe\u0142ni biodegradowalne.<\/b><\/strong><\/p>\n<p><img loading=\"lazy\" decoding=\"async\" class=\"alignnone size-full wp-image-10128\" src=\"https:\/\/www.wellongpack.com\/wp-content\/uploads\/2023\/06\/1-71.jpg\" alt=\"\" width=\"960\" height=\"960\" srcset=\"https:\/\/www.wellongpack.com\/wp-content\/uploads\/2023\/06\/1-71.jpg 960w, https:\/\/www.wellongpack.com\/wp-content\/uploads\/2023\/06\/1-71-430x430.jpg 430w, https:\/\/www.wellongpack.com\/wp-content\/uploads\/2023\/06\/1-71-150x150.jpg 150w, https:\/\/www.wellongpack.com\/wp-content\/uploads\/2023\/06\/1-71-700x700.jpg 700w, https:\/\/www.wellongpack.com\/wp-content\/uploads\/2023\/06\/1-71-300x300.jpg 300w, https:\/\/www.wellongpack.com\/wp-content\/uploads\/2023\/06\/1-71-800x800.jpg 800w, https:\/\/www.wellongpack.com\/wp-content\/uploads\/2023\/06\/1-71-768x768.jpg 768w, https:\/\/www.wellongpack.com\/wp-content\/uploads\/2023\/06\/1-71-860x860.jpg 860w\" sizes=\"auto, (max-width: 960px) 100vw, 960px\" \/> <img loading=\"lazy\" decoding=\"async\" class=\"alignnone size-full wp-image-10129\" src=\"https:\/\/www.wellongpack.com\/wp-content\/uploads\/2023\/06\/2-69.jpg\" alt=\"\" width=\"542\" height=\"566\" srcset=\"https:\/\/www.wellongpack.com\/wp-content\/uploads\/2023\/06\/2-69.jpg 542w, https:\/\/www.wellongpack.com\/wp-content\/uploads\/2023\/06\/2-69-430x449.jpg 430w, https:\/\/www.wellongpack.com\/wp-content\/uploads\/2023\/06\/2-69-150x157.jpg 150w, https:\/\/www.wellongpack.com\/wp-content\/uploads\/2023\/06\/2-69-287x300.jpg 287w\" sizes=\"auto, (max-width: 542px) 100vw, 542px\" \/> <img loading=\"lazy\" decoding=\"async\" class=\"alignnone size-full wp-image-10130\" src=\"https:\/\/www.wellongpack.com\/wp-content\/uploads\/2023\/06\/3-54.jpg\" alt=\"\" width=\"1276\" height=\"1276\" srcset=\"https:\/\/www.wellongpack.com\/wp-content\/uploads\/2023\/06\/3-54.jpg 1276w, https:\/\/www.wellongpack.com\/wp-content\/uploads\/2023\/06\/3-54-430x430.jpg 430w, https:\/\/www.wellongpack.com\/wp-content\/uploads\/2023\/06\/3-54-150x150.jpg 150w, https:\/\/www.wellongpack.com\/wp-content\/uploads\/2023\/06\/3-54-700x700.jpg 700w, https:\/\/www.wellongpack.com\/wp-content\/uploads\/2023\/06\/3-54-300x300.jpg 300w, https:\/\/www.wellongpack.com\/wp-content\/uploads\/2023\/06\/3-54-800x800.jpg 800w, https:\/\/www.wellongpack.com\/wp-content\/uploads\/2023\/06\/3-54-768x768.jpg 768w, https:\/\/www.wellongpack.com\/wp-content\/uploads\/2023\/06\/3-54-860x860.jpg 860w\" sizes=\"auto, (max-width: 1276px) 100vw, 1276px\" \/> <img loading=\"lazy\" decoding=\"async\" class=\"alignnone size-full wp-image-10131\" src=\"https:\/\/www.wellongpack.com\/wp-content\/uploads\/2023\/06\/4-29.jpg\" alt=\"\" width=\"960\" height=\"960\" srcset=\"https:\/\/www.wellongpack.com\/wp-content\/uploads\/2023\/06\/4-29.jpg 960w, https:\/\/www.wellongpack.com\/wp-content\/uploads\/2023\/06\/4-29-430x430.jpg 430w, https:\/\/www.wellongpack.com\/wp-content\/uploads\/2023\/06\/4-29-150x150.jpg 150w, https:\/\/www.wellongpack.com\/wp-content\/uploads\/2023\/06\/4-29-700x700.jpg 700w, https:\/\/www.wellongpack.com\/wp-content\/uploads\/2023\/06\/4-29-300x300.jpg 300w, https:\/\/www.wellongpack.com\/wp-content\/uploads\/2023\/06\/4-29-800x800.jpg 800w, https:\/\/www.wellongpack.com\/wp-content\/uploads\/2023\/06\/4-29-768x768.jpg 768w, https:\/\/www.wellongpack.com\/wp-content\/uploads\/2023\/06\/4-29-860x860.jpg 860w\" sizes=\"auto, (max-width: 960px) 100vw, 960px\" \/><\/p>","protected":false},"excerpt":{"rendered":"<p>This molded pulp cosmetic box\u00a0is molded from sugarcane bagasse fiber. It is renewable resources with short growth cycle. The materials<\/p>","protected":false},"featured_media":10128,"comment_status":"open","ping_status":"closed","template":"","meta":[],"product_cat":[146,150],"product_tag":[],"class_list":["post-10127","product","type-product","status-publish","has-post-thumbnail","hentry","product_cat-molded-pulp","product_cat-molded-pulp-box-tray"],"_links":{"self":[{"href":"https:\/\/www.wellongpack.com\/pl\/wp-json\/wp\/v2\/product\/10127","targetHints":{"allow":["GET"]}}],"collection":[{"href":"https:\/\/www.wellongpack.com\/pl\/wp-json\/wp\/v2\/product"}],"about":[{"href":"https:\/\/www.wellongpack.com\/pl\/wp-json\/wp\/v2\/types\/product"}],"replies":[{"embeddable":true,"href":"https:\/\/www.wellongpack.com\/pl\/wp-json\/wp\/v2\/comments?post=10127"}],"version-history":[{"count":1,"href":"https:\/\/www.wellongpack.com\/pl\/wp-json\/wp\/v2\/product\/10127\/revisions"}],"predecessor-version":[{"id":10132,"href":"https:\/\/www.wellongpack.com\/pl\/wp-json\/wp\/v2\/product\/10127\/revisions\/10132"}],"wp:featuredmedia":[{"embeddable":true,"href":"https:\/\/www.wellongpack.com\/pl\/wp-json\/wp\/v2\/media\/10128"}],"wp:attachment":[{"href":"https:\/\/www.wellongpack.com\/pl\/wp-json\/wp\/v2\/media?parent=10127"}],"wp:term":[{"taxonomy":"product_cat","embeddable":true,"href":"https:\/\/www.wellongpack.com\/pl\/wp-json\/wp\/v2\/product_cat?post=10127"},{"taxonomy":"product_tag","embeddable":true,"href":"https:\/\/www.wellongpack.com\/pl\/wp-json\/wp\/v2\/product_tag?post=10127"}],"curies":[{"name":"wp","href":"https:\/\/api.w.org\/{rel}","templated":true}]}}