
{"id":10045,"date":"2023-06-01T13:53:27","date_gmt":"2023-06-01T05:53:27","guid":{"rendered":"http:\/\/75.webs.svipwebs.com\/?post_type=product&#038;p=10045"},"modified":"2023-06-01T13:53:27","modified_gmt":"2023-06-01T05:53:27","slug":"disposable-wood-rectangular-plate","status":"publish","type":"product","link":"https:\/\/www.wellongpack.com\/pl\/produkt\/jednorazowa-drewniana-plyta-prostokatna\/","title":{"rendered":"Jednorazowa drewniana p\u0142yta prostok\u0105tna"},"content":{"rendered":"<p>Ten drewniany talerz jest idealny do wszelkich delikates\u00f3w, stoisk koncesyjnych, sklep\u00f3w z kanapkami, food truck\u00f3w lub sklep\u00f3w spo\u017cywczych! Idealnie nadaje si\u0119 na przyj\u0119cia lub imprezy cateringowe, gdzie potrzebne s\u0105 produkty jednorazowe do szybkiego i skutecznego czyszczenia.<\/p>\n<p><img loading=\"lazy\" decoding=\"async\" class=\"alignnone size-full wp-image-10046\" src=\"https:\/\/www.wellongpack.com\/wp-content\/uploads\/2023\/06\/1-55.jpg\" alt=\"\" width=\"299\" height=\"300\" srcset=\"https:\/\/www.wellongpack.com\/wp-content\/uploads\/2023\/06\/1-55.jpg 299w, https:\/\/www.wellongpack.com\/wp-content\/uploads\/2023\/06\/1-55-150x150.jpg 150w\" sizes=\"auto, (max-width: 299px) 100vw, 299px\" \/> <img loading=\"lazy\" decoding=\"async\" class=\"alignnone size-full wp-image-10047\" src=\"https:\/\/www.wellongpack.com\/wp-content\/uploads\/2023\/06\/2-54.jpg\" alt=\"\" width=\"600\" height=\"600\" srcset=\"https:\/\/www.wellongpack.com\/wp-content\/uploads\/2023\/06\/2-54.jpg 600w, https:\/\/www.wellongpack.com\/wp-content\/uploads\/2023\/06\/2-54-430x430.jpg 430w, https:\/\/www.wellongpack.com\/wp-content\/uploads\/2023\/06\/2-54-150x150.jpg 150w, https:\/\/www.wellongpack.com\/wp-content\/uploads\/2023\/06\/2-54-300x300.jpg 300w\" sizes=\"auto, (max-width: 600px) 100vw, 600px\" \/><\/p>","protected":false},"excerpt":{"rendered":"<p>This Wood\u00a0plate is perfect for any deli, concession stand, sandwich shop, food truck, or grocery store! It&#8217;s ideal for parties<\/p>","protected":false},"featured_media":10046,"comment_status":"open","ping_status":"closed","template":"","meta":[],"product_cat":[124,145,144],"product_tag":[],"class_list":["post-10045","product","type-product","status-publish","has-post-thumbnail","hentry","product_cat-sustainability-packaging","product_cat-wood-plate","product_cat-wooden-tableware"],"_links":{"self":[{"href":"https:\/\/www.wellongpack.com\/pl\/wp-json\/wp\/v2\/product\/10045","targetHints":{"allow":["GET"]}}],"collection":[{"href":"https:\/\/www.wellongpack.com\/pl\/wp-json\/wp\/v2\/product"}],"about":[{"href":"https:\/\/www.wellongpack.com\/pl\/wp-json\/wp\/v2\/types\/product"}],"replies":[{"embeddable":true,"href":"https:\/\/www.wellongpack.com\/pl\/wp-json\/wp\/v2\/comments?post=10045"}],"version-history":[{"count":1,"href":"https:\/\/www.wellongpack.com\/pl\/wp-json\/wp\/v2\/product\/10045\/revisions"}],"predecessor-version":[{"id":10048,"href":"https:\/\/www.wellongpack.com\/pl\/wp-json\/wp\/v2\/product\/10045\/revisions\/10048"}],"wp:featuredmedia":[{"embeddable":true,"href":"https:\/\/www.wellongpack.com\/pl\/wp-json\/wp\/v2\/media\/10046"}],"wp:attachment":[{"href":"https:\/\/www.wellongpack.com\/pl\/wp-json\/wp\/v2\/media?parent=10045"}],"wp:term":[{"taxonomy":"product_cat","embeddable":true,"href":"https:\/\/www.wellongpack.com\/pl\/wp-json\/wp\/v2\/product_cat?post=10045"},{"taxonomy":"product_tag","embeddable":true,"href":"https:\/\/www.wellongpack.com\/pl\/wp-json\/wp\/v2\/product_tag?post=10045"}],"curies":[{"name":"wp","href":"https:\/\/api.w.org\/{rel}","templated":true}]}}