
{"id":9816,"date":"2023-06-01T12:58:18","date_gmt":"2023-06-01T04:58:18","guid":{"rendered":"http:\/\/75.webs.svipwebs.com\/?post_type=product&#038;p=9816"},"modified":"2023-06-01T12:58:18","modified_gmt":"2023-06-01T04:58:18","slug":"bamboo-cutting-board","status":"publish","type":"product","link":"https:\/\/www.wellongpack.com\/it\/prodotto\/tavola-da-taglio-in-bambu\/","title":{"rendered":"Tagliere in bamb\u00f9"},"content":{"rendered":"<p>Realizzato in bamb\u00f9 rinnovabile, questo tagliere \u00e8 ideale per le strutture e gli eventi eco-consapevoli. Pu\u00f2 essere usato come tagliere e come pezzo da portata. \u00c8 perfetto per le cucine commerciali e per i ristoratori. \u00c8 dotato di un design reversibile per una durata ancora maggiore e pu\u00f2 essere utilizzato come supporto per impastatrici o tritacarne. Se utilizzato come tagliere, \u00e8 abbastanza robusto da poter essere usato con i coltelli pi\u00f9 grandi.<\/p>\n<p><img loading=\"lazy\" decoding=\"async\" class=\"alignnone size-full wp-image-9817\" src=\"https:\/\/www.wellongpack.com\/wp-content\/uploads\/2023\/06\/Bamboo-Chopping-Board.jpg\" alt=\"\" width=\"600\" height=\"600\" srcset=\"https:\/\/www.wellongpack.com\/wp-content\/uploads\/2023\/06\/Bamboo-Chopping-Board.jpg 600w, https:\/\/www.wellongpack.com\/wp-content\/uploads\/2023\/06\/Bamboo-Chopping-Board-430x430.jpg 430w, https:\/\/www.wellongpack.com\/wp-content\/uploads\/2023\/06\/Bamboo-Chopping-Board-150x150.jpg 150w, https:\/\/www.wellongpack.com\/wp-content\/uploads\/2023\/06\/Bamboo-Chopping-Board-300x300.jpg 300w\" sizes=\"auto, (max-width: 600px) 100vw, 600px\" \/> <img loading=\"lazy\" decoding=\"async\" class=\"alignnone size-full wp-image-9818\" src=\"https:\/\/www.wellongpack.com\/wp-content\/uploads\/2023\/06\/Bamboo-round-cutting-board.jpg\" alt=\"\" width=\"600\" height=\"600\" srcset=\"https:\/\/www.wellongpack.com\/wp-content\/uploads\/2023\/06\/Bamboo-round-cutting-board.jpg 600w, https:\/\/www.wellongpack.com\/wp-content\/uploads\/2023\/06\/Bamboo-round-cutting-board-430x430.jpg 430w, https:\/\/www.wellongpack.com\/wp-content\/uploads\/2023\/06\/Bamboo-round-cutting-board-150x150.jpg 150w, https:\/\/www.wellongpack.com\/wp-content\/uploads\/2023\/06\/Bamboo-round-cutting-board-300x300.jpg 300w\" sizes=\"auto, (max-width: 600px) 100vw, 600px\" \/> <img loading=\"lazy\" decoding=\"async\" class=\"alignnone size-full wp-image-9819\" src=\"https:\/\/www.wellongpack.com\/wp-content\/uploads\/2023\/06\/facf7f8ac591fe88cb27c89f04b323bf_1213254.jpg\" alt=\"\" width=\"600\" height=\"600\" srcset=\"https:\/\/www.wellongpack.com\/wp-content\/uploads\/2023\/06\/facf7f8ac591fe88cb27c89f04b323bf_1213254.jpg 600w, https:\/\/www.wellongpack.com\/wp-content\/uploads\/2023\/06\/facf7f8ac591fe88cb27c89f04b323bf_1213254-430x430.jpg 430w, https:\/\/www.wellongpack.com\/wp-content\/uploads\/2023\/06\/facf7f8ac591fe88cb27c89f04b323bf_1213254-150x150.jpg 150w, https:\/\/www.wellongpack.com\/wp-content\/uploads\/2023\/06\/facf7f8ac591fe88cb27c89f04b323bf_1213254-300x300.jpg 300w\" sizes=\"auto, (max-width: 600px) 100vw, 600px\" \/><\/p>","protected":false},"excerpt":{"rendered":"<p>Made of renewable bamboo, this board is ideal for eco-conscious establishments and events.it can be used as a chopping board<\/p>","protected":false},"featured_media":9817,"comment_status":"open","ping_status":"closed","template":"","meta":[],"product_cat":[135,124],"product_tag":[],"class_list":["post-9816","product","type-product","status-publish","has-post-thumbnail","hentry","product_cat-bamboo-tableware","product_cat-sustainability-packaging"],"_links":{"self":[{"href":"https:\/\/www.wellongpack.com\/it\/wp-json\/wp\/v2\/product\/9816","targetHints":{"allow":["GET"]}}],"collection":[{"href":"https:\/\/www.wellongpack.com\/it\/wp-json\/wp\/v2\/product"}],"about":[{"href":"https:\/\/www.wellongpack.com\/it\/wp-json\/wp\/v2\/types\/product"}],"replies":[{"embeddable":true,"href":"https:\/\/www.wellongpack.com\/it\/wp-json\/wp\/v2\/comments?post=9816"}],"version-history":[{"count":1,"href":"https:\/\/www.wellongpack.com\/it\/wp-json\/wp\/v2\/product\/9816\/revisions"}],"predecessor-version":[{"id":9820,"href":"https:\/\/www.wellongpack.com\/it\/wp-json\/wp\/v2\/product\/9816\/revisions\/9820"}],"wp:featuredmedia":[{"embeddable":true,"href":"https:\/\/www.wellongpack.com\/it\/wp-json\/wp\/v2\/media\/9817"}],"wp:attachment":[{"href":"https:\/\/www.wellongpack.com\/it\/wp-json\/wp\/v2\/media?parent=9816"}],"wp:term":[{"taxonomy":"product_cat","embeddable":true,"href":"https:\/\/www.wellongpack.com\/it\/wp-json\/wp\/v2\/product_cat?post=9816"},{"taxonomy":"product_tag","embeddable":true,"href":"https:\/\/www.wellongpack.com\/it\/wp-json\/wp\/v2\/product_tag?post=9816"}],"curies":[{"name":"wp","href":"https:\/\/api.w.org\/{rel}","templated":true}]}}