
{"id":9387,"date":"2023-05-24T10:30:47","date_gmt":"2023-05-24T02:30:47","guid":{"rendered":"http:\/\/75.webs.svipwebs.com\/?post_type=product&#038;p=9387"},"modified":"2023-05-24T10:30:48","modified_gmt":"2023-05-24T02:30:48","slug":"aluminium-foil-paper-bag","status":"publish","type":"product","link":"https:\/\/www.wellongpack.com\/it\/prodotto\/sacchetto-di-alluminio-foglio-carta\/","title":{"rendered":"Foglio di alluminio Sacchetto di carta"},"content":{"rendered":"","protected":false},"excerpt":{"rendered":"<p>Questo sacchetto protettivo \u00e8 stato progettato per isolare efficacemente il contenuto, mantenendo il cibo caldo e bloccando l'umidit\u00e0. In questo modo, la qualit\u00e0 dei vostri cibi rimarr\u00e0 inalterata anche durante il trasporto! \u00c8 possibile utilizzare questo sacchetto anche per riscaldare i cibi nel forno, per la massima praticit\u00e0.<\/p>","protected":false},"featured_media":9388,"comment_status":"open","ping_status":"closed","template":"","meta":[],"product_cat":[117],"product_tag":[],"class_list":["post-9387","product","type-product","status-publish","has-post-thumbnail","hentry","product_cat-paper-bag"],"_links":{"self":[{"href":"https:\/\/www.wellongpack.com\/it\/wp-json\/wp\/v2\/product\/9387","targetHints":{"allow":["GET"]}}],"collection":[{"href":"https:\/\/www.wellongpack.com\/it\/wp-json\/wp\/v2\/product"}],"about":[{"href":"https:\/\/www.wellongpack.com\/it\/wp-json\/wp\/v2\/types\/product"}],"replies":[{"embeddable":true,"href":"https:\/\/www.wellongpack.com\/it\/wp-json\/wp\/v2\/comments?post=9387"}],"version-history":[{"count":1,"href":"https:\/\/www.wellongpack.com\/it\/wp-json\/wp\/v2\/product\/9387\/revisions"}],"predecessor-version":[{"id":9392,"href":"https:\/\/www.wellongpack.com\/it\/wp-json\/wp\/v2\/product\/9387\/revisions\/9392"}],"wp:featuredmedia":[{"embeddable":true,"href":"https:\/\/www.wellongpack.com\/it\/wp-json\/wp\/v2\/media\/9388"}],"wp:attachment":[{"href":"https:\/\/www.wellongpack.com\/it\/wp-json\/wp\/v2\/media?parent=9387"}],"wp:term":[{"taxonomy":"product_cat","embeddable":true,"href":"https:\/\/www.wellongpack.com\/it\/wp-json\/wp\/v2\/product_cat?post=9387"},{"taxonomy":"product_tag","embeddable":true,"href":"https:\/\/www.wellongpack.com\/it\/wp-json\/wp\/v2\/product_tag?post=9387"}],"curies":[{"name":"wp","href":"https:\/\/api.w.org\/{rel}","templated":true}]}}