
{"id":9380,"date":"2023-05-24T10:24:24","date_gmt":"2023-05-24T02:24:24","guid":{"rendered":"http:\/\/75.webs.svipwebs.com\/?post_type=product&#038;p=9380"},"modified":"2023-05-24T10:24:24","modified_gmt":"2023-05-24T02:24:24","slug":"tote-shoulder-net-shopping-bag","status":"publish","type":"product","link":"https:\/\/www.wellongpack.com\/it\/prodotto\/tote-shoulder-net-shopping-bag\/","title":{"rendered":"Borsa shopping in rete a tracolla"},"content":{"rendered":"","protected":false},"excerpt":{"rendered":"<p>La borsa da trasporto a rete \u00e8 realizzata con i pi\u00f9 alti standard di qualit\u00e0, in modo da poter essere altamente espansa per contenere molte merci, comprese verdure o altri oggetti lunghi o ingombranti.<\/p>","protected":false},"featured_media":9381,"comment_status":"open","ping_status":"closed","template":"","meta":[],"product_cat":[115],"product_tag":[],"class_list":["post-9380","product","type-product","status-publish","has-post-thumbnail","hentry","product_cat-net-bag"],"_links":{"self":[{"href":"https:\/\/www.wellongpack.com\/it\/wp-json\/wp\/v2\/product\/9380","targetHints":{"allow":["GET"]}}],"collection":[{"href":"https:\/\/www.wellongpack.com\/it\/wp-json\/wp\/v2\/product"}],"about":[{"href":"https:\/\/www.wellongpack.com\/it\/wp-json\/wp\/v2\/types\/product"}],"replies":[{"embeddable":true,"href":"https:\/\/www.wellongpack.com\/it\/wp-json\/wp\/v2\/comments?post=9380"}],"version-history":[{"count":1,"href":"https:\/\/www.wellongpack.com\/it\/wp-json\/wp\/v2\/product\/9380\/revisions"}],"predecessor-version":[{"id":9385,"href":"https:\/\/www.wellongpack.com\/it\/wp-json\/wp\/v2\/product\/9380\/revisions\/9385"}],"wp:featuredmedia":[{"embeddable":true,"href":"https:\/\/www.wellongpack.com\/it\/wp-json\/wp\/v2\/media\/9381"}],"wp:attachment":[{"href":"https:\/\/www.wellongpack.com\/it\/wp-json\/wp\/v2\/media?parent=9380"}],"wp:term":[{"taxonomy":"product_cat","embeddable":true,"href":"https:\/\/www.wellongpack.com\/it\/wp-json\/wp\/v2\/product_cat?post=9380"},{"taxonomy":"product_tag","embeddable":true,"href":"https:\/\/www.wellongpack.com\/it\/wp-json\/wp\/v2\/product_tag?post=9380"}],"curies":[{"name":"wp","href":"https:\/\/api.w.org\/{rel}","templated":true}]}}