
{"id":9043,"date":"2023-05-24T09:10:59","date_gmt":"2023-05-24T01:10:59","guid":{"rendered":"http:\/\/75.webs.svipwebs.com\/?post_type=product&#038;p=9043"},"modified":"2023-05-24T09:10:59","modified_gmt":"2023-05-24T01:10:59","slug":"bamboo-paper-square-bowl","status":"publish","type":"product","link":"https:\/\/www.wellongpack.com\/it\/prodotto\/ciotola-quadrata-in-carta-di-bambu\/","title":{"rendered":"Ciotola quadrata in carta di bamb\u00f9"},"content":{"rendered":"","protected":false},"excerpt":{"rendered":"<p>Il contenitore da asporto quadrato in carta di bamb\u00f9 rivestito in PE \u00e8 ideale per cibi caldi e freddi, dessert e contorni. Realizzato con un interno rivestito in polietilene, \u00e8 protetto da perdite di olio, grasso o salse. Il coperchio compatibile (venduto separatamente) mantiene il cibo sicuro e protetto durante il trasporto.<\/p>","protected":false},"featured_media":9044,"comment_status":"open","ping_status":"closed","template":"","meta":[],"product_cat":[100],"product_tag":[],"class_list":["post-9043","product","type-product","status-publish","has-post-thumbnail","hentry","product_cat-paper-bowl-and-pot"],"_links":{"self":[{"href":"https:\/\/www.wellongpack.com\/it\/wp-json\/wp\/v2\/product\/9043","targetHints":{"allow":["GET"]}}],"collection":[{"href":"https:\/\/www.wellongpack.com\/it\/wp-json\/wp\/v2\/product"}],"about":[{"href":"https:\/\/www.wellongpack.com\/it\/wp-json\/wp\/v2\/types\/product"}],"replies":[{"embeddable":true,"href":"https:\/\/www.wellongpack.com\/it\/wp-json\/wp\/v2\/comments?post=9043"}],"version-history":[{"count":1,"href":"https:\/\/www.wellongpack.com\/it\/wp-json\/wp\/v2\/product\/9043\/revisions"}],"predecessor-version":[{"id":9048,"href":"https:\/\/www.wellongpack.com\/it\/wp-json\/wp\/v2\/product\/9043\/revisions\/9048"}],"wp:featuredmedia":[{"embeddable":true,"href":"https:\/\/www.wellongpack.com\/it\/wp-json\/wp\/v2\/media\/9044"}],"wp:attachment":[{"href":"https:\/\/www.wellongpack.com\/it\/wp-json\/wp\/v2\/media?parent=9043"}],"wp:term":[{"taxonomy":"product_cat","embeddable":true,"href":"https:\/\/www.wellongpack.com\/it\/wp-json\/wp\/v2\/product_cat?post=9043"},{"taxonomy":"product_tag","embeddable":true,"href":"https:\/\/www.wellongpack.com\/it\/wp-json\/wp\/v2\/product_tag?post=9043"}],"curies":[{"name":"wp","href":"https:\/\/api.w.org\/{rel}","templated":true}]}}