
{"id":8820,"date":"2023-05-23T15:58:43","date_gmt":"2023-05-23T07:58:43","guid":{"rendered":"http:\/\/75.webs.svipwebs.com\/?post_type=product&#038;p=8820"},"modified":"2023-05-23T15:58:43","modified_gmt":"2023-05-23T07:58:43","slug":"aluminum-foil-bakery-pan","status":"publish","type":"product","link":"https:\/\/www.wellongpack.com\/it\/prodotto\/tegame-in-alluminio-per-panetteria\/","title":{"rendered":"Panificio in foglio di alluminio"},"content":{"rendered":"","protected":false},"excerpt":{"rendered":"<p>Questa teglia \u00e8 sufficientemente versatile per cuocere, trasportare, vendere e servire, il che consente di risparmiare tempo nell'utilizzo e nel lavaggio di pi\u00f9 teglie e attrezzature. La pulizia \u00e8 resa ancora pi\u00f9 semplice dal fatto che questa teglia \u00e8 riciclabile quando viene pulita dopo l'uso!<\/p>","protected":false},"featured_media":8821,"comment_status":"open","ping_status":"closed","template":"","meta":[],"product_cat":[90],"product_tag":[],"class_list":["post-8820","product","type-product","status-publish","has-post-thumbnail","hentry","product_cat-aluminum-foil-traypan"],"_links":{"self":[{"href":"https:\/\/www.wellongpack.com\/it\/wp-json\/wp\/v2\/product\/8820","targetHints":{"allow":["GET"]}}],"collection":[{"href":"https:\/\/www.wellongpack.com\/it\/wp-json\/wp\/v2\/product"}],"about":[{"href":"https:\/\/www.wellongpack.com\/it\/wp-json\/wp\/v2\/types\/product"}],"replies":[{"embeddable":true,"href":"https:\/\/www.wellongpack.com\/it\/wp-json\/wp\/v2\/comments?post=8820"}],"version-history":[{"count":1,"href":"https:\/\/www.wellongpack.com\/it\/wp-json\/wp\/v2\/product\/8820\/revisions"}],"predecessor-version":[{"id":8825,"href":"https:\/\/www.wellongpack.com\/it\/wp-json\/wp\/v2\/product\/8820\/revisions\/8825"}],"wp:featuredmedia":[{"embeddable":true,"href":"https:\/\/www.wellongpack.com\/it\/wp-json\/wp\/v2\/media\/8821"}],"wp:attachment":[{"href":"https:\/\/www.wellongpack.com\/it\/wp-json\/wp\/v2\/media?parent=8820"}],"wp:term":[{"taxonomy":"product_cat","embeddable":true,"href":"https:\/\/www.wellongpack.com\/it\/wp-json\/wp\/v2\/product_cat?post=8820"},{"taxonomy":"product_tag","embeddable":true,"href":"https:\/\/www.wellongpack.com\/it\/wp-json\/wp\/v2\/product_tag?post=8820"}],"curies":[{"name":"wp","href":"https:\/\/api.w.org\/{rel}","templated":true}]}}