
{"id":10326,"date":"2023-06-04T17:40:14","date_gmt":"2023-06-04T09:40:14","guid":{"rendered":"http:\/\/75.webs.svipwebs.com\/?post_type=product&#038;p=10326"},"modified":"2023-06-04T17:44:44","modified_gmt":"2023-06-04T09:44:44","slug":"sturdy-safe-coffee-cup-holder-a-2","status":"publish","type":"product","link":"https:\/\/www.wellongpack.com\/it\/prodotto\/robusto-sicuro-portatazze-caffe-a-2\/","title":{"rendered":"Robusto supporto sicuro per tazze di caff\u00e8 A"},"content":{"rendered":"<p>Perfetto per una variet\u00e0 di applicazioni da asporto, questo portabevande \u00e8 sicuramente adatto a tutte le vostre esigenze di bevande calde e fredde! Questo portabevande in cartone consente ai clienti e al personale addetto alle consegne di trasportare in modo sicuro pi\u00f9 bicchieri, assicurando che tutte le bevande arrivino a destinazione senza fuoriuscite e senza sporcare.<\/p>\n<p><img loading=\"lazy\" decoding=\"async\" class=\"alignnone size-full wp-image-10327\" src=\"https:\/\/www.wellongpack.com\/wp-content\/uploads\/2023\/06\/1-87.jpg\" alt=\"\" width=\"800\" height=\"800\" srcset=\"https:\/\/www.wellongpack.com\/wp-content\/uploads\/2023\/06\/1-87.jpg 800w, https:\/\/www.wellongpack.com\/wp-content\/uploads\/2023\/06\/1-87-430x430.jpg 430w, https:\/\/www.wellongpack.com\/wp-content\/uploads\/2023\/06\/1-87-150x150.jpg 150w, https:\/\/www.wellongpack.com\/wp-content\/uploads\/2023\/06\/1-87-700x700.jpg 700w, https:\/\/www.wellongpack.com\/wp-content\/uploads\/2023\/06\/1-87-300x300.jpg 300w, https:\/\/www.wellongpack.com\/wp-content\/uploads\/2023\/06\/1-87-768x768.jpg 768w\" sizes=\"auto, (max-width: 800px) 100vw, 800px\" \/> <img loading=\"lazy\" decoding=\"async\" class=\"alignnone size-full wp-image-10328\" src=\"https:\/\/www.wellongpack.com\/wp-content\/uploads\/2023\/06\/2-84.jpg\" alt=\"\" width=\"800\" height=\"800\" srcset=\"https:\/\/www.wellongpack.com\/wp-content\/uploads\/2023\/06\/2-84.jpg 800w, https:\/\/www.wellongpack.com\/wp-content\/uploads\/2023\/06\/2-84-430x430.jpg 430w, https:\/\/www.wellongpack.com\/wp-content\/uploads\/2023\/06\/2-84-150x150.jpg 150w, https:\/\/www.wellongpack.com\/wp-content\/uploads\/2023\/06\/2-84-700x700.jpg 700w, https:\/\/www.wellongpack.com\/wp-content\/uploads\/2023\/06\/2-84-300x300.jpg 300w, https:\/\/www.wellongpack.com\/wp-content\/uploads\/2023\/06\/2-84-768x768.jpg 768w\" sizes=\"auto, (max-width: 800px) 100vw, 800px\" \/><\/p>","protected":false},"excerpt":{"rendered":"<p>Perfect for a variety of take-out applications, this drink carrier is sure to suit all your hot and cold beverage<\/p>","protected":false},"featured_media":10327,"comment_status":"open","ping_status":"closed","template":"","meta":[],"product_cat":[108,70,110,111,109],"product_tag":[],"class_list":["post-10326","product","type-product","status-publish","has-post-thumbnail","hentry","product_cat-cups-and-lids","product_cat-foodservice-packaging","product_cat-paper-cup","product_cat-paper-cup-holder","product_cat-paper-cup-lids"],"_links":{"self":[{"href":"https:\/\/www.wellongpack.com\/it\/wp-json\/wp\/v2\/product\/10326","targetHints":{"allow":["GET"]}}],"collection":[{"href":"https:\/\/www.wellongpack.com\/it\/wp-json\/wp\/v2\/product"}],"about":[{"href":"https:\/\/www.wellongpack.com\/it\/wp-json\/wp\/v2\/types\/product"}],"replies":[{"embeddable":true,"href":"https:\/\/www.wellongpack.com\/it\/wp-json\/wp\/v2\/comments?post=10326"}],"version-history":[{"count":1,"href":"https:\/\/www.wellongpack.com\/it\/wp-json\/wp\/v2\/product\/10326\/revisions"}],"predecessor-version":[{"id":10329,"href":"https:\/\/www.wellongpack.com\/it\/wp-json\/wp\/v2\/product\/10326\/revisions\/10329"}],"wp:featuredmedia":[{"embeddable":true,"href":"https:\/\/www.wellongpack.com\/it\/wp-json\/wp\/v2\/media\/10327"}],"wp:attachment":[{"href":"https:\/\/www.wellongpack.com\/it\/wp-json\/wp\/v2\/media?parent=10326"}],"wp:term":[{"taxonomy":"product_cat","embeddable":true,"href":"https:\/\/www.wellongpack.com\/it\/wp-json\/wp\/v2\/product_cat?post=10326"},{"taxonomy":"product_tag","embeddable":true,"href":"https:\/\/www.wellongpack.com\/it\/wp-json\/wp\/v2\/product_tag?post=10326"}],"curies":[{"name":"wp","href":"https:\/\/api.w.org\/{rel}","templated":true}]}}