
{"id":9938,"date":"2023-06-01T13:32:54","date_gmt":"2023-06-01T05:32:54","guid":{"rendered":"http:\/\/75.webs.svipwebs.com\/?post_type=product&#038;p=9938"},"modified":"2023-06-01T13:32:54","modified_gmt":"2023-06-01T05:32:54","slug":"flat-paper-bag-2","status":"publish","type":"product","link":"https:\/\/www.wellongpack.com\/fr\/produit\/sac-en-papier-plat-2\/","title":{"rendered":"sac en papier plat"},"content":{"rendered":"<p>Ce sac en papier permet de transporter facilement les aliments frits ou les produits de boulangerie qui font votre renomm\u00e9e. Il est m\u00eame s\u00fbr pour les aliments chauds sortant directement de la friteuse ! Ce sac est id\u00e9al pour tout servir, de la restauration rapide comme les frites, les rondelles d'oignon et les b\u00e2tonnets de mozzarella \u00e0 un assortiment de produits de boulangerie comme les beignets, les muffins et les bagels.<\/p>\n<p><img loading=\"lazy\" decoding=\"async\" class=\"alignnone size-full wp-image-9939\" src=\"https:\/\/www.wellongpack.com\/wp-content\/uploads\/2023\/06\/96d9c1bff2e39ab5a85eabe4fc8e6def_H10435ccb4b4f48de8090132e1a65683ez.jpg_960x960.jpg\" alt=\"\" width=\"750\" height=\"750\" srcset=\"https:\/\/www.wellongpack.com\/wp-content\/uploads\/2023\/06\/96d9c1bff2e39ab5a85eabe4fc8e6def_H10435ccb4b4f48de8090132e1a65683ez.jpg_960x960.jpg 750w, https:\/\/www.wellongpack.com\/wp-content\/uploads\/2023\/06\/96d9c1bff2e39ab5a85eabe4fc8e6def_H10435ccb4b4f48de8090132e1a65683ez.jpg_960x960-430x430.jpg 430w, https:\/\/www.wellongpack.com\/wp-content\/uploads\/2023\/06\/96d9c1bff2e39ab5a85eabe4fc8e6def_H10435ccb4b4f48de8090132e1a65683ez.jpg_960x960-150x150.jpg 150w, https:\/\/www.wellongpack.com\/wp-content\/uploads\/2023\/06\/96d9c1bff2e39ab5a85eabe4fc8e6def_H10435ccb4b4f48de8090132e1a65683ez.jpg_960x960-700x700.jpg 700w, https:\/\/www.wellongpack.com\/wp-content\/uploads\/2023\/06\/96d9c1bff2e39ab5a85eabe4fc8e6def_H10435ccb4b4f48de8090132e1a65683ez.jpg_960x960-300x300.jpg 300w\" sizes=\"auto, (max-width: 750px) 100vw, 750px\" \/> <img loading=\"lazy\" decoding=\"async\" class=\"alignnone size-full wp-image-9940\" src=\"https:\/\/www.wellongpack.com\/wp-content\/uploads\/2023\/06\/e84333314c0aad01a05cf3d1b2957a43_H4a8ee7b40dc94e4aa22ff16fc745da8ed.jpg_960x960.jpg\" alt=\"\" width=\"960\" height=\"960\" srcset=\"https:\/\/www.wellongpack.com\/wp-content\/uploads\/2023\/06\/e84333314c0aad01a05cf3d1b2957a43_H4a8ee7b40dc94e4aa22ff16fc745da8ed.jpg_960x960.jpg 960w, https:\/\/www.wellongpack.com\/wp-content\/uploads\/2023\/06\/e84333314c0aad01a05cf3d1b2957a43_H4a8ee7b40dc94e4aa22ff16fc745da8ed.jpg_960x960-430x430.jpg 430w, https:\/\/www.wellongpack.com\/wp-content\/uploads\/2023\/06\/e84333314c0aad01a05cf3d1b2957a43_H4a8ee7b40dc94e4aa22ff16fc745da8ed.jpg_960x960-150x150.jpg 150w, https:\/\/www.wellongpack.com\/wp-content\/uploads\/2023\/06\/e84333314c0aad01a05cf3d1b2957a43_H4a8ee7b40dc94e4aa22ff16fc745da8ed.jpg_960x960-700x700.jpg 700w, https:\/\/www.wellongpack.com\/wp-content\/uploads\/2023\/06\/e84333314c0aad01a05cf3d1b2957a43_H4a8ee7b40dc94e4aa22ff16fc745da8ed.jpg_960x960-300x300.jpg 300w, https:\/\/www.wellongpack.com\/wp-content\/uploads\/2023\/06\/e84333314c0aad01a05cf3d1b2957a43_H4a8ee7b40dc94e4aa22ff16fc745da8ed.jpg_960x960-800x800.jpg 800w, https:\/\/www.wellongpack.com\/wp-content\/uploads\/2023\/06\/e84333314c0aad01a05cf3d1b2957a43_H4a8ee7b40dc94e4aa22ff16fc745da8ed.jpg_960x960-768x768.jpg 768w, https:\/\/www.wellongpack.com\/wp-content\/uploads\/2023\/06\/e84333314c0aad01a05cf3d1b2957a43_H4a8ee7b40dc94e4aa22ff16fc745da8ed.jpg_960x960-860x860.jpg 860w\" sizes=\"auto, (max-width: 960px) 100vw, 960px\" \/><\/p>","protected":false},"excerpt":{"rendered":"<p>This paper bag offers an easy way to transport your signature fried foods or baked goods. It&#8217;s even safe for<\/p>","protected":false},"featured_media":9939,"comment_status":"open","ping_status":"closed","template":"","meta":[],"product_cat":[141,124],"product_tag":[],"class_list":["post-9938","product","type-product","status-publish","has-post-thumbnail","hentry","product_cat-paper-bag-sustainability-packaging","product_cat-sustainability-packaging"],"_links":{"self":[{"href":"https:\/\/www.wellongpack.com\/fr\/wp-json\/wp\/v2\/product\/9938","targetHints":{"allow":["GET"]}}],"collection":[{"href":"https:\/\/www.wellongpack.com\/fr\/wp-json\/wp\/v2\/product"}],"about":[{"href":"https:\/\/www.wellongpack.com\/fr\/wp-json\/wp\/v2\/types\/product"}],"replies":[{"embeddable":true,"href":"https:\/\/www.wellongpack.com\/fr\/wp-json\/wp\/v2\/comments?post=9938"}],"version-history":[{"count":1,"href":"https:\/\/www.wellongpack.com\/fr\/wp-json\/wp\/v2\/product\/9938\/revisions"}],"predecessor-version":[{"id":9941,"href":"https:\/\/www.wellongpack.com\/fr\/wp-json\/wp\/v2\/product\/9938\/revisions\/9941"}],"wp:featuredmedia":[{"embeddable":true,"href":"https:\/\/www.wellongpack.com\/fr\/wp-json\/wp\/v2\/media\/9939"}],"wp:attachment":[{"href":"https:\/\/www.wellongpack.com\/fr\/wp-json\/wp\/v2\/media?parent=9938"}],"wp:term":[{"taxonomy":"product_cat","embeddable":true,"href":"https:\/\/www.wellongpack.com\/fr\/wp-json\/wp\/v2\/product_cat?post=9938"},{"taxonomy":"product_tag","embeddable":true,"href":"https:\/\/www.wellongpack.com\/fr\/wp-json\/wp\/v2\/product_tag?post=9938"}],"curies":[{"name":"wp","href":"https:\/\/api.w.org\/{rel}","templated":true}]}}