
{"id":9935,"date":"2023-06-01T13:31:52","date_gmt":"2023-06-01T05:31:52","guid":{"rendered":"http:\/\/75.webs.svipwebs.com\/?post_type=product&#038;p=9935"},"modified":"2023-06-01T13:31:52","modified_gmt":"2023-06-01T05:31:52","slug":"die-cut-paper-bag-2","status":"publish","type":"product","link":"https:\/\/www.wellongpack.com\/fr\/produit\/sac-papier-decoupe-2\/","title":{"rendered":"Sac en papier d\u00e9coup\u00e9"},"content":{"rendered":"<p>Ce sac est d\u00e9coup\u00e9 \u00e0 l'emporte-pi\u00e8ce pour rendre les achats des clients simples et faciles \u00e0 transporter. La base rectangulaire du sac lui permet de rester stable et droit, tout en prot\u00e9geant son contenu.<\/p>\n<p><img loading=\"lazy\" decoding=\"async\" class=\"alignnone size-full wp-image-9936\" src=\"https:\/\/www.wellongpack.com\/wp-content\/uploads\/2023\/06\/095666d3d3986bb2b7727e9f425c4cfb_H7012c40c00f74185b6df526ca5e85461W.jpg_960x960.jpg\" alt=\"\" width=\"800\" height=\"800\" srcset=\"https:\/\/www.wellongpack.com\/wp-content\/uploads\/2023\/06\/095666d3d3986bb2b7727e9f425c4cfb_H7012c40c00f74185b6df526ca5e85461W.jpg_960x960.jpg 800w, https:\/\/www.wellongpack.com\/wp-content\/uploads\/2023\/06\/095666d3d3986bb2b7727e9f425c4cfb_H7012c40c00f74185b6df526ca5e85461W.jpg_960x960-430x430.jpg 430w, https:\/\/www.wellongpack.com\/wp-content\/uploads\/2023\/06\/095666d3d3986bb2b7727e9f425c4cfb_H7012c40c00f74185b6df526ca5e85461W.jpg_960x960-150x150.jpg 150w, https:\/\/www.wellongpack.com\/wp-content\/uploads\/2023\/06\/095666d3d3986bb2b7727e9f425c4cfb_H7012c40c00f74185b6df526ca5e85461W.jpg_960x960-700x700.jpg 700w, https:\/\/www.wellongpack.com\/wp-content\/uploads\/2023\/06\/095666d3d3986bb2b7727e9f425c4cfb_H7012c40c00f74185b6df526ca5e85461W.jpg_960x960-300x300.jpg 300w, https:\/\/www.wellongpack.com\/wp-content\/uploads\/2023\/06\/095666d3d3986bb2b7727e9f425c4cfb_H7012c40c00f74185b6df526ca5e85461W.jpg_960x960-768x768.jpg 768w\" sizes=\"auto, (max-width: 800px) 100vw, 800px\" \/><\/p>","protected":false},"excerpt":{"rendered":"<p>This bag \u00a0with Die cut\u00a0to make customers&#8217; purchases simple and easy to carry. The bag&#8217;s rectangular base conveniently allows the<\/p>","protected":false},"featured_media":9936,"comment_status":"open","ping_status":"closed","template":"","meta":[],"product_cat":[141,124],"product_tag":[],"class_list":["post-9935","product","type-product","status-publish","has-post-thumbnail","hentry","product_cat-paper-bag-sustainability-packaging","product_cat-sustainability-packaging"],"_links":{"self":[{"href":"https:\/\/www.wellongpack.com\/fr\/wp-json\/wp\/v2\/product\/9935","targetHints":{"allow":["GET"]}}],"collection":[{"href":"https:\/\/www.wellongpack.com\/fr\/wp-json\/wp\/v2\/product"}],"about":[{"href":"https:\/\/www.wellongpack.com\/fr\/wp-json\/wp\/v2\/types\/product"}],"replies":[{"embeddable":true,"href":"https:\/\/www.wellongpack.com\/fr\/wp-json\/wp\/v2\/comments?post=9935"}],"version-history":[{"count":1,"href":"https:\/\/www.wellongpack.com\/fr\/wp-json\/wp\/v2\/product\/9935\/revisions"}],"predecessor-version":[{"id":9937,"href":"https:\/\/www.wellongpack.com\/fr\/wp-json\/wp\/v2\/product\/9935\/revisions\/9937"}],"wp:featuredmedia":[{"embeddable":true,"href":"https:\/\/www.wellongpack.com\/fr\/wp-json\/wp\/v2\/media\/9936"}],"wp:attachment":[{"href":"https:\/\/www.wellongpack.com\/fr\/wp-json\/wp\/v2\/media?parent=9935"}],"wp:term":[{"taxonomy":"product_cat","embeddable":true,"href":"https:\/\/www.wellongpack.com\/fr\/wp-json\/wp\/v2\/product_cat?post=9935"},{"taxonomy":"product_tag","embeddable":true,"href":"https:\/\/www.wellongpack.com\/fr\/wp-json\/wp\/v2\/product_tag?post=9935"}],"curies":[{"name":"wp","href":"https:\/\/api.w.org\/{rel}","templated":true}]}}