
{"id":9912,"date":"2023-06-01T13:25:54","date_gmt":"2023-06-01T05:25:54","guid":{"rendered":"http:\/\/75.webs.svipwebs.com\/?post_type=product&#038;p=9912"},"modified":"2023-06-01T13:25:55","modified_gmt":"2023-06-01T05:25:55","slug":"polyster-net-bag-2","status":"publish","type":"product","link":"https:\/\/www.wellongpack.com\/fr\/produit\/polyster-net-bag-2\/","title":{"rendered":"Sac en filet de polyester"},"content":{"rendered":"<p>Sacs \u00e0 cordon en nylon polyester, sacs \u00e0 provisions r\u00e9utilisables, sacs \u00e0 provisions \u00e9cologiques, sacs \u00e0 tapis recycl\u00e9s.<\/p>\n<p>Sacs pour fruits et l\u00e9gumes, sacs pour le stockage des c\u00e9r\u00e9ales, sacs pour le stockage des jouets, sacs pour le stockage des outils, sacs pour cadeaux, sacs pour le caf\u00e9, sacs pour les insectes, sacs pour les vers etc....<\/p>\n<p><img loading=\"lazy\" decoding=\"async\" class=\"alignnone size-full wp-image-9913\" src=\"https:\/\/www.wellongpack.com\/wp-content\/uploads\/2023\/06\/1-45.jpg\" alt=\"\" width=\"1024\" height=\"1024\" srcset=\"https:\/\/www.wellongpack.com\/wp-content\/uploads\/2023\/06\/1-45.jpg 1024w, https:\/\/www.wellongpack.com\/wp-content\/uploads\/2023\/06\/1-45-430x430.jpg 430w, https:\/\/www.wellongpack.com\/wp-content\/uploads\/2023\/06\/1-45-150x150.jpg 150w, https:\/\/www.wellongpack.com\/wp-content\/uploads\/2023\/06\/1-45-700x700.jpg 700w, https:\/\/www.wellongpack.com\/wp-content\/uploads\/2023\/06\/1-45-300x300.jpg 300w, https:\/\/www.wellongpack.com\/wp-content\/uploads\/2023\/06\/1-45-800x800.jpg 800w, https:\/\/www.wellongpack.com\/wp-content\/uploads\/2023\/06\/1-45-768x768.jpg 768w, https:\/\/www.wellongpack.com\/wp-content\/uploads\/2023\/06\/1-45-860x860.jpg 860w\" sizes=\"auto, (max-width: 1024px) 100vw, 1024px\" \/> <img loading=\"lazy\" decoding=\"async\" class=\"alignnone size-full wp-image-9914\" src=\"https:\/\/www.wellongpack.com\/wp-content\/uploads\/2023\/06\/2-45.jpg\" alt=\"\" width=\"1465\" height=\"852\" srcset=\"https:\/\/www.wellongpack.com\/wp-content\/uploads\/2023\/06\/2-45.jpg 1465w, https:\/\/www.wellongpack.com\/wp-content\/uploads\/2023\/06\/2-45-430x250.jpg 430w, https:\/\/www.wellongpack.com\/wp-content\/uploads\/2023\/06\/2-45-150x87.jpg 150w, https:\/\/www.wellongpack.com\/wp-content\/uploads\/2023\/06\/2-45-700x407.jpg 700w, https:\/\/www.wellongpack.com\/wp-content\/uploads\/2023\/06\/2-45-400x233.jpg 400w, https:\/\/www.wellongpack.com\/wp-content\/uploads\/2023\/06\/2-45-1300x756.jpg 1300w, https:\/\/www.wellongpack.com\/wp-content\/uploads\/2023\/06\/2-45-768x447.jpg 768w, https:\/\/www.wellongpack.com\/wp-content\/uploads\/2023\/06\/2-45-860x500.jpg 860w\" sizes=\"auto, (max-width: 1465px) 100vw, 1465px\" \/> <img loading=\"lazy\" decoding=\"async\" class=\"alignnone size-full wp-image-9915\" src=\"https:\/\/www.wellongpack.com\/wp-content\/uploads\/2023\/06\/3-37.jpg\" alt=\"\" width=\"1024\" height=\"1024\" srcset=\"https:\/\/www.wellongpack.com\/wp-content\/uploads\/2023\/06\/3-37.jpg 1024w, https:\/\/www.wellongpack.com\/wp-content\/uploads\/2023\/06\/3-37-430x430.jpg 430w, https:\/\/www.wellongpack.com\/wp-content\/uploads\/2023\/06\/3-37-150x150.jpg 150w, https:\/\/www.wellongpack.com\/wp-content\/uploads\/2023\/06\/3-37-700x700.jpg 700w, https:\/\/www.wellongpack.com\/wp-content\/uploads\/2023\/06\/3-37-300x300.jpg 300w, https:\/\/www.wellongpack.com\/wp-content\/uploads\/2023\/06\/3-37-800x800.jpg 800w, https:\/\/www.wellongpack.com\/wp-content\/uploads\/2023\/06\/3-37-768x768.jpg 768w, https:\/\/www.wellongpack.com\/wp-content\/uploads\/2023\/06\/3-37-860x860.jpg 860w\" sizes=\"auto, (max-width: 1024px) 100vw, 1024px\" \/> <img loading=\"lazy\" decoding=\"async\" class=\"alignnone size-full wp-image-9916\" src=\"https:\/\/www.wellongpack.com\/wp-content\/uploads\/2023\/06\/4-21.jpg\" alt=\"\" width=\"960\" height=\"960\" srcset=\"https:\/\/www.wellongpack.com\/wp-content\/uploads\/2023\/06\/4-21.jpg 960w, https:\/\/www.wellongpack.com\/wp-content\/uploads\/2023\/06\/4-21-430x430.jpg 430w, https:\/\/www.wellongpack.com\/wp-content\/uploads\/2023\/06\/4-21-150x150.jpg 150w, https:\/\/www.wellongpack.com\/wp-content\/uploads\/2023\/06\/4-21-700x700.jpg 700w, https:\/\/www.wellongpack.com\/wp-content\/uploads\/2023\/06\/4-21-300x300.jpg 300w, https:\/\/www.wellongpack.com\/wp-content\/uploads\/2023\/06\/4-21-800x800.jpg 800w, https:\/\/www.wellongpack.com\/wp-content\/uploads\/2023\/06\/4-21-768x768.jpg 768w, https:\/\/www.wellongpack.com\/wp-content\/uploads\/2023\/06\/4-21-860x860.jpg 860w\" sizes=\"auto, (max-width: 960px) 100vw, 960px\" \/> <img loading=\"lazy\" decoding=\"async\" class=\"alignnone size-full wp-image-9917\" src=\"https:\/\/www.wellongpack.com\/wp-content\/uploads\/2023\/06\/5-10.jpg\" alt=\"\" width=\"1024\" height=\"1024\" srcset=\"https:\/\/www.wellongpack.com\/wp-content\/uploads\/2023\/06\/5-10.jpg 1024w, https:\/\/www.wellongpack.com\/wp-content\/uploads\/2023\/06\/5-10-430x430.jpg 430w, https:\/\/www.wellongpack.com\/wp-content\/uploads\/2023\/06\/5-10-150x150.jpg 150w, https:\/\/www.wellongpack.com\/wp-content\/uploads\/2023\/06\/5-10-700x700.jpg 700w, https:\/\/www.wellongpack.com\/wp-content\/uploads\/2023\/06\/5-10-300x300.jpg 300w, https:\/\/www.wellongpack.com\/wp-content\/uploads\/2023\/06\/5-10-800x800.jpg 800w, https:\/\/www.wellongpack.com\/wp-content\/uploads\/2023\/06\/5-10-768x768.jpg 768w, https:\/\/www.wellongpack.com\/wp-content\/uploads\/2023\/06\/5-10-860x860.jpg 860w\" sizes=\"auto, (max-width: 1024px) 100vw, 1024px\" \/><\/p>","protected":false},"excerpt":{"rendered":"<p>Nylon polyester drawstring mesh bags, eco reusable produce bags, eco grocery shopping bag,\u00a0recycled rpet bag. Fruit and vegetables bags, food<\/p>","protected":false},"featured_media":9913,"comment_status":"open","ping_status":"closed","template":"","meta":[],"product_cat":[140,124],"product_tag":[],"class_list":["post-9912","product","type-product","status-publish","has-post-thumbnail","hentry","product_cat-net-bag-sustainability-packaging","product_cat-sustainability-packaging"],"_links":{"self":[{"href":"https:\/\/www.wellongpack.com\/fr\/wp-json\/wp\/v2\/product\/9912","targetHints":{"allow":["GET"]}}],"collection":[{"href":"https:\/\/www.wellongpack.com\/fr\/wp-json\/wp\/v2\/product"}],"about":[{"href":"https:\/\/www.wellongpack.com\/fr\/wp-json\/wp\/v2\/types\/product"}],"replies":[{"embeddable":true,"href":"https:\/\/www.wellongpack.com\/fr\/wp-json\/wp\/v2\/comments?post=9912"}],"version-history":[{"count":1,"href":"https:\/\/www.wellongpack.com\/fr\/wp-json\/wp\/v2\/product\/9912\/revisions"}],"predecessor-version":[{"id":9918,"href":"https:\/\/www.wellongpack.com\/fr\/wp-json\/wp\/v2\/product\/9912\/revisions\/9918"}],"wp:featuredmedia":[{"embeddable":true,"href":"https:\/\/www.wellongpack.com\/fr\/wp-json\/wp\/v2\/media\/9913"}],"wp:attachment":[{"href":"https:\/\/www.wellongpack.com\/fr\/wp-json\/wp\/v2\/media?parent=9912"}],"wp:term":[{"taxonomy":"product_cat","embeddable":true,"href":"https:\/\/www.wellongpack.com\/fr\/wp-json\/wp\/v2\/product_cat?post=9912"},{"taxonomy":"product_tag","embeddable":true,"href":"https:\/\/www.wellongpack.com\/fr\/wp-json\/wp\/v2\/product_tag?post=9912"}],"curies":[{"name":"wp","href":"https:\/\/api.w.org\/{rel}","templated":true}]}}