
{"id":9889,"date":"2023-06-01T13:18:43","date_gmt":"2023-06-01T05:18:43","guid":{"rendered":"http:\/\/75.webs.svipwebs.com\/?post_type=product&#038;p=9889"},"modified":"2023-06-01T13:18:44","modified_gmt":"2023-06-01T05:18:44","slug":"waterproof-insulated-cooler-bag","status":"publish","type":"product","link":"https:\/\/www.wellongpack.com\/fr\/produit\/sac-isotherme-impermeable\/","title":{"rendered":"Sac isotherme imperm\u00e9able et isol\u00e9"},"content":{"rendered":"<p>Avec un ext\u00e9rieur en nylon robuste et r\u00e9sistant \u00e0 l'humidit\u00e9, une fermeture \u00e0 glissi\u00e8re r\u00e9sistante et un int\u00e9rieur isol\u00e9, vos aliments ou boissons seront prot\u00e9g\u00e9s des \u00e9l\u00e9ments et maintenus \u00e0 une temp\u00e9rature constante afin de pr\u00e9server leur qualit\u00e9.<\/p>\n<p><img loading=\"lazy\" decoding=\"async\" class=\"alignnone size-full wp-image-9890\" src=\"https:\/\/www.wellongpack.com\/wp-content\/uploads\/2023\/06\/1-41.jpg\" alt=\"\" width=\"600\" height=\"600\" srcset=\"https:\/\/www.wellongpack.com\/wp-content\/uploads\/2023\/06\/1-41.jpg 600w, https:\/\/www.wellongpack.com\/wp-content\/uploads\/2023\/06\/1-41-430x430.jpg 430w, https:\/\/www.wellongpack.com\/wp-content\/uploads\/2023\/06\/1-41-150x150.jpg 150w, https:\/\/www.wellongpack.com\/wp-content\/uploads\/2023\/06\/1-41-300x300.jpg 300w\" sizes=\"auto, (max-width: 600px) 100vw, 600px\" \/> <img loading=\"lazy\" decoding=\"async\" class=\"alignnone size-full wp-image-9891\" src=\"https:\/\/www.wellongpack.com\/wp-content\/uploads\/2023\/06\/2-41.jpg\" alt=\"\" width=\"750\" height=\"750\" srcset=\"https:\/\/www.wellongpack.com\/wp-content\/uploads\/2023\/06\/2-41.jpg 750w, https:\/\/www.wellongpack.com\/wp-content\/uploads\/2023\/06\/2-41-430x430.jpg 430w, https:\/\/www.wellongpack.com\/wp-content\/uploads\/2023\/06\/2-41-150x150.jpg 150w, https:\/\/www.wellongpack.com\/wp-content\/uploads\/2023\/06\/2-41-700x700.jpg 700w, https:\/\/www.wellongpack.com\/wp-content\/uploads\/2023\/06\/2-41-300x300.jpg 300w\" sizes=\"auto, (max-width: 750px) 100vw, 750px\" \/> <img loading=\"lazy\" decoding=\"async\" class=\"alignnone size-full wp-image-9892\" src=\"https:\/\/www.wellongpack.com\/wp-content\/uploads\/2023\/06\/3-33.jpg\" alt=\"\" width=\"960\" height=\"960\" srcset=\"https:\/\/www.wellongpack.com\/wp-content\/uploads\/2023\/06\/3-33.jpg 960w, https:\/\/www.wellongpack.com\/wp-content\/uploads\/2023\/06\/3-33-430x430.jpg 430w, https:\/\/www.wellongpack.com\/wp-content\/uploads\/2023\/06\/3-33-150x150.jpg 150w, https:\/\/www.wellongpack.com\/wp-content\/uploads\/2023\/06\/3-33-700x700.jpg 700w, https:\/\/www.wellongpack.com\/wp-content\/uploads\/2023\/06\/3-33-300x300.jpg 300w, https:\/\/www.wellongpack.com\/wp-content\/uploads\/2023\/06\/3-33-800x800.jpg 800w, https:\/\/www.wellongpack.com\/wp-content\/uploads\/2023\/06\/3-33-768x768.jpg 768w, https:\/\/www.wellongpack.com\/wp-content\/uploads\/2023\/06\/3-33-860x860.jpg 860w\" sizes=\"auto, (max-width: 960px) 100vw, 960px\" \/> <img loading=\"lazy\" decoding=\"async\" class=\"alignnone size-full wp-image-9893\" src=\"https:\/\/www.wellongpack.com\/wp-content\/uploads\/2023\/06\/4-18.jpg\" alt=\"\" width=\"960\" height=\"957\" srcset=\"https:\/\/www.wellongpack.com\/wp-content\/uploads\/2023\/06\/4-18.jpg 960w, https:\/\/www.wellongpack.com\/wp-content\/uploads\/2023\/06\/4-18-430x429.jpg 430w, https:\/\/www.wellongpack.com\/wp-content\/uploads\/2023\/06\/4-18-150x150.jpg 150w, https:\/\/www.wellongpack.com\/wp-content\/uploads\/2023\/06\/4-18-700x698.jpg 700w, https:\/\/www.wellongpack.com\/wp-content\/uploads\/2023\/06\/4-18-301x300.jpg 301w, https:\/\/www.wellongpack.com\/wp-content\/uploads\/2023\/06\/4-18-803x800.jpg 803w, https:\/\/www.wellongpack.com\/wp-content\/uploads\/2023\/06\/4-18-768x766.jpg 768w, https:\/\/www.wellongpack.com\/wp-content\/uploads\/2023\/06\/4-18-860x857.jpg 860w\" sizes=\"auto, (max-width: 960px) 100vw, 960px\" \/><\/p>","protected":false},"excerpt":{"rendered":"<p>This bag is perfect for delivering delicious beverages, sides, or cold sandwiches for smaller parties.With a sturdy, moisture-resistant nylon exterior,<\/p>","protected":false},"featured_media":9890,"comment_status":"open","ping_status":"closed","template":"","meta":[],"product_cat":[138,124],"product_tag":[],"class_list":["post-9889","product","type-product","status-publish","has-post-thumbnail","hentry","product_cat-cooler-bag","product_cat-sustainability-packaging"],"_links":{"self":[{"href":"https:\/\/www.wellongpack.com\/fr\/wp-json\/wp\/v2\/product\/9889","targetHints":{"allow":["GET"]}}],"collection":[{"href":"https:\/\/www.wellongpack.com\/fr\/wp-json\/wp\/v2\/product"}],"about":[{"href":"https:\/\/www.wellongpack.com\/fr\/wp-json\/wp\/v2\/types\/product"}],"replies":[{"embeddable":true,"href":"https:\/\/www.wellongpack.com\/fr\/wp-json\/wp\/v2\/comments?post=9889"}],"version-history":[{"count":1,"href":"https:\/\/www.wellongpack.com\/fr\/wp-json\/wp\/v2\/product\/9889\/revisions"}],"predecessor-version":[{"id":9894,"href":"https:\/\/www.wellongpack.com\/fr\/wp-json\/wp\/v2\/product\/9889\/revisions\/9894"}],"wp:featuredmedia":[{"embeddable":true,"href":"https:\/\/www.wellongpack.com\/fr\/wp-json\/wp\/v2\/media\/9890"}],"wp:attachment":[{"href":"https:\/\/www.wellongpack.com\/fr\/wp-json\/wp\/v2\/media?parent=9889"}],"wp:term":[{"taxonomy":"product_cat","embeddable":true,"href":"https:\/\/www.wellongpack.com\/fr\/wp-json\/wp\/v2\/product_cat?post=9889"},{"taxonomy":"product_tag","embeddable":true,"href":"https:\/\/www.wellongpack.com\/fr\/wp-json\/wp\/v2\/product_tag?post=9889"}],"curies":[{"name":"wp","href":"https:\/\/api.w.org\/{rel}","templated":true}]}}