
{"id":9859,"date":"2023-06-01T13:10:12","date_gmt":"2023-06-01T05:10:12","guid":{"rendered":"http:\/\/75.webs.svipwebs.com\/?post_type=product&#038;p=9859"},"modified":"2023-06-01T13:10:12","modified_gmt":"2023-06-01T05:10:12","slug":"biodegradable-poop-bag","status":"publish","type":"product","link":"https:\/\/www.wellongpack.com\/fr\/produit\/sac-a-crottes-biodegradable\/","title":{"rendered":"Sac \u00e0 crottes biod\u00e9gradable"},"content":{"rendered":"<p>Les sacs \u00e0 d\u00e9jections canines Earth Rated constituent une am\u00e9lioration consid\u00e9rable par rapport aux sacs conventionnels. Leurs poign\u00e9es sont con\u00e7ues pour que vous n'ayez aucun mal \u00e0 trouver l'extr\u00e9mit\u00e9 ouverte, et ils sont plus faciles \u00e0 fermer que les sacs sans poign\u00e9es.<\/p>\n<p><img loading=\"lazy\" decoding=\"async\" class=\"alignnone size-full wp-image-9860\" src=\"https:\/\/www.wellongpack.com\/wp-content\/uploads\/2023\/06\/1-37.jpg\" alt=\"\" width=\"400\" height=\"400\" srcset=\"https:\/\/www.wellongpack.com\/wp-content\/uploads\/2023\/06\/1-37.jpg 400w, https:\/\/www.wellongpack.com\/wp-content\/uploads\/2023\/06\/1-37-150x150.jpg 150w, https:\/\/www.wellongpack.com\/wp-content\/uploads\/2023\/06\/1-37-300x300.jpg 300w\" sizes=\"auto, (max-width: 400px) 100vw, 400px\" \/> <img loading=\"lazy\" decoding=\"async\" class=\"alignnone size-full wp-image-9861\" src=\"https:\/\/www.wellongpack.com\/wp-content\/uploads\/2023\/06\/2-35.jpg\" alt=\"\" width=\"1000\" height=\"1000\" srcset=\"https:\/\/www.wellongpack.com\/wp-content\/uploads\/2023\/06\/2-35.jpg 1000w, https:\/\/www.wellongpack.com\/wp-content\/uploads\/2023\/06\/2-35-430x430.jpg 430w, https:\/\/www.wellongpack.com\/wp-content\/uploads\/2023\/06\/2-35-150x150.jpg 150w, https:\/\/www.wellongpack.com\/wp-content\/uploads\/2023\/06\/2-35-700x700.jpg 700w, https:\/\/www.wellongpack.com\/wp-content\/uploads\/2023\/06\/2-35-300x300.jpg 300w, https:\/\/www.wellongpack.com\/wp-content\/uploads\/2023\/06\/2-35-800x800.jpg 800w, https:\/\/www.wellongpack.com\/wp-content\/uploads\/2023\/06\/2-35-768x768.jpg 768w, https:\/\/www.wellongpack.com\/wp-content\/uploads\/2023\/06\/2-35-860x860.jpg 860w\" sizes=\"auto, (max-width: 1000px) 100vw, 1000px\" \/><\/p>","protected":false},"excerpt":{"rendered":"<p>Dog poop bags from Earth Rated are a serious upgrade from conventional bags. Their handles are designed so that you\u2019ll<\/p>","protected":false},"featured_media":9860,"comment_status":"open","ping_status":"closed","template":"","meta":[],"product_cat":[137,124],"product_tag":[],"class_list":["post-9859","product","type-product","status-publish","has-post-thumbnail","hentry","product_cat-compostable-bags","product_cat-sustainability-packaging"],"_links":{"self":[{"href":"https:\/\/www.wellongpack.com\/fr\/wp-json\/wp\/v2\/product\/9859","targetHints":{"allow":["GET"]}}],"collection":[{"href":"https:\/\/www.wellongpack.com\/fr\/wp-json\/wp\/v2\/product"}],"about":[{"href":"https:\/\/www.wellongpack.com\/fr\/wp-json\/wp\/v2\/types\/product"}],"replies":[{"embeddable":true,"href":"https:\/\/www.wellongpack.com\/fr\/wp-json\/wp\/v2\/comments?post=9859"}],"version-history":[{"count":1,"href":"https:\/\/www.wellongpack.com\/fr\/wp-json\/wp\/v2\/product\/9859\/revisions"}],"predecessor-version":[{"id":9862,"href":"https:\/\/www.wellongpack.com\/fr\/wp-json\/wp\/v2\/product\/9859\/revisions\/9862"}],"wp:featuredmedia":[{"embeddable":true,"href":"https:\/\/www.wellongpack.com\/fr\/wp-json\/wp\/v2\/media\/9860"}],"wp:attachment":[{"href":"https:\/\/www.wellongpack.com\/fr\/wp-json\/wp\/v2\/media?parent=9859"}],"wp:term":[{"taxonomy":"product_cat","embeddable":true,"href":"https:\/\/www.wellongpack.com\/fr\/wp-json\/wp\/v2\/product_cat?post=9859"},{"taxonomy":"product_tag","embeddable":true,"href":"https:\/\/www.wellongpack.com\/fr\/wp-json\/wp\/v2\/product_tag?post=9859"}],"curies":[{"name":"wp","href":"https:\/\/api.w.org\/{rel}","templated":true}]}}