
{"id":9816,"date":"2023-06-01T12:58:18","date_gmt":"2023-06-01T04:58:18","guid":{"rendered":"http:\/\/75.webs.svipwebs.com\/?post_type=product&#038;p=9816"},"modified":"2023-06-01T12:58:18","modified_gmt":"2023-06-01T04:58:18","slug":"bamboo-cutting-board","status":"publish","type":"product","link":"https:\/\/www.wellongpack.com\/fr\/produit\/planche-a-decouper-le-bambou\/","title":{"rendered":"Planche \u00e0 d\u00e9couper en bambou"},"content":{"rendered":"<p>Fabriqu\u00e9e en bambou renouvelable, cette planche est id\u00e9ale pour les \u00e9tablissements et les \u00e9v\u00e9nements soucieux de l'environnement. Elle peut \u00eatre utilis\u00e9e comme planche \u00e0 d\u00e9couper et comme pi\u00e8ce de service. Elle est parfaite pour les cuisines commerciales et les traiteurs. Elle pr\u00e9sente une conception r\u00e9versible pour une dur\u00e9e de vie encore plus longue et peut \u00eatre utilis\u00e9e comme support pour les mixeurs sur socle ou les hachoirs \u00e0 viande. Lorsqu'elle est utilis\u00e9e comme planche \u00e0 d\u00e9couper, elle est suffisamment solide pour \u00eatre utilis\u00e9e avec vos plus grands couteaux.<\/p>\n<p><img loading=\"lazy\" decoding=\"async\" class=\"alignnone size-full wp-image-9817\" src=\"https:\/\/www.wellongpack.com\/wp-content\/uploads\/2023\/06\/Bamboo-Chopping-Board.jpg\" alt=\"\" width=\"600\" height=\"600\" srcset=\"https:\/\/www.wellongpack.com\/wp-content\/uploads\/2023\/06\/Bamboo-Chopping-Board.jpg 600w, https:\/\/www.wellongpack.com\/wp-content\/uploads\/2023\/06\/Bamboo-Chopping-Board-430x430.jpg 430w, https:\/\/www.wellongpack.com\/wp-content\/uploads\/2023\/06\/Bamboo-Chopping-Board-150x150.jpg 150w, https:\/\/www.wellongpack.com\/wp-content\/uploads\/2023\/06\/Bamboo-Chopping-Board-300x300.jpg 300w\" sizes=\"auto, (max-width: 600px) 100vw, 600px\" \/> <img loading=\"lazy\" decoding=\"async\" class=\"alignnone size-full wp-image-9818\" src=\"https:\/\/www.wellongpack.com\/wp-content\/uploads\/2023\/06\/Bamboo-round-cutting-board.jpg\" alt=\"\" width=\"600\" height=\"600\" srcset=\"https:\/\/www.wellongpack.com\/wp-content\/uploads\/2023\/06\/Bamboo-round-cutting-board.jpg 600w, https:\/\/www.wellongpack.com\/wp-content\/uploads\/2023\/06\/Bamboo-round-cutting-board-430x430.jpg 430w, https:\/\/www.wellongpack.com\/wp-content\/uploads\/2023\/06\/Bamboo-round-cutting-board-150x150.jpg 150w, https:\/\/www.wellongpack.com\/wp-content\/uploads\/2023\/06\/Bamboo-round-cutting-board-300x300.jpg 300w\" sizes=\"auto, (max-width: 600px) 100vw, 600px\" \/> <img loading=\"lazy\" decoding=\"async\" class=\"alignnone size-full wp-image-9819\" src=\"https:\/\/www.wellongpack.com\/wp-content\/uploads\/2023\/06\/facf7f8ac591fe88cb27c89f04b323bf_1213254.jpg\" alt=\"\" width=\"600\" height=\"600\" srcset=\"https:\/\/www.wellongpack.com\/wp-content\/uploads\/2023\/06\/facf7f8ac591fe88cb27c89f04b323bf_1213254.jpg 600w, https:\/\/www.wellongpack.com\/wp-content\/uploads\/2023\/06\/facf7f8ac591fe88cb27c89f04b323bf_1213254-430x430.jpg 430w, https:\/\/www.wellongpack.com\/wp-content\/uploads\/2023\/06\/facf7f8ac591fe88cb27c89f04b323bf_1213254-150x150.jpg 150w, https:\/\/www.wellongpack.com\/wp-content\/uploads\/2023\/06\/facf7f8ac591fe88cb27c89f04b323bf_1213254-300x300.jpg 300w\" sizes=\"auto, (max-width: 600px) 100vw, 600px\" \/><\/p>","protected":false},"excerpt":{"rendered":"<p>Made of renewable bamboo, this board is ideal for eco-conscious establishments and events.it can be used as a chopping board<\/p>","protected":false},"featured_media":9817,"comment_status":"open","ping_status":"closed","template":"","meta":[],"product_cat":[135,124],"product_tag":[],"class_list":["post-9816","product","type-product","status-publish","has-post-thumbnail","hentry","product_cat-bamboo-tableware","product_cat-sustainability-packaging"],"_links":{"self":[{"href":"https:\/\/www.wellongpack.com\/fr\/wp-json\/wp\/v2\/product\/9816","targetHints":{"allow":["GET"]}}],"collection":[{"href":"https:\/\/www.wellongpack.com\/fr\/wp-json\/wp\/v2\/product"}],"about":[{"href":"https:\/\/www.wellongpack.com\/fr\/wp-json\/wp\/v2\/types\/product"}],"replies":[{"embeddable":true,"href":"https:\/\/www.wellongpack.com\/fr\/wp-json\/wp\/v2\/comments?post=9816"}],"version-history":[{"count":1,"href":"https:\/\/www.wellongpack.com\/fr\/wp-json\/wp\/v2\/product\/9816\/revisions"}],"predecessor-version":[{"id":9820,"href":"https:\/\/www.wellongpack.com\/fr\/wp-json\/wp\/v2\/product\/9816\/revisions\/9820"}],"wp:featuredmedia":[{"embeddable":true,"href":"https:\/\/www.wellongpack.com\/fr\/wp-json\/wp\/v2\/media\/9817"}],"wp:attachment":[{"href":"https:\/\/www.wellongpack.com\/fr\/wp-json\/wp\/v2\/media?parent=9816"}],"wp:term":[{"taxonomy":"product_cat","embeddable":true,"href":"https:\/\/www.wellongpack.com\/fr\/wp-json\/wp\/v2\/product_cat?post=9816"},{"taxonomy":"product_tag","embeddable":true,"href":"https:\/\/www.wellongpack.com\/fr\/wp-json\/wp\/v2\/product_tag?post=9816"}],"curies":[{"name":"wp","href":"https:\/\/api.w.org\/{rel}","templated":true}]}}