
{"id":9784,"date":"2023-06-01T12:46:35","date_gmt":"2023-06-01T04:46:35","guid":{"rendered":"http:\/\/75.webs.svipwebs.com\/?post_type=product&#038;p=9784"},"modified":"2023-06-01T12:46:36","modified_gmt":"2023-06-01T04:46:36","slug":"sugarcane-meat-tray-2","status":"publish","type":"product","link":"https:\/\/www.wellongpack.com\/fr\/produit\/plateau-de-viande-de-canne-a-sucre-2\/","title":{"rendered":"Plateau de viande de canne \u00e0 sucre"},"content":{"rendered":"<p>Cette barquette \u00e0 viande en bagasse est con\u00e7ue pour r\u00e9sister au trempage et est dot\u00e9e d'un rev\u00eatement \u00e0 base biologique qui emp\u00eache les fuites et pr\u00e9serve la fra\u00eecheur des aliments. Elle est suffisamment durable pour r\u00e9sister \u00e0 une grande vari\u00e9t\u00e9 de viandes et de consistances, tout en \u00e9tant commod\u00e9ment jetable. Id\u00e9ale pour les charcuteries, les \u00e9piceries et les restaurants \u00e0 emporter, cette barquette \u00e9cologique contribuera \u00e0 r\u00e9duire l'empreinte carbone de votre \u00e9tablissement.<\/p>\n<p><img loading=\"lazy\" decoding=\"async\" class=\"alignnone size-full wp-image-9788\" src=\"https:\/\/www.wellongpack.com\/wp-content\/uploads\/2023\/06\/1-35.jpg\" alt=\"\" width=\"942\" height=\"857\" srcset=\"https:\/\/www.wellongpack.com\/wp-content\/uploads\/2023\/06\/1-35.jpg 942w, https:\/\/www.wellongpack.com\/wp-content\/uploads\/2023\/06\/1-35-430x391.jpg 430w, https:\/\/www.wellongpack.com\/wp-content\/uploads\/2023\/06\/1-35-150x136.jpg 150w, https:\/\/www.wellongpack.com\/wp-content\/uploads\/2023\/06\/1-35-700x637.jpg 700w, https:\/\/www.wellongpack.com\/wp-content\/uploads\/2023\/06\/1-35-330x300.jpg 330w, https:\/\/www.wellongpack.com\/wp-content\/uploads\/2023\/06\/1-35-879x800.jpg 879w, https:\/\/www.wellongpack.com\/wp-content\/uploads\/2023\/06\/1-35-768x699.jpg 768w, https:\/\/www.wellongpack.com\/wp-content\/uploads\/2023\/06\/1-35-860x782.jpg 860w\" sizes=\"auto, (max-width: 942px) 100vw, 942px\" \/> <img loading=\"lazy\" decoding=\"async\" class=\"alignnone size-full wp-image-9789\" src=\"https:\/\/www.wellongpack.com\/wp-content\/uploads\/2023\/06\/2-33.jpg\" alt=\"\" width=\"872\" height=\"810\" srcset=\"https:\/\/www.wellongpack.com\/wp-content\/uploads\/2023\/06\/2-33.jpg 872w, https:\/\/www.wellongpack.com\/wp-content\/uploads\/2023\/06\/2-33-430x399.jpg 430w, https:\/\/www.wellongpack.com\/wp-content\/uploads\/2023\/06\/2-33-150x139.jpg 150w, https:\/\/www.wellongpack.com\/wp-content\/uploads\/2023\/06\/2-33-700x650.jpg 700w, https:\/\/www.wellongpack.com\/wp-content\/uploads\/2023\/06\/2-33-323x300.jpg 323w, https:\/\/www.wellongpack.com\/wp-content\/uploads\/2023\/06\/2-33-861x800.jpg 861w, https:\/\/www.wellongpack.com\/wp-content\/uploads\/2023\/06\/2-33-768x713.jpg 768w, https:\/\/www.wellongpack.com\/wp-content\/uploads\/2023\/06\/2-33-860x799.jpg 860w\" sizes=\"auto, (max-width: 872px) 100vw, 872px\" \/> <img loading=\"lazy\" decoding=\"async\" class=\"alignnone size-full wp-image-9790\" src=\"https:\/\/www.wellongpack.com\/wp-content\/uploads\/2023\/06\/3-26.jpg\" alt=\"\" width=\"947\" height=\"873\" srcset=\"https:\/\/www.wellongpack.com\/wp-content\/uploads\/2023\/06\/3-26.jpg 947w, https:\/\/www.wellongpack.com\/wp-content\/uploads\/2023\/06\/3-26-430x396.jpg 430w, https:\/\/www.wellongpack.com\/wp-content\/uploads\/2023\/06\/3-26-150x138.jpg 150w, https:\/\/www.wellongpack.com\/wp-content\/uploads\/2023\/06\/3-26-700x645.jpg 700w, https:\/\/www.wellongpack.com\/wp-content\/uploads\/2023\/06\/3-26-325x300.jpg 325w, https:\/\/www.wellongpack.com\/wp-content\/uploads\/2023\/06\/3-26-868x800.jpg 868w, https:\/\/www.wellongpack.com\/wp-content\/uploads\/2023\/06\/3-26-768x708.jpg 768w, https:\/\/www.wellongpack.com\/wp-content\/uploads\/2023\/06\/3-26-860x793.jpg 860w\" sizes=\"auto, (max-width: 947px) 100vw, 947px\" \/><\/p>","protected":false},"excerpt":{"rendered":"<p>This Bagasse meat tray features a soak-proof design with a bio-based liner to prevent leakage and keep food fresh. It<\/p>","protected":false},"featured_media":9785,"comment_status":"open","ping_status":"closed","template":"","meta":[],"product_cat":[132,125,124],"product_tag":[],"class_list":["post-9784","product","type-product","status-publish","has-post-thumbnail","hentry","product_cat-bagasse-tray-bagassesugarcane-products-sustainability-packaging","product_cat-bagassesugarcane-products-sustainability-packaging","product_cat-sustainability-packaging"],"_links":{"self":[{"href":"https:\/\/www.wellongpack.com\/fr\/wp-json\/wp\/v2\/product\/9784","targetHints":{"allow":["GET"]}}],"collection":[{"href":"https:\/\/www.wellongpack.com\/fr\/wp-json\/wp\/v2\/product"}],"about":[{"href":"https:\/\/www.wellongpack.com\/fr\/wp-json\/wp\/v2\/types\/product"}],"replies":[{"embeddable":true,"href":"https:\/\/www.wellongpack.com\/fr\/wp-json\/wp\/v2\/comments?post=9784"}],"version-history":[{"count":1,"href":"https:\/\/www.wellongpack.com\/fr\/wp-json\/wp\/v2\/product\/9784\/revisions"}],"predecessor-version":[{"id":9791,"href":"https:\/\/www.wellongpack.com\/fr\/wp-json\/wp\/v2\/product\/9784\/revisions\/9791"}],"wp:featuredmedia":[{"embeddable":true,"href":"https:\/\/www.wellongpack.com\/fr\/wp-json\/wp\/v2\/media\/9785"}],"wp:attachment":[{"href":"https:\/\/www.wellongpack.com\/fr\/wp-json\/wp\/v2\/media?parent=9784"}],"wp:term":[{"taxonomy":"product_cat","embeddable":true,"href":"https:\/\/www.wellongpack.com\/fr\/wp-json\/wp\/v2\/product_cat?post=9784"},{"taxonomy":"product_tag","embeddable":true,"href":"https:\/\/www.wellongpack.com\/fr\/wp-json\/wp\/v2\/product_tag?post=9784"}],"curies":[{"name":"wp","href":"https:\/\/api.w.org\/{rel}","templated":true}]}}