
{"id":9707,"date":"2023-06-01T12:28:01","date_gmt":"2023-06-01T04:28:01","guid":{"rendered":"http:\/\/75.webs.svipwebs.com\/?post_type=product&#038;p=9707"},"modified":"2023-06-01T12:28:02","modified_gmt":"2023-06-01T04:28:02","slug":"soup-cup-2","status":"publish","type":"product","link":"https:\/\/www.wellongpack.com\/fr\/produit\/tasse-a-soupe-2-2\/","title":{"rendered":"Tasse \u00e0 soupe"},"content":{"rendered":"<p>Con\u00e7ue pour contenir des produits chauds et froids, cette tasse \u00e0 soupe jetable en bagasse est une solution id\u00e9ale pour les stands de concession, les sandwicheries et les restaurants d\u00e9contract\u00e9s qui proposent des trempettes, des sauces et d'autres condiments.<\/p>\n<p><img loading=\"lazy\" decoding=\"async\" class=\"alignnone size-full wp-image-9712\" src=\"https:\/\/www.wellongpack.com\/wp-content\/uploads\/2023\/06\/soup-cup-1-1.jpg\" alt=\"\" width=\"800\" height=\"800\" srcset=\"https:\/\/www.wellongpack.com\/wp-content\/uploads\/2023\/06\/soup-cup-1-1.jpg 800w, https:\/\/www.wellongpack.com\/wp-content\/uploads\/2023\/06\/soup-cup-1-1-430x430.jpg 430w, https:\/\/www.wellongpack.com\/wp-content\/uploads\/2023\/06\/soup-cup-1-1-150x150.jpg 150w, https:\/\/www.wellongpack.com\/wp-content\/uploads\/2023\/06\/soup-cup-1-1-700x700.jpg 700w, https:\/\/www.wellongpack.com\/wp-content\/uploads\/2023\/06\/soup-cup-1-1-300x300.jpg 300w, https:\/\/www.wellongpack.com\/wp-content\/uploads\/2023\/06\/soup-cup-1-1-768x768.jpg 768w\" sizes=\"auto, (max-width: 800px) 100vw, 800px\" \/> <img loading=\"lazy\" decoding=\"async\" class=\"alignnone size-full wp-image-9713\" src=\"https:\/\/www.wellongpack.com\/wp-content\/uploads\/2023\/06\/soup-cup-2-1.jpg\" alt=\"\" width=\"800\" height=\"800\" srcset=\"https:\/\/www.wellongpack.com\/wp-content\/uploads\/2023\/06\/soup-cup-2-1.jpg 800w, https:\/\/www.wellongpack.com\/wp-content\/uploads\/2023\/06\/soup-cup-2-1-430x430.jpg 430w, https:\/\/www.wellongpack.com\/wp-content\/uploads\/2023\/06\/soup-cup-2-1-150x150.jpg 150w, https:\/\/www.wellongpack.com\/wp-content\/uploads\/2023\/06\/soup-cup-2-1-700x700.jpg 700w, https:\/\/www.wellongpack.com\/wp-content\/uploads\/2023\/06\/soup-cup-2-1-300x300.jpg 300w, https:\/\/www.wellongpack.com\/wp-content\/uploads\/2023\/06\/soup-cup-2-1-768x768.jpg 768w\" sizes=\"auto, (max-width: 800px) 100vw, 800px\" \/> <img loading=\"lazy\" decoding=\"async\" class=\"alignnone size-full wp-image-9714\" src=\"https:\/\/www.wellongpack.com\/wp-content\/uploads\/2023\/06\/soup-cup-4-1.jpg\" alt=\"\" width=\"800\" height=\"800\" srcset=\"https:\/\/www.wellongpack.com\/wp-content\/uploads\/2023\/06\/soup-cup-4-1.jpg 800w, https:\/\/www.wellongpack.com\/wp-content\/uploads\/2023\/06\/soup-cup-4-1-430x430.jpg 430w, https:\/\/www.wellongpack.com\/wp-content\/uploads\/2023\/06\/soup-cup-4-1-150x150.jpg 150w, https:\/\/www.wellongpack.com\/wp-content\/uploads\/2023\/06\/soup-cup-4-1-700x700.jpg 700w, https:\/\/www.wellongpack.com\/wp-content\/uploads\/2023\/06\/soup-cup-4-1-300x300.jpg 300w, https:\/\/www.wellongpack.com\/wp-content\/uploads\/2023\/06\/soup-cup-4-1-768x768.jpg 768w\" sizes=\"auto, (max-width: 800px) 100vw, 800px\" \/> <img loading=\"lazy\" decoding=\"async\" class=\"alignnone size-full wp-image-9715\" src=\"https:\/\/www.wellongpack.com\/wp-content\/uploads\/2023\/06\/soup-cup3-1.jpg\" alt=\"\" width=\"800\" height=\"800\" srcset=\"https:\/\/www.wellongpack.com\/wp-content\/uploads\/2023\/06\/soup-cup3-1.jpg 800w, https:\/\/www.wellongpack.com\/wp-content\/uploads\/2023\/06\/soup-cup3-1-430x430.jpg 430w, https:\/\/www.wellongpack.com\/wp-content\/uploads\/2023\/06\/soup-cup3-1-150x150.jpg 150w, https:\/\/www.wellongpack.com\/wp-content\/uploads\/2023\/06\/soup-cup3-1-700x700.jpg 700w, https:\/\/www.wellongpack.com\/wp-content\/uploads\/2023\/06\/soup-cup3-1-300x300.jpg 300w, https:\/\/www.wellongpack.com\/wp-content\/uploads\/2023\/06\/soup-cup3-1-768x768.jpg 768w\" sizes=\"auto, (max-width: 800px) 100vw, 800px\" \/><\/p>","protected":false},"excerpt":{"rendered":"<p>Designed to hold both hot and cold items, this disposable Bagasse soup cup is an ideal solution for concession stands,<\/p>","protected":false},"featured_media":9708,"comment_status":"open","ping_status":"closed","template":"","meta":[],"product_cat":[128,125,124],"product_tag":[],"class_list":["post-9707","product","type-product","status-publish","has-post-thumbnail","hentry","product_cat-bagasse-cup-and-lids-bagassesugarcane-products-sustainability-packaging","product_cat-bagassesugarcane-products-sustainability-packaging","product_cat-sustainability-packaging"],"_links":{"self":[{"href":"https:\/\/www.wellongpack.com\/fr\/wp-json\/wp\/v2\/product\/9707","targetHints":{"allow":["GET"]}}],"collection":[{"href":"https:\/\/www.wellongpack.com\/fr\/wp-json\/wp\/v2\/product"}],"about":[{"href":"https:\/\/www.wellongpack.com\/fr\/wp-json\/wp\/v2\/types\/product"}],"replies":[{"embeddable":true,"href":"https:\/\/www.wellongpack.com\/fr\/wp-json\/wp\/v2\/comments?post=9707"}],"version-history":[{"count":1,"href":"https:\/\/www.wellongpack.com\/fr\/wp-json\/wp\/v2\/product\/9707\/revisions"}],"predecessor-version":[{"id":9716,"href":"https:\/\/www.wellongpack.com\/fr\/wp-json\/wp\/v2\/product\/9707\/revisions\/9716"}],"wp:featuredmedia":[{"embeddable":true,"href":"https:\/\/www.wellongpack.com\/fr\/wp-json\/wp\/v2\/media\/9708"}],"wp:attachment":[{"href":"https:\/\/www.wellongpack.com\/fr\/wp-json\/wp\/v2\/media?parent=9707"}],"wp:term":[{"taxonomy":"product_cat","embeddable":true,"href":"https:\/\/www.wellongpack.com\/fr\/wp-json\/wp\/v2\/product_cat?post=9707"},{"taxonomy":"product_tag","embeddable":true,"href":"https:\/\/www.wellongpack.com\/fr\/wp-json\/wp\/v2\/product_tag?post=9707"}],"curies":[{"name":"wp","href":"https:\/\/api.w.org\/{rel}","templated":true}]}}