
{"id":9656,"date":"2023-06-01T12:15:34","date_gmt":"2023-06-01T04:15:34","guid":{"rendered":"http:\/\/75.webs.svipwebs.com\/?post_type=product&#038;p=9656"},"modified":"2023-06-01T12:15:35","modified_gmt":"2023-06-01T04:15:35","slug":"hamburger-box-3","status":"publish","type":"product","link":"https:\/\/www.wellongpack.com\/fr\/produit\/hamburger-box-3\/","title":{"rendered":"bo\u00eete \u00e0 hamburgers"},"content":{"rendered":"<p>Les bo\u00eetes \u00e0 emporter compostables en bagasse sont fabriqu\u00e9es \u00e0 partir de pulpe de canne \u00e0 sucre renouvelable qui est moul\u00e9e en un mat\u00e9riau durable semblable \u00e0 du papier. Nos bo\u00eetes en bagasse sont r\u00e9sistantes aux graisses et \u00e0 l'humidit\u00e9, elles sont s\u00fbres pour les aliments et enti\u00e8rement compostables et biod\u00e9gradables.<\/p>\n<p><img loading=\"lazy\" decoding=\"async\" class=\"alignnone size-full wp-image-9657\" src=\"https:\/\/www.wellongpack.com\/wp-content\/uploads\/2023\/06\/a5f3e395edf68789cea74138fd9b970a_HTB1DotZPwTqK1RjSZPhq6xfOFXaJ.jpg_960x960.jpg\" alt=\"\" width=\"750\" height=\"750\" srcset=\"https:\/\/www.wellongpack.com\/wp-content\/uploads\/2023\/06\/a5f3e395edf68789cea74138fd9b970a_HTB1DotZPwTqK1RjSZPhq6xfOFXaJ.jpg_960x960.jpg 750w, https:\/\/www.wellongpack.com\/wp-content\/uploads\/2023\/06\/a5f3e395edf68789cea74138fd9b970a_HTB1DotZPwTqK1RjSZPhq6xfOFXaJ.jpg_960x960-430x430.jpg 430w, https:\/\/www.wellongpack.com\/wp-content\/uploads\/2023\/06\/a5f3e395edf68789cea74138fd9b970a_HTB1DotZPwTqK1RjSZPhq6xfOFXaJ.jpg_960x960-150x150.jpg 150w, https:\/\/www.wellongpack.com\/wp-content\/uploads\/2023\/06\/a5f3e395edf68789cea74138fd9b970a_HTB1DotZPwTqK1RjSZPhq6xfOFXaJ.jpg_960x960-700x700.jpg 700w, https:\/\/www.wellongpack.com\/wp-content\/uploads\/2023\/06\/a5f3e395edf68789cea74138fd9b970a_HTB1DotZPwTqK1RjSZPhq6xfOFXaJ.jpg_960x960-300x300.jpg 300w\" sizes=\"auto, (max-width: 750px) 100vw, 750px\" \/> <img loading=\"lazy\" decoding=\"async\" class=\"alignnone size-full wp-image-9658\" src=\"https:\/\/www.wellongpack.com\/wp-content\/uploads\/2023\/06\/d8781bcf939326ad07f809dd778d9e98_HTB10EtZPwTqK1RjSZPhq6xfOFXaJ.jpg_960x960.jpg\" alt=\"\" width=\"750\" height=\"750\" srcset=\"https:\/\/www.wellongpack.com\/wp-content\/uploads\/2023\/06\/d8781bcf939326ad07f809dd778d9e98_HTB10EtZPwTqK1RjSZPhq6xfOFXaJ.jpg_960x960.jpg 750w, https:\/\/www.wellongpack.com\/wp-content\/uploads\/2023\/06\/d8781bcf939326ad07f809dd778d9e98_HTB10EtZPwTqK1RjSZPhq6xfOFXaJ.jpg_960x960-430x430.jpg 430w, https:\/\/www.wellongpack.com\/wp-content\/uploads\/2023\/06\/d8781bcf939326ad07f809dd778d9e98_HTB10EtZPwTqK1RjSZPhq6xfOFXaJ.jpg_960x960-150x150.jpg 150w, https:\/\/www.wellongpack.com\/wp-content\/uploads\/2023\/06\/d8781bcf939326ad07f809dd778d9e98_HTB10EtZPwTqK1RjSZPhq6xfOFXaJ.jpg_960x960-700x700.jpg 700w, https:\/\/www.wellongpack.com\/wp-content\/uploads\/2023\/06\/d8781bcf939326ad07f809dd778d9e98_HTB10EtZPwTqK1RjSZPhq6xfOFXaJ.jpg_960x960-300x300.jpg 300w\" sizes=\"auto, (max-width: 750px) 100vw, 750px\" \/> <img loading=\"lazy\" decoding=\"async\" class=\"alignnone size-full wp-image-9659\" src=\"https:\/\/www.wellongpack.com\/wp-content\/uploads\/2023\/06\/e4cc79c5ff60aa96f7f054ac3cf1dab7_HTB1xEygPsfpK1RjSZFOq6y6nFXaG.jpg_960x960.jpg\" alt=\"\" width=\"750\" height=\"750\" srcset=\"https:\/\/www.wellongpack.com\/wp-content\/uploads\/2023\/06\/e4cc79c5ff60aa96f7f054ac3cf1dab7_HTB1xEygPsfpK1RjSZFOq6y6nFXaG.jpg_960x960.jpg 750w, https:\/\/www.wellongpack.com\/wp-content\/uploads\/2023\/06\/e4cc79c5ff60aa96f7f054ac3cf1dab7_HTB1xEygPsfpK1RjSZFOq6y6nFXaG.jpg_960x960-430x430.jpg 430w, https:\/\/www.wellongpack.com\/wp-content\/uploads\/2023\/06\/e4cc79c5ff60aa96f7f054ac3cf1dab7_HTB1xEygPsfpK1RjSZFOq6y6nFXaG.jpg_960x960-150x150.jpg 150w, https:\/\/www.wellongpack.com\/wp-content\/uploads\/2023\/06\/e4cc79c5ff60aa96f7f054ac3cf1dab7_HTB1xEygPsfpK1RjSZFOq6y6nFXaG.jpg_960x960-700x700.jpg 700w, https:\/\/www.wellongpack.com\/wp-content\/uploads\/2023\/06\/e4cc79c5ff60aa96f7f054ac3cf1dab7_HTB1xEygPsfpK1RjSZFOq6y6nFXaG.jpg_960x960-300x300.jpg 300w\" sizes=\"auto, (max-width: 750px) 100vw, 750px\" \/><\/p>","protected":false},"excerpt":{"rendered":"<p>Bagasse compostable food takeout boxes are made from renewable sugarcane\u00a0pulp that\u00a0is molded into a durable paper-like material. Our clamshell style<\/p>","protected":false},"featured_media":9657,"comment_status":"open","ping_status":"closed","template":"","meta":[],"product_cat":[127,125,133,124],"product_tag":[],"class_list":["post-9656","product","type-product","status-publish","has-post-thumbnail","hentry","product_cat-bagasse-box-bagassesugarcane-products-sustainability-packaging","product_cat-bagassesugarcane-products-sustainability-packaging","product_cat-clamshell-box-bagasse-box-bagassesugarcane-products-sustainability-packaging","product_cat-sustainability-packaging"],"_links":{"self":[{"href":"https:\/\/www.wellongpack.com\/fr\/wp-json\/wp\/v2\/product\/9656","targetHints":{"allow":["GET"]}}],"collection":[{"href":"https:\/\/www.wellongpack.com\/fr\/wp-json\/wp\/v2\/product"}],"about":[{"href":"https:\/\/www.wellongpack.com\/fr\/wp-json\/wp\/v2\/types\/product"}],"replies":[{"embeddable":true,"href":"https:\/\/www.wellongpack.com\/fr\/wp-json\/wp\/v2\/comments?post=9656"}],"version-history":[{"count":1,"href":"https:\/\/www.wellongpack.com\/fr\/wp-json\/wp\/v2\/product\/9656\/revisions"}],"predecessor-version":[{"id":9660,"href":"https:\/\/www.wellongpack.com\/fr\/wp-json\/wp\/v2\/product\/9656\/revisions\/9660"}],"wp:featuredmedia":[{"embeddable":true,"href":"https:\/\/www.wellongpack.com\/fr\/wp-json\/wp\/v2\/media\/9657"}],"wp:attachment":[{"href":"https:\/\/www.wellongpack.com\/fr\/wp-json\/wp\/v2\/media?parent=9656"}],"wp:term":[{"taxonomy":"product_cat","embeddable":true,"href":"https:\/\/www.wellongpack.com\/fr\/wp-json\/wp\/v2\/product_cat?post=9656"},{"taxonomy":"product_tag","embeddable":true,"href":"https:\/\/www.wellongpack.com\/fr\/wp-json\/wp\/v2\/product_tag?post=9656"}],"curies":[{"name":"wp","href":"https:\/\/api.w.org\/{rel}","templated":true}]}}