
{"id":9449,"date":"2023-05-24T10:48:25","date_gmt":"2023-05-24T02:48:25","guid":{"rendered":"http:\/\/75.webs.svipwebs.com\/?post_type=product&#038;p=9449"},"modified":"2023-05-24T10:48:25","modified_gmt":"2023-05-24T02:48:25","slug":"pet-clamshell-round-container","status":"publish","type":"product","link":"https:\/\/www.wellongpack.com\/fr\/produit\/pet-clamshell-round-container\/","title":{"rendered":"PET Clamshell Round Container"},"content":{"rendered":"","protected":false},"excerpt":{"rendered":"<p>Fabriqu\u00e9 en plastique PET ultra clair, ce r\u00e9cipient rond transparent est solide et r\u00e9sistant. Comme il est enti\u00e8rement transparent, il est parfait pour mettre en valeur les couleurs vives de vos fruits, p\u00e2tes, salades et sauces afin de les rendre plus attrayantes pour les clients.<\/p>","protected":false},"featured_media":9450,"comment_status":"open","ping_status":"closed","template":"","meta":[],"product_cat":[119],"product_tag":[],"class_list":["post-9449","product","type-product","status-publish","has-post-thumbnail","hentry","product_cat-pet-containerbowl"],"_links":{"self":[{"href":"https:\/\/www.wellongpack.com\/fr\/wp-json\/wp\/v2\/product\/9449","targetHints":{"allow":["GET"]}}],"collection":[{"href":"https:\/\/www.wellongpack.com\/fr\/wp-json\/wp\/v2\/product"}],"about":[{"href":"https:\/\/www.wellongpack.com\/fr\/wp-json\/wp\/v2\/types\/product"}],"replies":[{"embeddable":true,"href":"https:\/\/www.wellongpack.com\/fr\/wp-json\/wp\/v2\/comments?post=9449"}],"version-history":[{"count":1,"href":"https:\/\/www.wellongpack.com\/fr\/wp-json\/wp\/v2\/product\/9449\/revisions"}],"predecessor-version":[{"id":9458,"href":"https:\/\/www.wellongpack.com\/fr\/wp-json\/wp\/v2\/product\/9449\/revisions\/9458"}],"wp:featuredmedia":[{"embeddable":true,"href":"https:\/\/www.wellongpack.com\/fr\/wp-json\/wp\/v2\/media\/9450"}],"wp:attachment":[{"href":"https:\/\/www.wellongpack.com\/fr\/wp-json\/wp\/v2\/media?parent=9449"}],"wp:term":[{"taxonomy":"product_cat","embeddable":true,"href":"https:\/\/www.wellongpack.com\/fr\/wp-json\/wp\/v2\/product_cat?post=9449"},{"taxonomy":"product_tag","embeddable":true,"href":"https:\/\/www.wellongpack.com\/fr\/wp-json\/wp\/v2\/product_tag?post=9449"}],"curies":[{"name":"wp","href":"https:\/\/api.w.org\/{rel}","templated":true}]}}