
{"id":9359,"date":"2023-05-24T10:21:48","date_gmt":"2023-05-24T02:21:48","guid":{"rendered":"http:\/\/75.webs.svipwebs.com\/?post_type=product&#038;p=9359"},"modified":"2023-05-24T10:21:48","modified_gmt":"2023-05-24T02:21:48","slug":"cotton-mesh-bag","status":"publish","type":"product","link":"https:\/\/www.wellongpack.com\/fr\/produit\/sac-en-maille-de-coton\/","title":{"rendered":"sac en maille de coton"},"content":{"rendered":"","protected":false},"excerpt":{"rendered":"<p>Nos sacs r\u00e9utilisables en filet sont fabriqu\u00e9s \u00e0 partir de coton 100% et constituent un excellent compl\u00e9ment \u00e0 toute gamme de produits respectueux de l'environnement. Nous proposons une gamme de paquets et de tailles \u00e0 un prix comp\u00e9titif afin de garantir aux acheteurs la meilleure affaire sur les sacs \u00e0 produits en filet r\u00e9utilisables.  Nos sacs \u00e0 produits en filet de coton sont non seulement doux au toucher, mais aussi durables et capables de transporter des produits allant des cacahu\u00e8tes aux pommes de terre.<\/p>\n<p>&nbsp;<\/p>","protected":false},"featured_media":9360,"comment_status":"open","ping_status":"closed","template":"","meta":[],"product_cat":[115],"product_tag":[],"class_list":["post-9359","product","type-product","status-publish","has-post-thumbnail","hentry","product_cat-net-bag"],"_links":{"self":[{"href":"https:\/\/www.wellongpack.com\/fr\/wp-json\/wp\/v2\/product\/9359","targetHints":{"allow":["GET"]}}],"collection":[{"href":"https:\/\/www.wellongpack.com\/fr\/wp-json\/wp\/v2\/product"}],"about":[{"href":"https:\/\/www.wellongpack.com\/fr\/wp-json\/wp\/v2\/types\/product"}],"replies":[{"embeddable":true,"href":"https:\/\/www.wellongpack.com\/fr\/wp-json\/wp\/v2\/comments?post=9359"}],"version-history":[{"count":1,"href":"https:\/\/www.wellongpack.com\/fr\/wp-json\/wp\/v2\/product\/9359\/revisions"}],"predecessor-version":[{"id":9364,"href":"https:\/\/www.wellongpack.com\/fr\/wp-json\/wp\/v2\/product\/9359\/revisions\/9364"}],"wp:featuredmedia":[{"embeddable":true,"href":"https:\/\/www.wellongpack.com\/fr\/wp-json\/wp\/v2\/media\/9360"}],"wp:attachment":[{"href":"https:\/\/www.wellongpack.com\/fr\/wp-json\/wp\/v2\/media?parent=9359"}],"wp:term":[{"taxonomy":"product_cat","embeddable":true,"href":"https:\/\/www.wellongpack.com\/fr\/wp-json\/wp\/v2\/product_cat?post=9359"},{"taxonomy":"product_tag","embeddable":true,"href":"https:\/\/www.wellongpack.com\/fr\/wp-json\/wp\/v2\/product_tag?post=9359"}],"curies":[{"name":"wp","href":"https:\/\/api.w.org\/{rel}","templated":true}]}}