
{"id":9339,"date":"2023-05-24T10:17:32","date_gmt":"2023-05-24T02:17:32","guid":{"rendered":"http:\/\/75.webs.svipwebs.com\/?post_type=product&#038;p=9339"},"modified":"2023-05-24T10:17:33","modified_gmt":"2023-05-24T02:17:33","slug":"wicket-bag","status":"publish","type":"product","link":"https:\/\/www.wellongpack.com\/fr\/produit\/sac-de-guichets\/","title":{"rendered":"Sac de guichet"},"content":{"rendered":"","protected":false},"excerpt":{"rendered":"<p>Nos sacs \u00e0 pain micro perfor\u00e9s sont la premi\u00e8re solution d'emballage pour tous les pains artisanaux et croustillants. Fabriqu\u00e9s en BOPP (polypropyl\u00e8ne orient\u00e9 biaxialement) transparent et approuv\u00e9s par la FDA pour le contact alimentaire direct, les sacs \u00e0 pain artisanaux microperfor\u00e9s conviennent \u00e0 l'emballage de tous les produits frais susceptibles de d\u00e9gager de l'humidit\u00e9, tels que les pains, les g\u00e2teaux, les biscuits, les fromages, les l\u00e9gumes frais et les fleurs. Ils sont stock\u00e9s dans des bo\u00eetes de 1000 sachets par bo\u00eete. (4 sachets de 250 sacs \u00e0 pain artisanaux)<\/p>","protected":false},"featured_media":9340,"comment_status":"open","ping_status":"closed","template":"","meta":[],"product_cat":[113],"product_tag":[],"class_list":["post-9339","product","type-product","status-publish","has-post-thumbnail","hentry","product_cat-micro-perforatedvent-hole-bags"],"_links":{"self":[{"href":"https:\/\/www.wellongpack.com\/fr\/wp-json\/wp\/v2\/product\/9339","targetHints":{"allow":["GET"]}}],"collection":[{"href":"https:\/\/www.wellongpack.com\/fr\/wp-json\/wp\/v2\/product"}],"about":[{"href":"https:\/\/www.wellongpack.com\/fr\/wp-json\/wp\/v2\/types\/product"}],"replies":[{"embeddable":true,"href":"https:\/\/www.wellongpack.com\/fr\/wp-json\/wp\/v2\/comments?post=9339"}],"version-history":[{"count":1,"href":"https:\/\/www.wellongpack.com\/fr\/wp-json\/wp\/v2\/product\/9339\/revisions"}],"predecessor-version":[{"id":9348,"href":"https:\/\/www.wellongpack.com\/fr\/wp-json\/wp\/v2\/product\/9339\/revisions\/9348"}],"wp:featuredmedia":[{"embeddable":true,"href":"https:\/\/www.wellongpack.com\/fr\/wp-json\/wp\/v2\/media\/9340"}],"wp:attachment":[{"href":"https:\/\/www.wellongpack.com\/fr\/wp-json\/wp\/v2\/media?parent=9339"}],"wp:term":[{"taxonomy":"product_cat","embeddable":true,"href":"https:\/\/www.wellongpack.com\/fr\/wp-json\/wp\/v2\/product_cat?post=9339"},{"taxonomy":"product_tag","embeddable":true,"href":"https:\/\/www.wellongpack.com\/fr\/wp-json\/wp\/v2\/product_tag?post=9339"}],"curies":[{"name":"wp","href":"https:\/\/api.w.org\/{rel}","templated":true}]}}