
{"id":9305,"date":"2023-05-24T10:07:37","date_gmt":"2023-05-24T02:07:37","guid":{"rendered":"http:\/\/75.webs.svipwebs.com\/?post_type=product&#038;p=9305"},"modified":"2023-05-24T10:07:37","modified_gmt":"2023-05-24T02:07:37","slug":"anti-fog-bag","status":"publish","type":"product","link":"https:\/\/www.wellongpack.com\/fr\/produit\/sac-anti-buee\/","title":{"rendered":"Sac anti-bu\u00e9e"},"content":{"rendered":"","protected":false},"excerpt":{"rendered":"<p>Les sacs en plastique BOPP sans vapeur avec de petits trous perfor\u00e9s aideront \u00e0 pr\u00e9venir la formation de bu\u00e9e ou de condensation, prolongeant ainsi la dur\u00e9e de conservation des fruits et l\u00e9gumes. Pour durer plus longtemps, le sac en plastique est tr\u00e8s clair, rendant le produit visible \u00e9galement. Le corps en plastique est solide, r\u00e9sistant \u00e0 l'arrachement et \u00e0 la d\u00e9chirure.<\/p>","protected":false},"featured_media":9306,"comment_status":"open","ping_status":"closed","template":"","meta":[],"product_cat":[113],"product_tag":[],"class_list":["post-9305","product","type-product","status-publish","has-post-thumbnail","hentry","product_cat-micro-perforatedvent-hole-bags"],"_links":{"self":[{"href":"https:\/\/www.wellongpack.com\/fr\/wp-json\/wp\/v2\/product\/9305","targetHints":{"allow":["GET"]}}],"collection":[{"href":"https:\/\/www.wellongpack.com\/fr\/wp-json\/wp\/v2\/product"}],"about":[{"href":"https:\/\/www.wellongpack.com\/fr\/wp-json\/wp\/v2\/types\/product"}],"replies":[{"embeddable":true,"href":"https:\/\/www.wellongpack.com\/fr\/wp-json\/wp\/v2\/comments?post=9305"}],"version-history":[{"count":1,"href":"https:\/\/www.wellongpack.com\/fr\/wp-json\/wp\/v2\/product\/9305\/revisions"}],"predecessor-version":[{"id":9309,"href":"https:\/\/www.wellongpack.com\/fr\/wp-json\/wp\/v2\/product\/9305\/revisions\/9309"}],"wp:featuredmedia":[{"embeddable":true,"href":"https:\/\/www.wellongpack.com\/fr\/wp-json\/wp\/v2\/media\/9306"}],"wp:attachment":[{"href":"https:\/\/www.wellongpack.com\/fr\/wp-json\/wp\/v2\/media?parent=9305"}],"wp:term":[{"taxonomy":"product_cat","embeddable":true,"href":"https:\/\/www.wellongpack.com\/fr\/wp-json\/wp\/v2\/product_cat?post=9305"},{"taxonomy":"product_tag","embeddable":true,"href":"https:\/\/www.wellongpack.com\/fr\/wp-json\/wp\/v2\/product_tag?post=9305"}],"curies":[{"name":"wp","href":"https:\/\/api.w.org\/{rel}","templated":true}]}}