
{"id":9152,"date":"2023-05-24T09:38:26","date_gmt":"2023-05-24T01:38:26","guid":{"rendered":"http:\/\/75.webs.svipwebs.com\/?post_type=product&#038;p=9152"},"modified":"2023-05-24T09:38:26","modified_gmt":"2023-05-24T01:38:26","slug":"fold-pak-paper-take-out-box","status":"publish","type":"product","link":"https:\/\/www.wellongpack.com\/fr\/produit\/fold-pak-paper-take-out-box\/","title":{"rendered":"Bo\u00eete \u00e0 emporter en papier Fold-pak"},"content":{"rendered":"","protected":false},"excerpt":{"rendered":"<p>Ce conteneur est couramment utilis\u00e9 dans les restaurants chinois\/asiatiques, mais il peut \u00eatre utilis\u00e9 pour pratiquement tous les produits. Son emballage r\u00e9sistant aux fuites et aux graisses permet de conserver la fra\u00eecheur des aliments chauds, froids, humides ou secs. La conception monobloc efficace de l'emballage permet de conserver la fra\u00eecheur en retenant la chaleur et en \u00e9vacuant la vapeur.<\/p>","protected":false},"featured_media":9153,"comment_status":"open","ping_status":"closed","template":"","meta":[],"product_cat":[106],"product_tag":[],"class_list":["post-9152","product","type-product","status-publish","has-post-thumbnail","hentry","product_cat-noodle-box"],"_links":{"self":[{"href":"https:\/\/www.wellongpack.com\/fr\/wp-json\/wp\/v2\/product\/9152","targetHints":{"allow":["GET"]}}],"collection":[{"href":"https:\/\/www.wellongpack.com\/fr\/wp-json\/wp\/v2\/product"}],"about":[{"href":"https:\/\/www.wellongpack.com\/fr\/wp-json\/wp\/v2\/types\/product"}],"replies":[{"embeddable":true,"href":"https:\/\/www.wellongpack.com\/fr\/wp-json\/wp\/v2\/comments?post=9152"}],"version-history":[{"count":1,"href":"https:\/\/www.wellongpack.com\/fr\/wp-json\/wp\/v2\/product\/9152\/revisions"}],"predecessor-version":[{"id":9158,"href":"https:\/\/www.wellongpack.com\/fr\/wp-json\/wp\/v2\/product\/9152\/revisions\/9158"}],"wp:featuredmedia":[{"embeddable":true,"href":"https:\/\/www.wellongpack.com\/fr\/wp-json\/wp\/v2\/media\/9153"}],"wp:attachment":[{"href":"https:\/\/www.wellongpack.com\/fr\/wp-json\/wp\/v2\/media?parent=9152"}],"wp:term":[{"taxonomy":"product_cat","embeddable":true,"href":"https:\/\/www.wellongpack.com\/fr\/wp-json\/wp\/v2\/product_cat?post=9152"},{"taxonomy":"product_tag","embeddable":true,"href":"https:\/\/www.wellongpack.com\/fr\/wp-json\/wp\/v2\/product_tag?post=9152"}],"curies":[{"name":"wp","href":"https:\/\/api.w.org\/{rel}","templated":true}]}}