
{"id":9144,"date":"2023-05-24T09:37:31","date_gmt":"2023-05-24T01:37:31","guid":{"rendered":"http:\/\/75.webs.svipwebs.com\/?post_type=product&#038;p=9144"},"modified":"2023-05-24T09:37:32","modified_gmt":"2023-05-24T01:37:32","slug":"fold-pak-noodle-box-with-wire","status":"publish","type":"product","link":"https:\/\/www.wellongpack.com\/fr\/produit\/boite-a-nouilles-fold-pak-avec-fil\/","title":{"rendered":"Bo\u00eete \u00e0 nouilles Fold-pak avec fil de fer"},"content":{"rendered":"","protected":false},"excerpt":{"rendered":"<p>Ce conteneur est tr\u00e8s utilis\u00e9 dans les restaurants chinois et asiatiques, mais il peut \u00eatre utilis\u00e9 pour pratiquement tous les produits. Son emballage r\u00e9sistant aux fuites et aux graisses permet de conserver la fra\u00eecheur des aliments chauds, froids, humides ou secs, gr\u00e2ce \u00e0 sa conception pratique en une seule pi\u00e8ce qui conserve la chaleur et \u00e9vacue la vapeur. La poign\u00e9e en fil de fer facilite le transport de ce conteneur.<\/p>","protected":false},"featured_media":9145,"comment_status":"open","ping_status":"closed","template":"","meta":[],"product_cat":[106],"product_tag":[],"class_list":["post-9144","product","type-product","status-publish","has-post-thumbnail","hentry","product_cat-noodle-box"],"_links":{"self":[{"href":"https:\/\/www.wellongpack.com\/fr\/wp-json\/wp\/v2\/product\/9144","targetHints":{"allow":["GET"]}}],"collection":[{"href":"https:\/\/www.wellongpack.com\/fr\/wp-json\/wp\/v2\/product"}],"about":[{"href":"https:\/\/www.wellongpack.com\/fr\/wp-json\/wp\/v2\/types\/product"}],"replies":[{"embeddable":true,"href":"https:\/\/www.wellongpack.com\/fr\/wp-json\/wp\/v2\/comments?post=9144"}],"version-history":[{"count":1,"href":"https:\/\/www.wellongpack.com\/fr\/wp-json\/wp\/v2\/product\/9144\/revisions"}],"predecessor-version":[{"id":9151,"href":"https:\/\/www.wellongpack.com\/fr\/wp-json\/wp\/v2\/product\/9144\/revisions\/9151"}],"wp:featuredmedia":[{"embeddable":true,"href":"https:\/\/www.wellongpack.com\/fr\/wp-json\/wp\/v2\/media\/9145"}],"wp:attachment":[{"href":"https:\/\/www.wellongpack.com\/fr\/wp-json\/wp\/v2\/media?parent=9144"}],"wp:term":[{"taxonomy":"product_cat","embeddable":true,"href":"https:\/\/www.wellongpack.com\/fr\/wp-json\/wp\/v2\/product_cat?post=9144"},{"taxonomy":"product_tag","embeddable":true,"href":"https:\/\/www.wellongpack.com\/fr\/wp-json\/wp\/v2\/product_tag?post=9144"}],"curies":[{"name":"wp","href":"https:\/\/api.w.org\/{rel}","templated":true}]}}