
{"id":9139,"date":"2023-05-24T09:36:06","date_gmt":"2023-05-24T01:36:06","guid":{"rendered":"http:\/\/75.webs.svipwebs.com\/?post_type=product&#038;p=9139"},"modified":"2023-05-24T09:36:09","modified_gmt":"2023-05-24T01:36:09","slug":"hamburger-box-2","status":"publish","type":"product","link":"https:\/\/www.wellongpack.com\/fr\/produit\/hamburger-box-2\/","title":{"rendered":"Bo\u00eete \u00e0 hamburger"},"content":{"rendered":"","protected":false},"excerpt":{"rendered":"<p>Cette bo\u00eete \u00e0 emporter carr\u00e9e en kraft est con\u00e7ue pour transporter des aliments sans compromettre la qualit\u00e9. Avec une pl\u00e9thore d'options d'application, cette bo\u00eete \u00e0 emporter est parfaite pour une vari\u00e9t\u00e9 de restaurants, de caf\u00e9t\u00e9rias ou m\u00eame d'\u00e9v\u00e9nements avec traiteur. La construction en papier kraft r\u00e9siste \u00e0 la graisse et \u00e0 l'humidit\u00e9, de sorte qu'elle ne fait pas de d\u00e9g\u00e2ts pendant le transport.<\/p>","protected":false},"featured_media":9140,"comment_status":"open","ping_status":"closed","template":"","meta":[],"product_cat":[104],"product_tag":[],"class_list":["post-9139","product","type-product","status-publish","has-post-thumbnail","hentry","product_cat-paper-take-out-box"],"_links":{"self":[{"href":"https:\/\/www.wellongpack.com\/fr\/wp-json\/wp\/v2\/product\/9139","targetHints":{"allow":["GET"]}}],"collection":[{"href":"https:\/\/www.wellongpack.com\/fr\/wp-json\/wp\/v2\/product"}],"about":[{"href":"https:\/\/www.wellongpack.com\/fr\/wp-json\/wp\/v2\/types\/product"}],"replies":[{"embeddable":true,"href":"https:\/\/www.wellongpack.com\/fr\/wp-json\/wp\/v2\/comments?post=9139"}],"version-history":[{"count":1,"href":"https:\/\/www.wellongpack.com\/fr\/wp-json\/wp\/v2\/product\/9139\/revisions"}],"predecessor-version":[{"id":9143,"href":"https:\/\/www.wellongpack.com\/fr\/wp-json\/wp\/v2\/product\/9139\/revisions\/9143"}],"wp:featuredmedia":[{"embeddable":true,"href":"https:\/\/www.wellongpack.com\/fr\/wp-json\/wp\/v2\/media\/9140"}],"wp:attachment":[{"href":"https:\/\/www.wellongpack.com\/fr\/wp-json\/wp\/v2\/media?parent=9139"}],"wp:term":[{"taxonomy":"product_cat","embeddable":true,"href":"https:\/\/www.wellongpack.com\/fr\/wp-json\/wp\/v2\/product_cat?post=9139"},{"taxonomy":"product_tag","embeddable":true,"href":"https:\/\/www.wellongpack.com\/fr\/wp-json\/wp\/v2\/product_tag?post=9139"}],"curies":[{"name":"wp","href":"https:\/\/api.w.org\/{rel}","templated":true}]}}