
{"id":9127,"date":"2023-05-24T09:33:38","date_gmt":"2023-05-24T01:33:38","guid":{"rendered":"http:\/\/75.webs.svipwebs.com\/?post_type=product&#038;p=9127"},"modified":"2023-05-24T09:33:39","modified_gmt":"2023-05-24T01:33:39","slug":"suchi-box","status":"publish","type":"product","link":"https:\/\/www.wellongpack.com\/fr\/produit\/suchi-box\/","title":{"rendered":"Bo\u00eete de Suchi"},"content":{"rendered":"","protected":false},"excerpt":{"rendered":"<p>Ces bo\u00eetes \u00e0 sushis noires et brillantes sont la solution id\u00e9ale ! Ces bo\u00eetes en carton uniques sont pliables et ne prennent donc pas trop de place pour \u00eatre rang\u00e9es. Elles sont dot\u00e9es de fen\u00eatres transparentes sur le dessus pour mettre en valeur les sushis ou les aliments plac\u00e9s \u00e0 l'int\u00e9rieur. Ces bo\u00eetes \u00e0 sushis sont \u00e9galement dot\u00e9es d'une ouverture frontale plate unique pour faciliter le chargement et la d\u00e9gustation des sushis. Les bo\u00eetes ont un int\u00e9rieur blanc avec un rev\u00eatement r\u00e9sistant \u00e0 l'humidit\u00e9 et \u00e0 la graisse pour \u00e9viter que les aliments ne coulent pendant le transport.<\/p>","protected":false},"featured_media":9128,"comment_status":"open","ping_status":"closed","template":"","meta":[],"product_cat":[105],"product_tag":[],"class_list":["post-9127","product","type-product","status-publish","has-post-thumbnail","hentry","product_cat-fast-food-box"],"_links":{"self":[{"href":"https:\/\/www.wellongpack.com\/fr\/wp-json\/wp\/v2\/product\/9127","targetHints":{"allow":["GET"]}}],"collection":[{"href":"https:\/\/www.wellongpack.com\/fr\/wp-json\/wp\/v2\/product"}],"about":[{"href":"https:\/\/www.wellongpack.com\/fr\/wp-json\/wp\/v2\/types\/product"}],"replies":[{"embeddable":true,"href":"https:\/\/www.wellongpack.com\/fr\/wp-json\/wp\/v2\/comments?post=9127"}],"version-history":[{"count":1,"href":"https:\/\/www.wellongpack.com\/fr\/wp-json\/wp\/v2\/product\/9127\/revisions"}],"predecessor-version":[{"id":9131,"href":"https:\/\/www.wellongpack.com\/fr\/wp-json\/wp\/v2\/product\/9127\/revisions\/9131"}],"wp:featuredmedia":[{"embeddable":true,"href":"https:\/\/www.wellongpack.com\/fr\/wp-json\/wp\/v2\/media\/9128"}],"wp:attachment":[{"href":"https:\/\/www.wellongpack.com\/fr\/wp-json\/wp\/v2\/media?parent=9127"}],"wp:term":[{"taxonomy":"product_cat","embeddable":true,"href":"https:\/\/www.wellongpack.com\/fr\/wp-json\/wp\/v2\/product_cat?post=9127"},{"taxonomy":"product_tag","embeddable":true,"href":"https:\/\/www.wellongpack.com\/fr\/wp-json\/wp\/v2\/product_tag?post=9127"}],"curies":[{"name":"wp","href":"https:\/\/api.w.org\/{rel}","templated":true}]}}