
{"id":9112,"date":"2023-05-24T09:28:11","date_gmt":"2023-05-24T01:28:11","guid":{"rendered":"http:\/\/75.webs.svipwebs.com\/?post_type=product&#038;p=9112"},"modified":"2023-05-24T09:28:12","modified_gmt":"2023-05-24T01:28:12","slug":"lunch-box-3","status":"publish","type":"product","link":"https:\/\/www.wellongpack.com\/fr\/produit\/boite-a-lunch-3-2\/","title":{"rendered":"bo\u00eete \u00e0 lunch 3"},"content":{"rendered":"","protected":false},"excerpt":{"rendered":"<p>Id\u00e9ales pour les rouleaux de sushi, les sandwiches, les wraps, les frites, les p\u00e2tisseries et autres, ces bo\u00eetes \u00e0 emporter polyvalentes sont un moyen pratique et chic d'emballer toutes sortes de commandes de d\u00e9jeuners volumineux \u00e0 emporter. Les fen\u00eatres transparentes sur le dessus et le c\u00f4t\u00e9 de ces r\u00e9cipients permettent de mettre en valeur les d\u00e9licieuses commandes de repas \u00e0 l'int\u00e9rieur, tandis que la bo\u00eete en kraft de construction durable permet de conserver les aliments sains et intacts. Fabriqu\u00e9es \u00e0 partir de mat\u00e9riaux de qualit\u00e9, ces bo\u00eetes \u00e0 lunch en papier sont un moyen respectueux de l'environnement de servir des commandes de nourriture tout en limitant votre empreinte carbone.<\/p>","protected":false},"featured_media":9113,"comment_status":"open","ping_status":"closed","template":"","meta":[],"product_cat":[105],"product_tag":[],"class_list":["post-9112","product","type-product","status-publish","has-post-thumbnail","hentry","product_cat-fast-food-box"],"_links":{"self":[{"href":"https:\/\/www.wellongpack.com\/fr\/wp-json\/wp\/v2\/product\/9112","targetHints":{"allow":["GET"]}}],"collection":[{"href":"https:\/\/www.wellongpack.com\/fr\/wp-json\/wp\/v2\/product"}],"about":[{"href":"https:\/\/www.wellongpack.com\/fr\/wp-json\/wp\/v2\/types\/product"}],"replies":[{"embeddable":true,"href":"https:\/\/www.wellongpack.com\/fr\/wp-json\/wp\/v2\/comments?post=9112"}],"version-history":[{"count":1,"href":"https:\/\/www.wellongpack.com\/fr\/wp-json\/wp\/v2\/product\/9112\/revisions"}],"predecessor-version":[{"id":9116,"href":"https:\/\/www.wellongpack.com\/fr\/wp-json\/wp\/v2\/product\/9112\/revisions\/9116"}],"wp:featuredmedia":[{"embeddable":true,"href":"https:\/\/www.wellongpack.com\/fr\/wp-json\/wp\/v2\/media\/9113"}],"wp:attachment":[{"href":"https:\/\/www.wellongpack.com\/fr\/wp-json\/wp\/v2\/media?parent=9112"}],"wp:term":[{"taxonomy":"product_cat","embeddable":true,"href":"https:\/\/www.wellongpack.com\/fr\/wp-json\/wp\/v2\/product_cat?post=9112"},{"taxonomy":"product_tag","embeddable":true,"href":"https:\/\/www.wellongpack.com\/fr\/wp-json\/wp\/v2\/product_tag?post=9112"}],"curies":[{"name":"wp","href":"https:\/\/api.w.org\/{rel}","templated":true}]}}