
{"id":9098,"date":"2023-05-24T09:24:37","date_gmt":"2023-05-24T01:24:37","guid":{"rendered":"http:\/\/75.webs.svipwebs.com\/?post_type=product&#038;p=9098"},"modified":"2023-05-24T09:24:37","modified_gmt":"2023-05-24T01:24:37","slug":"lunch-box-1","status":"publish","type":"product","link":"https:\/\/www.wellongpack.com\/fr\/produit\/boite-a-lunch-1\/","title":{"rendered":"bo\u00eete \u00e0 lunch 1"},"content":{"rendered":"","protected":false},"excerpt":{"rendered":"<p>Nos bo\u00eetes pliantes en papier pour plats \u00e0 emporter sont un moyen simple et pratique d'emballer vos produits alimentaires pour les emporter ou les livrer. Ces bo\u00eetes rectangulaires d'une seule pi\u00e8ce sont dot\u00e9es de quatre rabats sup\u00e9rieurs qui se replient pour la fermeture et d'une languette de verrouillage sur le dessus pour assurer la s\u00e9curit\u00e9. Les bo\u00eetes sont fabriqu\u00e9es \u00e0 partir de carton robuste et l'int\u00e9rieur est dot\u00e9 d'une doublure en poly\u00e9thyl\u00e8ne qui emp\u00eache la graisse et l'humidit\u00e9 de s'infiltrer.<\/p>","protected":false},"featured_media":9099,"comment_status":"open","ping_status":"closed","template":"","meta":[],"product_cat":[105],"product_tag":[],"class_list":["post-9098","product","type-product","status-publish","has-post-thumbnail","hentry","product_cat-fast-food-box"],"_links":{"self":[{"href":"https:\/\/www.wellongpack.com\/fr\/wp-json\/wp\/v2\/product\/9098","targetHints":{"allow":["GET"]}}],"collection":[{"href":"https:\/\/www.wellongpack.com\/fr\/wp-json\/wp\/v2\/product"}],"about":[{"href":"https:\/\/www.wellongpack.com\/fr\/wp-json\/wp\/v2\/types\/product"}],"replies":[{"embeddable":true,"href":"https:\/\/www.wellongpack.com\/fr\/wp-json\/wp\/v2\/comments?post=9098"}],"version-history":[{"count":1,"href":"https:\/\/www.wellongpack.com\/fr\/wp-json\/wp\/v2\/product\/9098\/revisions"}],"predecessor-version":[{"id":9104,"href":"https:\/\/www.wellongpack.com\/fr\/wp-json\/wp\/v2\/product\/9098\/revisions\/9104"}],"wp:featuredmedia":[{"embeddable":true,"href":"https:\/\/www.wellongpack.com\/fr\/wp-json\/wp\/v2\/media\/9099"}],"wp:attachment":[{"href":"https:\/\/www.wellongpack.com\/fr\/wp-json\/wp\/v2\/media?parent=9098"}],"wp:term":[{"taxonomy":"product_cat","embeddable":true,"href":"https:\/\/www.wellongpack.com\/fr\/wp-json\/wp\/v2\/product_cat?post=9098"},{"taxonomy":"product_tag","embeddable":true,"href":"https:\/\/www.wellongpack.com\/fr\/wp-json\/wp\/v2\/product_tag?post=9098"}],"curies":[{"name":"wp","href":"https:\/\/api.w.org\/{rel}","templated":true}]}}