
{"id":9073,"date":"2023-05-24T09:16:27","date_gmt":"2023-05-24T01:16:27","guid":{"rendered":"http:\/\/75.webs.svipwebs.com\/?post_type=product&#038;p=9073"},"modified":"2023-05-24T09:16:27","modified_gmt":"2023-05-24T01:16:27","slug":"kraft-paper-round-bowl","status":"publish","type":"product","link":"https:\/\/www.wellongpack.com\/fr\/produit\/bol-rond-en-papier-kraft\/","title":{"rendered":"Bol rond en papier kraft"},"content":{"rendered":"","protected":false},"excerpt":{"rendered":"<p>Ce bol en papier kraft est id\u00e9al pour les aliments chauds et froids, les desserts et les accompagnements. Dot\u00e9 d'un int\u00e9rieur enduit de poly\u00e9thyl\u00e8ne, il est prot\u00e9g\u00e9 contre les fuites d'huile, de graisse ou de sauces. Le couvercle compatible (vendu s\u00e9par\u00e9ment) maintient les aliments en s\u00e9curit\u00e9 et les prot\u00e8ge pendant le transport.<\/p>","protected":false},"featured_media":9074,"comment_status":"open","ping_status":"closed","template":"","meta":[],"product_cat":[100],"product_tag":[],"class_list":["post-9073","product","type-product","status-publish","has-post-thumbnail","hentry","product_cat-paper-bowl-and-pot"],"_links":{"self":[{"href":"https:\/\/www.wellongpack.com\/fr\/wp-json\/wp\/v2\/product\/9073","targetHints":{"allow":["GET"]}}],"collection":[{"href":"https:\/\/www.wellongpack.com\/fr\/wp-json\/wp\/v2\/product"}],"about":[{"href":"https:\/\/www.wellongpack.com\/fr\/wp-json\/wp\/v2\/types\/product"}],"replies":[{"embeddable":true,"href":"https:\/\/www.wellongpack.com\/fr\/wp-json\/wp\/v2\/comments?post=9073"}],"version-history":[{"count":1,"href":"https:\/\/www.wellongpack.com\/fr\/wp-json\/wp\/v2\/product\/9073\/revisions"}],"predecessor-version":[{"id":9080,"href":"https:\/\/www.wellongpack.com\/fr\/wp-json\/wp\/v2\/product\/9073\/revisions\/9080"}],"wp:featuredmedia":[{"embeddable":true,"href":"https:\/\/www.wellongpack.com\/fr\/wp-json\/wp\/v2\/media\/9074"}],"wp:attachment":[{"href":"https:\/\/www.wellongpack.com\/fr\/wp-json\/wp\/v2\/media?parent=9073"}],"wp:term":[{"taxonomy":"product_cat","embeddable":true,"href":"https:\/\/www.wellongpack.com\/fr\/wp-json\/wp\/v2\/product_cat?post=9073"},{"taxonomy":"product_tag","embeddable":true,"href":"https:\/\/www.wellongpack.com\/fr\/wp-json\/wp\/v2\/product_tag?post=9073"}],"curies":[{"name":"wp","href":"https:\/\/api.w.org\/{rel}","templated":true}]}}