
{"id":9057,"date":"2023-05-24T09:13:51","date_gmt":"2023-05-24T01:13:51","guid":{"rendered":"http:\/\/75.webs.svipwebs.com\/?post_type=product&#038;p=9057"},"modified":"2023-05-24T09:13:52","modified_gmt":"2023-05-24T01:13:52","slug":"soup-pot","status":"publish","type":"product","link":"https:\/\/www.wellongpack.com\/fr\/produit\/marmite\/","title":{"rendered":"marmite de soupe"},"content":{"rendered":"","protected":false},"excerpt":{"rendered":"<p>Utilisez ce r\u00e9cipient pour servir tout ce que vous voulez, des soupes et rago\u00fbts aux accompagnements chauds les plus populaires et aux l\u00e9gumes cuits \u00e0 la vapeur. Il convient m\u00eame aux aliments froids comme la cr\u00e8me glac\u00e9e, le yaourt et le sorbet !<\/p>","protected":false},"featured_media":9058,"comment_status":"open","ping_status":"closed","template":"","meta":[],"product_cat":[101],"product_tag":[],"class_list":["post-9057","product","type-product","status-publish","has-post-thumbnail","hentry","product_cat-kraft-paper-pot"],"_links":{"self":[{"href":"https:\/\/www.wellongpack.com\/fr\/wp-json\/wp\/v2\/product\/9057","targetHints":{"allow":["GET"]}}],"collection":[{"href":"https:\/\/www.wellongpack.com\/fr\/wp-json\/wp\/v2\/product"}],"about":[{"href":"https:\/\/www.wellongpack.com\/fr\/wp-json\/wp\/v2\/types\/product"}],"replies":[{"embeddable":true,"href":"https:\/\/www.wellongpack.com\/fr\/wp-json\/wp\/v2\/comments?post=9057"}],"version-history":[{"count":1,"href":"https:\/\/www.wellongpack.com\/fr\/wp-json\/wp\/v2\/product\/9057\/revisions"}],"predecessor-version":[{"id":9064,"href":"https:\/\/www.wellongpack.com\/fr\/wp-json\/wp\/v2\/product\/9057\/revisions\/9064"}],"wp:featuredmedia":[{"embeddable":true,"href":"https:\/\/www.wellongpack.com\/fr\/wp-json\/wp\/v2\/media\/9058"}],"wp:attachment":[{"href":"https:\/\/www.wellongpack.com\/fr\/wp-json\/wp\/v2\/media?parent=9057"}],"wp:term":[{"taxonomy":"product_cat","embeddable":true,"href":"https:\/\/www.wellongpack.com\/fr\/wp-json\/wp\/v2\/product_cat?post=9057"},{"taxonomy":"product_tag","embeddable":true,"href":"https:\/\/www.wellongpack.com\/fr\/wp-json\/wp\/v2\/product_tag?post=9057"}],"curies":[{"name":"wp","href":"https:\/\/api.w.org\/{rel}","templated":true}]}}