
{"id":9012,"date":"2023-05-23T17:15:22","date_gmt":"2023-05-23T09:15:22","guid":{"rendered":"http:\/\/75.webs.svipwebs.com\/?post_type=product&#038;p=9012"},"modified":"2023-05-23T17:15:23","modified_gmt":"2023-05-23T09:15:23","slug":"sugarcane-meat-tray","status":"publish","type":"product","link":"https:\/\/www.wellongpack.com\/fr\/produit\/sugarcane-meat-tray\/","title":{"rendered":"Plateau de viande de canne \u00e0 sucre"},"content":{"rendered":"","protected":false},"excerpt":{"rendered":"<p>Cette barquette \u00e0 viande en bagasse est con\u00e7ue pour r\u00e9sister au trempage et est dot\u00e9e d'un rev\u00eatement \u00e0 base biologique qui emp\u00eache les fuites et pr\u00e9serve la fra\u00eecheur des aliments. Elle est suffisamment durable pour r\u00e9sister \u00e0 une grande vari\u00e9t\u00e9 de viandes et de consistances, tout en \u00e9tant commod\u00e9ment jetable. Id\u00e9ale pour les charcuteries, les \u00e9piceries et les restaurants \u00e0 emporter, cette barquette \u00e9cologique contribuera \u00e0 r\u00e9duire l'empreinte carbone de votre \u00e9tablissement.<\/p>","protected":false},"featured_media":9013,"comment_status":"open","ping_status":"closed","template":"","meta":[],"product_cat":[98],"product_tag":[],"class_list":["post-9012","product","type-product","status-publish","has-post-thumbnail","hentry","product_cat-bagasse-tray"],"_links":{"self":[{"href":"https:\/\/www.wellongpack.com\/fr\/wp-json\/wp\/v2\/product\/9012","targetHints":{"allow":["GET"]}}],"collection":[{"href":"https:\/\/www.wellongpack.com\/fr\/wp-json\/wp\/v2\/product"}],"about":[{"href":"https:\/\/www.wellongpack.com\/fr\/wp-json\/wp\/v2\/types\/product"}],"replies":[{"embeddable":true,"href":"https:\/\/www.wellongpack.com\/fr\/wp-json\/wp\/v2\/comments?post=9012"}],"version-history":[{"count":1,"href":"https:\/\/www.wellongpack.com\/fr\/wp-json\/wp\/v2\/product\/9012\/revisions"}],"predecessor-version":[{"id":9017,"href":"https:\/\/www.wellongpack.com\/fr\/wp-json\/wp\/v2\/product\/9012\/revisions\/9017"}],"wp:featuredmedia":[{"embeddable":true,"href":"https:\/\/www.wellongpack.com\/fr\/wp-json\/wp\/v2\/media\/9013"}],"wp:attachment":[{"href":"https:\/\/www.wellongpack.com\/fr\/wp-json\/wp\/v2\/media?parent=9012"}],"wp:term":[{"taxonomy":"product_cat","embeddable":true,"href":"https:\/\/www.wellongpack.com\/fr\/wp-json\/wp\/v2\/product_cat?post=9012"},{"taxonomy":"product_tag","embeddable":true,"href":"https:\/\/www.wellongpack.com\/fr\/wp-json\/wp\/v2\/product_tag?post=9012"}],"curies":[{"name":"wp","href":"https:\/\/api.w.org\/{rel}","templated":true}]}}