
{"id":8962,"date":"2023-05-23T17:07:04","date_gmt":"2023-05-23T09:07:04","guid":{"rendered":"http:\/\/75.webs.svipwebs.com\/?post_type=product&#038;p=8962"},"modified":"2023-05-23T17:07:04","modified_gmt":"2023-05-23T09:07:04","slug":"round-plate","status":"publish","type":"product","link":"https:\/\/www.wellongpack.com\/fr\/produit\/plaque-ronde\/","title":{"rendered":"plaque ronde"},"content":{"rendered":"","protected":false},"excerpt":{"rendered":"<p>Cette assiette en canne \u00e0 sucre \/ bagasse occupe moins d'espace de stockage que les autres solutions jetables et peut contenir des aliments plus lourds que le papier ou le polystyr\u00e8ne. D'un blanc \u00e9clatant, cette assiette s'adaptera \u00e0 presque tous les d\u00e9cors et th\u00e8mes de restaurants, tout en cr\u00e9ant une toile propre et fra\u00eeche pour n'importe quel type de nourriture.<\/p>","protected":false},"featured_media":8963,"comment_status":"open","ping_status":"closed","template":"","meta":[],"product_cat":[97],"product_tag":[],"class_list":["post-8962","product","type-product","status-publish","has-post-thumbnail","hentry","product_cat-bagasse-plate"],"_links":{"self":[{"href":"https:\/\/www.wellongpack.com\/fr\/wp-json\/wp\/v2\/product\/8962","targetHints":{"allow":["GET"]}}],"collection":[{"href":"https:\/\/www.wellongpack.com\/fr\/wp-json\/wp\/v2\/product"}],"about":[{"href":"https:\/\/www.wellongpack.com\/fr\/wp-json\/wp\/v2\/types\/product"}],"replies":[{"embeddable":true,"href":"https:\/\/www.wellongpack.com\/fr\/wp-json\/wp\/v2\/comments?post=8962"}],"version-history":[{"count":1,"href":"https:\/\/www.wellongpack.com\/fr\/wp-json\/wp\/v2\/product\/8962\/revisions"}],"predecessor-version":[{"id":8969,"href":"https:\/\/www.wellongpack.com\/fr\/wp-json\/wp\/v2\/product\/8962\/revisions\/8969"}],"wp:featuredmedia":[{"embeddable":true,"href":"https:\/\/www.wellongpack.com\/fr\/wp-json\/wp\/v2\/media\/8963"}],"wp:attachment":[{"href":"https:\/\/www.wellongpack.com\/fr\/wp-json\/wp\/v2\/media?parent=8962"}],"wp:term":[{"taxonomy":"product_cat","embeddable":true,"href":"https:\/\/www.wellongpack.com\/fr\/wp-json\/wp\/v2\/product_cat?post=8962"},{"taxonomy":"product_tag","embeddable":true,"href":"https:\/\/www.wellongpack.com\/fr\/wp-json\/wp\/v2\/product_tag?post=8962"}],"curies":[{"name":"wp","href":"https:\/\/api.w.org\/{rel}","templated":true}]}}