
{"id":8950,"date":"2023-05-23T17:04:33","date_gmt":"2023-05-23T09:04:33","guid":{"rendered":"http:\/\/75.webs.svipwebs.com\/?post_type=product&#038;p=8950"},"modified":"2023-06-12T12:03:45","modified_gmt":"2023-06-12T04:03:45","slug":"bagasse-egg-container","status":"publish","type":"product","link":"https:\/\/www.wellongpack.com\/fr\/produit\/conteneur-doeufs-en-bagasse\/","title":{"rendered":"Conteneur \u00e0 \u0153ufs en bagasse"},"content":{"rendered":"","protected":false},"excerpt":{"rendered":"<p><em>Les emballages en p\u00e2te \u00e0 papier recycl\u00e9e sont produits \u00e0 partir de mat\u00e9riaux biod\u00e9gradables. M\u00eame la coquille d'\u0153uf la plus solide peut se fissurer si elle n'est pas correctement prot\u00e9g\u00e9e. Les bo\u00eetes d'emballage d'\u0153ufs \u00e9cologiques de bonne qualit\u00e9 sont votre meilleur choix.<\/em><\/p>","protected":false},"featured_media":8951,"comment_status":"open","ping_status":"closed","template":"","meta":[],"product_cat":[91],"product_tag":[],"class_list":["post-8950","product","type-product","status-publish","has-post-thumbnail","hentry","product_cat-bagassesugarcane-products"],"_links":{"self":[{"href":"https:\/\/www.wellongpack.com\/fr\/wp-json\/wp\/v2\/product\/8950","targetHints":{"allow":["GET"]}}],"collection":[{"href":"https:\/\/www.wellongpack.com\/fr\/wp-json\/wp\/v2\/product"}],"about":[{"href":"https:\/\/www.wellongpack.com\/fr\/wp-json\/wp\/v2\/types\/product"}],"replies":[{"embeddable":true,"href":"https:\/\/www.wellongpack.com\/fr\/wp-json\/wp\/v2\/comments?post=8950"}],"version-history":[{"count":2,"href":"https:\/\/www.wellongpack.com\/fr\/wp-json\/wp\/v2\/product\/8950\/revisions"}],"predecessor-version":[{"id":10654,"href":"https:\/\/www.wellongpack.com\/fr\/wp-json\/wp\/v2\/product\/8950\/revisions\/10654"}],"wp:featuredmedia":[{"embeddable":true,"href":"https:\/\/www.wellongpack.com\/fr\/wp-json\/wp\/v2\/media\/8951"}],"wp:attachment":[{"href":"https:\/\/www.wellongpack.com\/fr\/wp-json\/wp\/v2\/media?parent=8950"}],"wp:term":[{"taxonomy":"product_cat","embeddable":true,"href":"https:\/\/www.wellongpack.com\/fr\/wp-json\/wp\/v2\/product_cat?post=8950"},{"taxonomy":"product_tag","embeddable":true,"href":"https:\/\/www.wellongpack.com\/fr\/wp-json\/wp\/v2\/product_tag?post=8950"}],"curies":[{"name":"wp","href":"https:\/\/api.w.org\/{rel}","templated":true}]}}